{"id":58918,"date":"2025-05-29T15:20:41","date_gmt":"2025-05-29T15:20:41","guid":{"rendered":"https:\/\/musabelliu.com\/product\/fundi-amirah\/"},"modified":"2026-03-02T17:12:15","modified_gmt":"2026-03-02T17:12:15","slug":"fundi-amirah","status":"publish","type":"product","link":"https:\/\/musabelliu.com\/sq\/produkt\/fundi-amirah\/","title":{"rendered":"Fundi Amirah"},"content":{"rendered":"<p>Cop\u00eb dantelle bezh\u00eb me tekstur\u00eb dhe model zig-zag t\u00eb bardh\u00eb. Krejt\u00ebsisht i veshur me astar n\u00eb ngjyr\u00eb mishi. Bel mesatar me prerje an\u00ebsore dhe detaj metalik ari me logo. Siluet\u00eb e ngusht\u00eb. E \u00e7ar\u00eb p\u00ebrpara. Gjat\u00ebsi deri n\u00eb dysheme.     <\/p>\n","protected":false},"excerpt":{"rendered":"<p>Cop\u00eb dantelle bezh\u00eb me tekstur\u00eb dhe model zig-zag t\u00eb bardh\u00eb. Krejt\u00ebsisht i veshur me astar n\u00eb ngjyr\u00eb mishi. Bel mesatar me prerje an\u00ebsore dhe detaj metalik ari me logo. Siluet\u00eb e ngusht\u00eb. E \u00e7ar\u00eb p\u00ebrpara. Gjat\u00ebsi deri n\u00eb dysheme.     <\/p>\n","protected":false},"featured_media":58924,"comment_status":"open","ping_status":"closed","template":"","meta":[],"product_brand":[],"product_cat":[292,305],"product_tag":[],"class_list":{"0":"post-58918","1":"product","2":"type-product","3":"status-publish","4":"has-post-thumbnail","6":"product_cat-femra","7":"product_cat-koleksioni-i-veres","10":"first","11":"instock","12":"taxable","13":"shipping-taxable","14":"purchasable","15":"product-type-variable"},"_links":{"self":[{"href":"https:\/\/musabelliu.com\/sq\/wp-json\/wp\/v2\/product\/58918","targetHints":{"allow":["GET"]}}],"collection":[{"href":"https:\/\/musabelliu.com\/sq\/wp-json\/wp\/v2\/product"}],"about":[{"href":"https:\/\/musabelliu.com\/sq\/wp-json\/wp\/v2\/types\/product"}],"replies":[{"embeddable":true,"href":"https:\/\/musabelliu.com\/sq\/wp-json\/wp\/v2\/comments?post=58918"}],"wp:featuredmedia":[{"embeddable":true,"href":"https:\/\/musabelliu.com\/sq\/wp-json\/wp\/v2\/media\/58924"}],"wp:attachment":[{"href":"https:\/\/musabelliu.com\/sq\/wp-json\/wp\/v2\/media?parent=58918"}],"wp:term":[{"taxonomy":"product_brand","embeddable":true,"href":"https:\/\/musabelliu.com\/sq\/wp-json\/wp\/v2\/product_brand?post=58918"},{"taxonomy":"product_cat","embeddable":true,"href":"https:\/\/musabelliu.com\/sq\/wp-json\/wp\/v2\/product_cat?post=58918"},{"taxonomy":"product_tag","embeddable":true,"href":"https:\/\/musabelliu.com\/sq\/wp-json\/wp\/v2\/product_tag?post=58918"}],"curies":[{"name":"wp","href":"https:\/\/api.w.org\/{rel}","templated":true}]}}