{"id":58899,"date":"2025-05-30T06:29:55","date_gmt":"2025-05-30T06:29:55","guid":{"rendered":"https:\/\/musabelliu.com\/product\/kompineson-sahla\/"},"modified":"2026-03-02T17:00:15","modified_gmt":"2026-03-02T17:00:15","slug":"kompineson-sahla","status":"publish","type":"product","link":"https:\/\/musabelliu.com\/sq\/produkt\/kompineson-sahla\/","title":{"rendered":"Kompineson Sahla"},"content":{"rendered":"<p>Kompineson asimetrik halter i punuar me pjes\u00eb t\u00eb prera n\u00eb diagonal p\u00ebr r\u00ebnie dhe l\u00ebvizje m\u00eb t\u00eb mir\u00eb. Ka dekolte me r\u00ebnie t\u00eb but\u00eb, siluet\u00eb me k\u00ebmb\u00eb t\u00eb gjera dhe nj\u00eb hapje n\u00eb supin e majt\u00eb me kops\u00eb dekorative dhe zinxhir t\u00eb fshehur prapa. Me rreshtim t\u00eb plot\u00eb.  <\/p>\n","protected":false},"excerpt":{"rendered":"<p>Kompineson asimetrik halter i punuar me pjes\u00eb t\u00eb prera n\u00eb diagonal p\u00ebr r\u00ebnie dhe l\u00ebvizje m\u00eb t\u00eb mir\u00eb. Ka dekolte me r\u00ebnie t\u00eb but\u00eb, siluet\u00eb me k\u00ebmb\u00eb t\u00eb gjera dhe nj\u00eb hapje n\u00eb supin e majt\u00eb me kops\u00eb dekorative dhe zinxhir t\u00eb fshehur prapa. Me rreshtim t\u00eb plot\u00eb.  <\/p>\n","protected":false},"featured_media":58909,"comment_status":"open","ping_status":"closed","template":"","meta":[],"product_brand":[],"product_cat":[292,305],"product_tag":[],"class_list":{"0":"post-58899","1":"product","2":"type-product","3":"status-publish","4":"has-post-thumbnail","6":"product_cat-femra","7":"product_cat-koleksioni-i-veres","10":"first","11":"instock","12":"taxable","13":"shipping-taxable","14":"purchasable","15":"product-type-variable"},"_links":{"self":[{"href":"https:\/\/musabelliu.com\/sq\/wp-json\/wp\/v2\/product\/58899","targetHints":{"allow":["GET"]}}],"collection":[{"href":"https:\/\/musabelliu.com\/sq\/wp-json\/wp\/v2\/product"}],"about":[{"href":"https:\/\/musabelliu.com\/sq\/wp-json\/wp\/v2\/types\/product"}],"replies":[{"embeddable":true,"href":"https:\/\/musabelliu.com\/sq\/wp-json\/wp\/v2\/comments?post=58899"}],"wp:featuredmedia":[{"embeddable":true,"href":"https:\/\/musabelliu.com\/sq\/wp-json\/wp\/v2\/media\/58909"}],"wp:attachment":[{"href":"https:\/\/musabelliu.com\/sq\/wp-json\/wp\/v2\/media?parent=58899"}],"wp:term":[{"taxonomy":"product_brand","embeddable":true,"href":"https:\/\/musabelliu.com\/sq\/wp-json\/wp\/v2\/product_brand?post=58899"},{"taxonomy":"product_cat","embeddable":true,"href":"https:\/\/musabelliu.com\/sq\/wp-json\/wp\/v2\/product_cat?post=58899"},{"taxonomy":"product_tag","embeddable":true,"href":"https:\/\/musabelliu.com\/sq\/wp-json\/wp\/v2\/product_tag?post=58899"}],"curies":[{"name":"wp","href":"https:\/\/api.w.org\/{rel}","templated":true}]}}