{"id":58884,"date":"2025-05-29T15:20:40","date_gmt":"2025-05-29T15:20:40","guid":{"rendered":"https:\/\/musabelliu.com\/product\/fustani-soleil\/"},"modified":"2026-03-02T17:10:39","modified_gmt":"2026-03-02T17:10:39","slug":"fustani-soleil","status":"publish","type":"product","link":"https:\/\/musabelliu.com\/sq\/produkt\/fustani-soleil\/","title":{"rendered":"Fustani Soleil"},"content":{"rendered":"<p>Fustan midi me rreshtim t\u00eb plot\u00eb, i pajisur me mbrojt\u00ebse p\u00ebr supet, zinxhir t\u00eb pasm\u00eb, xhep an\u00ebsor t\u00eb paduksh\u00ebm dhe t\u00eb \u00e7ar\u00eb p\u00ebrpara. Karakterizohet nga nj\u00eb prerje e strukturuar dhe nj\u00eb karfic\u00eb n\u00eb form\u00eb dielli n\u00eb dekolte. <\/p>\n","protected":false},"excerpt":{"rendered":"<p>Fustan midi me rreshtim t\u00eb plot\u00eb, i pajisur me mbrojt\u00ebse p\u00ebr supet, zinxhir t\u00eb pasm\u00eb, xhep an\u00ebsor t\u00eb paduksh\u00ebm dhe t\u00eb \u00e7ar\u00eb p\u00ebrpara. Karakterizohet nga nj\u00eb prerje e strukturuar dhe nj\u00eb karfic\u00eb n\u00eb form\u00eb dielli n\u00eb dekolte. <\/p>\n","protected":false},"featured_media":58890,"comment_status":"open","ping_status":"closed","template":"","meta":[],"product_brand":[],"product_cat":[292,305],"product_tag":[],"class_list":{"0":"post-58884","1":"product","2":"type-product","3":"status-publish","4":"has-post-thumbnail","6":"product_cat-femra","7":"product_cat-koleksioni-i-veres","10":"first","11":"onbackorder","12":"taxable","13":"shipping-taxable","14":"purchasable","15":"product-type-variable"},"_links":{"self":[{"href":"https:\/\/musabelliu.com\/sq\/wp-json\/wp\/v2\/product\/58884","targetHints":{"allow":["GET"]}}],"collection":[{"href":"https:\/\/musabelliu.com\/sq\/wp-json\/wp\/v2\/product"}],"about":[{"href":"https:\/\/musabelliu.com\/sq\/wp-json\/wp\/v2\/types\/product"}],"replies":[{"embeddable":true,"href":"https:\/\/musabelliu.com\/sq\/wp-json\/wp\/v2\/comments?post=58884"}],"wp:featuredmedia":[{"embeddable":true,"href":"https:\/\/musabelliu.com\/sq\/wp-json\/wp\/v2\/media\/58890"}],"wp:attachment":[{"href":"https:\/\/musabelliu.com\/sq\/wp-json\/wp\/v2\/media?parent=58884"}],"wp:term":[{"taxonomy":"product_brand","embeddable":true,"href":"https:\/\/musabelliu.com\/sq\/wp-json\/wp\/v2\/product_brand?post=58884"},{"taxonomy":"product_cat","embeddable":true,"href":"https:\/\/musabelliu.com\/sq\/wp-json\/wp\/v2\/product_cat?post=58884"},{"taxonomy":"product_tag","embeddable":true,"href":"https:\/\/musabelliu.com\/sq\/wp-json\/wp\/v2\/product_tag?post=58884"}],"curies":[{"name":"wp","href":"https:\/\/api.w.org\/{rel}","templated":true}]}}