{"id":58880,"date":"2025-05-30T12:32:45","date_gmt":"2025-05-30T12:32:45","guid":{"rendered":"https:\/\/musabelliu.com\/product\/cante-ruh\/"},"modified":"2026-03-02T16:44:51","modified_gmt":"2026-03-02T16:44:51","slug":"cante-ruh","status":"publish","type":"product","link":"https:\/\/musabelliu.com\/sq\/produkt\/cante-ruh\/","title":{"rendered":"\u00c7ant\u00eb RUH"},"content":{"rendered":"<p>Kjo \u00e7ant\u00eb dore drejtk\u00ebndore dhe e rafinuar \u00ebsht\u00eb punuar nga nj\u00eb p\u00eblhur\u00eb e teksturuar e ngjashme me lirin dhe p\u00ebrmban detaje delikate t\u00eb q\u00ebndisura me dor\u00eb. Mbyllet sigurt me nj\u00eb magnet diskret, duke ofruar eleganc\u00eb dhe prakticitet. Detajet delikate metalike t\u00eb mark\u00ebs n\u00eb t\u00eb dyja an\u00ebt plot\u00ebsojn\u00eb dizajnin e saj t\u00eb thjesht\u00eb por luksoz.  <\/p>\n","protected":false},"excerpt":{"rendered":"<p>Kjo \u00e7ant\u00eb dore drejtk\u00ebndore dhe e rafinuar \u00ebsht\u00eb punuar nga nj\u00eb p\u00eblhur\u00eb e teksturuar e ngjashme me lirin dhe p\u00ebrmban detaje delikate t\u00eb q\u00ebndisura me dor\u00eb. Mbyllet sigurt me nj\u00eb magnet diskret, duke ofruar eleganc\u00eb dhe prakticitet. Detajet delikate metalike t\u00eb mark\u00ebs n\u00eb t\u00eb dyja an\u00ebt plot\u00ebsojn\u00eb dizajnin e saj t\u00eb thjesht\u00eb por luksoz.  <\/p>\n","protected":false},"featured_media":58882,"comment_status":"open","ping_status":"closed","template":"","meta":[],"product_brand":[],"product_cat":[309,320,305],"product_tag":[],"class_list":{"0":"post-58880","1":"product","2":"type-product","3":"status-publish","4":"has-post-thumbnail","6":"product_cat-aksesore","7":"product_cat-canta","8":"product_cat-koleksioni-i-veres","11":"first","12":"instock","13":"taxable","14":"shipping-taxable","15":"purchasable","16":"product-type-simple"},"_links":{"self":[{"href":"https:\/\/musabelliu.com\/sq\/wp-json\/wp\/v2\/product\/58880","targetHints":{"allow":["GET"]}}],"collection":[{"href":"https:\/\/musabelliu.com\/sq\/wp-json\/wp\/v2\/product"}],"about":[{"href":"https:\/\/musabelliu.com\/sq\/wp-json\/wp\/v2\/types\/product"}],"replies":[{"embeddable":true,"href":"https:\/\/musabelliu.com\/sq\/wp-json\/wp\/v2\/comments?post=58880"}],"wp:featuredmedia":[{"embeddable":true,"href":"https:\/\/musabelliu.com\/sq\/wp-json\/wp\/v2\/media\/58882"}],"wp:attachment":[{"href":"https:\/\/musabelliu.com\/sq\/wp-json\/wp\/v2\/media?parent=58880"}],"wp:term":[{"taxonomy":"product_brand","embeddable":true,"href":"https:\/\/musabelliu.com\/sq\/wp-json\/wp\/v2\/product_brand?post=58880"},{"taxonomy":"product_cat","embeddable":true,"href":"https:\/\/musabelliu.com\/sq\/wp-json\/wp\/v2\/product_cat?post=58880"},{"taxonomy":"product_tag","embeddable":true,"href":"https:\/\/musabelliu.com\/sq\/wp-json\/wp\/v2\/product_tag?post=58880"}],"curies":[{"name":"wp","href":"https:\/\/api.w.org\/{rel}","templated":true}]}}