{"id":58872,"date":"2025-11-05T18:12:21","date_gmt":"2025-11-05T18:12:21","guid":{"rendered":"https:\/\/musabelliu.com\/product\/fustan-xhins-me-efekt-kamoshi\/"},"modified":"2026-03-02T16:44:50","modified_gmt":"2026-03-02T16:44:50","slug":"fustan-xhins-me-efekt-kamoshi","status":"publish","type":"product","link":"https:\/\/musabelliu.com\/sq\/produkt\/fustan-xhins-me-efekt-kamoshi\/","title":{"rendered":"Fustan xhins me efekt kamoshi"},"content":{"rendered":"<p>Nj\u00eb fustan midi i strukturuar, i punuar nga xhins i veshur me efekt kamoshi, me ije t\u00eb skulpturuara, siluet\u00eb laps e past\u00ebr dhe shpin\u00eb e hapur dhe e thell\u00eb. I kompletuar me detaje xhinsi n\u00eb kontrast, m\u00ebng\u00eb tre\u00e7erek\u00ebshe dhe nj\u00eb t\u00eb \u00e7ar\u00eb prapa p\u00ebr leht\u00ebsi l\u00ebvizjeje. Mbyllet me nj\u00eb zinxhir t\u00eb paduksh\u00ebm p\u00ebr nj\u00eb pamje t\u00eb l\u00ebmuar. I rafinuar, modern dhe arkitekturor pa mundim.<br \/>\n\u00e7mimi: 250   <\/p>\n","protected":false},"excerpt":{"rendered":"<p>Nj\u00eb fustan midi i strukturuar, i punuar nga xhins i veshur me efekt kamoshi, me ije t\u00eb skulpturuara, siluet\u00eb laps e past\u00ebr dhe shpin\u00eb e hapur dhe e thell\u00eb. I kompletuar me detaje xhinsi n\u00eb kontrast, m\u00ebng\u00eb tre\u00e7erek\u00ebshe dhe nj\u00eb t\u00eb \u00e7ar\u00eb prapa p\u00ebr leht\u00ebsi l\u00ebvizjeje. Mbyllet me nj\u00eb zinxhir t\u00eb paduksh\u00ebm p\u00ebr nj\u00eb pamje [&hellip;]<\/p>\n","protected":false},"featured_media":58873,"comment_status":"open","ping_status":"closed","template":"","meta":[],"product_brand":[],"product_cat":[292,306,307],"product_tag":[],"class_list":{"0":"post-58872","1":"product","2":"type-product","3":"status-publish","4":"has-post-thumbnail","6":"product_cat-femra","7":"product_cat-ready-to-wear","8":"product_cat-vjeshte-dimer-25-26","11":"first","12":"instock","13":"taxable","14":"shipping-taxable","15":"purchasable","16":"product-type-variable"},"_links":{"self":[{"href":"https:\/\/musabelliu.com\/sq\/wp-json\/wp\/v2\/product\/58872","targetHints":{"allow":["GET"]}}],"collection":[{"href":"https:\/\/musabelliu.com\/sq\/wp-json\/wp\/v2\/product"}],"about":[{"href":"https:\/\/musabelliu.com\/sq\/wp-json\/wp\/v2\/types\/product"}],"replies":[{"embeddable":true,"href":"https:\/\/musabelliu.com\/sq\/wp-json\/wp\/v2\/comments?post=58872"}],"wp:featuredmedia":[{"embeddable":true,"href":"https:\/\/musabelliu.com\/sq\/wp-json\/wp\/v2\/media\/58873"}],"wp:attachment":[{"href":"https:\/\/musabelliu.com\/sq\/wp-json\/wp\/v2\/media?parent=58872"}],"wp:term":[{"taxonomy":"product_brand","embeddable":true,"href":"https:\/\/musabelliu.com\/sq\/wp-json\/wp\/v2\/product_brand?post=58872"},{"taxonomy":"product_cat","embeddable":true,"href":"https:\/\/musabelliu.com\/sq\/wp-json\/wp\/v2\/product_cat?post=58872"},{"taxonomy":"product_tag","embeddable":true,"href":"https:\/\/musabelliu.com\/sq\/wp-json\/wp\/v2\/product_tag?post=58872"}],"curies":[{"name":"wp","href":"https:\/\/api.w.org\/{rel}","templated":true}]}}