{"id":58840,"date":"2025-05-29T15:20:41","date_gmt":"2025-05-29T15:20:41","guid":{"rendered":"https:\/\/musabelliu.com\/product\/pantallona-samira\/"},"modified":"2026-03-02T17:11:21","modified_gmt":"2026-03-02T17:11:21","slug":"pantallona-samira","status":"publish","type":"product","link":"https:\/\/musabelliu.com\/sq\/produkt\/pantallona-samira\/","title":{"rendered":"Pantallona Samira"},"content":{"rendered":"<p>Pantallona prej liri t\u00eb bardh\u00eb me bel t\u00eb lart\u00eb dhe prerje me k\u00ebmb\u00eb t\u00eb gjera, brez i strukturuar me palosje dhe xhepa p\u00ebrpara. Nj\u00eb logo delikate metalike n\u00eb ngjyr\u00eb ari thekson pjes\u00ebn e p\u00ebrparme, nd\u00ebrsa zinxhiri i paduksh\u00ebm n\u00eb pjes\u00ebn e pasme dhe kapaku i belit me maj\u00eb ofrojn\u00eb nj\u00eb p\u00ebrfundim t\u00eb rafinuar. <\/p>\n","protected":false},"excerpt":{"rendered":"<p>Pantallona prej liri t\u00eb bardh\u00eb me bel t\u00eb lart\u00eb dhe prerje me k\u00ebmb\u00eb t\u00eb gjera, brez i strukturuar me palosje dhe xhepa p\u00ebrpara. Nj\u00eb logo delikate metalike n\u00eb ngjyr\u00eb ari thekson pjes\u00ebn e p\u00ebrparme, nd\u00ebrsa zinxhiri i paduksh\u00ebm n\u00eb pjes\u00ebn e pasme dhe kapaku i belit me maj\u00eb ofrojn\u00eb nj\u00eb p\u00ebrfundim t\u00eb rafinuar. <\/p>\n","protected":false},"featured_media":58845,"comment_status":"open","ping_status":"closed","template":"","meta":[],"product_brand":[],"product_cat":[292,305],"product_tag":[],"class_list":{"0":"post-58840","1":"product","2":"type-product","3":"status-publish","4":"has-post-thumbnail","6":"product_cat-femra","7":"product_cat-koleksioni-i-veres","10":"first","11":"instock","12":"taxable","13":"shipping-taxable","14":"purchasable","15":"product-type-variable"},"_links":{"self":[{"href":"https:\/\/musabelliu.com\/sq\/wp-json\/wp\/v2\/product\/58840","targetHints":{"allow":["GET"]}}],"collection":[{"href":"https:\/\/musabelliu.com\/sq\/wp-json\/wp\/v2\/product"}],"about":[{"href":"https:\/\/musabelliu.com\/sq\/wp-json\/wp\/v2\/types\/product"}],"replies":[{"embeddable":true,"href":"https:\/\/musabelliu.com\/sq\/wp-json\/wp\/v2\/comments?post=58840"}],"wp:featuredmedia":[{"embeddable":true,"href":"https:\/\/musabelliu.com\/sq\/wp-json\/wp\/v2\/media\/58845"}],"wp:attachment":[{"href":"https:\/\/musabelliu.com\/sq\/wp-json\/wp\/v2\/media?parent=58840"}],"wp:term":[{"taxonomy":"product_brand","embeddable":true,"href":"https:\/\/musabelliu.com\/sq\/wp-json\/wp\/v2\/product_brand?post=58840"},{"taxonomy":"product_cat","embeddable":true,"href":"https:\/\/musabelliu.com\/sq\/wp-json\/wp\/v2\/product_cat?post=58840"},{"taxonomy":"product_tag","embeddable":true,"href":"https:\/\/musabelliu.com\/sq\/wp-json\/wp\/v2\/product_tag?post=58840"}],"curies":[{"name":"wp","href":"https:\/\/api.w.org\/{rel}","templated":true}]}}