{"id":58824,"date":"2025-05-29T15:20:40","date_gmt":"2025-05-29T15:20:40","guid":{"rendered":"https:\/\/musabelliu.com\/product\/shorte-noura-sail\/"},"modified":"2026-03-02T17:12:15","modified_gmt":"2026-03-02T17:12:15","slug":"shorte-noura-sail","status":"publish","type":"product","link":"https:\/\/musabelliu.com\/sq\/produkt\/shorte-noura-sail\/","title":{"rendered":"Shorte Noura Sail"},"content":{"rendered":"<p>Shorte prej popline t\u00eb but\u00eb me dy shtresa, me pala dhe darta p\u00ebrpara. Siluet\u00eb n\u00eb form\u00eb fundi. Mbyllje me zinxhir p\u00ebrpara dhe kops\u00eb metalike ngjyr\u00eb ari me logo. Shorte t\u00eb brendshme t\u00eb fshehura p\u00ebr mbulim.   <\/p>\n","protected":false},"excerpt":{"rendered":"<p>Shorte prej popline t\u00eb but\u00eb me dy shtresa, me pala dhe darta p\u00ebrpara. Siluet\u00eb n\u00eb form\u00eb fundi. Mbyllje me zinxhir p\u00ebrpara dhe kops\u00eb metalike ngjyr\u00eb ari me logo. Shorte t\u00eb brendshme t\u00eb fshehura p\u00ebr mbulim.   <\/p>\n","protected":false},"featured_media":58831,"comment_status":"open","ping_status":"closed","template":"","meta":[],"product_brand":[],"product_cat":[292,305],"product_tag":[],"class_list":{"0":"post-58824","1":"product","2":"type-product","3":"status-publish","4":"has-post-thumbnail","6":"product_cat-femra","7":"product_cat-koleksioni-i-veres","10":"first","11":"instock","12":"taxable","13":"shipping-taxable","14":"purchasable","15":"product-type-variable"},"_links":{"self":[{"href":"https:\/\/musabelliu.com\/sq\/wp-json\/wp\/v2\/product\/58824","targetHints":{"allow":["GET"]}}],"collection":[{"href":"https:\/\/musabelliu.com\/sq\/wp-json\/wp\/v2\/product"}],"about":[{"href":"https:\/\/musabelliu.com\/sq\/wp-json\/wp\/v2\/types\/product"}],"replies":[{"embeddable":true,"href":"https:\/\/musabelliu.com\/sq\/wp-json\/wp\/v2\/comments?post=58824"}],"wp:featuredmedia":[{"embeddable":true,"href":"https:\/\/musabelliu.com\/sq\/wp-json\/wp\/v2\/media\/58831"}],"wp:attachment":[{"href":"https:\/\/musabelliu.com\/sq\/wp-json\/wp\/v2\/media?parent=58824"}],"wp:term":[{"taxonomy":"product_brand","embeddable":true,"href":"https:\/\/musabelliu.com\/sq\/wp-json\/wp\/v2\/product_brand?post=58824"},{"taxonomy":"product_cat","embeddable":true,"href":"https:\/\/musabelliu.com\/sq\/wp-json\/wp\/v2\/product_cat?post=58824"},{"taxonomy":"product_tag","embeddable":true,"href":"https:\/\/musabelliu.com\/sq\/wp-json\/wp\/v2\/product_tag?post=58824"}],"curies":[{"name":"wp","href":"https:\/\/api.w.org\/{rel}","templated":true}]}}