{"id":58808,"date":"2025-05-30T12:32:45","date_gmt":"2025-05-30T12:32:45","guid":{"rendered":"https:\/\/musabelliu.com\/product\/voyage\/"},"modified":"2026-03-02T17:00:58","modified_gmt":"2026-03-02T17:00:58","slug":"voyage","status":"publish","type":"product","link":"https:\/\/musabelliu.com\/sq\/produkt\/voyage\/","title":{"rendered":"Voyage"},"content":{"rendered":"<p>Nj\u00eb kompas qiellor p\u00ebr muz\u00ebn moderne, kjo tak\u00eb stiletto 10 cm p\u00ebrshkon kufirin mes eleganc\u00ebs dhe simbolizmit. Punuar me rrjet\u00eb t\u00eb tejdukshme dhe rripa l\u00ebkure llak t\u00eb zez\u00eb, maja e saj e mpreht\u00eb shk\u00eblqen me rrezatim metalik, duke udh\u00ebhequr \u00e7do hap me vendosm\u00ebri. Q\u00ebndisja e art\u00eb shtrihet mbi maj\u00eb n\u00eb form\u00ebn e nj\u00eb kompasi \u2014 nj\u00eb emblem\u00eb e drejtimit dhe e fatit \u2014 nd\u00ebrsa n\u00ebnshkrimi i vet\u00eb dizajnerit \u00ebsht\u00eb q\u00ebndisur me delikates\u00eb n\u00eb rrjet\u00eb, si nj\u00eb p\u00ebshp\u00ebritje identiteti dhe arti. \u00c7do fije \u00ebsht\u00eb nj\u00eb zotim ndaj mjesht\u00ebris\u00eb, \u00e7do linj\u00eb nj\u00eb ftes\u00eb p\u00ebr lundrim \u2014 jo vet\u00ebm n\u00eb hap\u00ebsir\u00eb, por edhe n\u00eb vetvete. M\u00eb shum\u00eb se nj\u00eb k\u00ebpuc\u00eb, ajo \u00ebsht\u00eb nj\u00eb deklarat\u00eb: me q\u00ebllim, poetike dhe e gatshme p\u00ebr t\u00eb udh\u00ebhequr.    <\/p>\n","protected":false},"excerpt":{"rendered":"<p>Nj\u00eb kompas qiellor p\u00ebr muz\u00ebn moderne, kjo tak\u00eb stiletto 10 cm p\u00ebrshkon kufirin mes eleganc\u00ebs dhe simbolizmit. Punuar me rrjet\u00eb t\u00eb tejdukshme dhe rripa l\u00ebkure llak t\u00eb zez\u00eb, maja e saj e mpreht\u00eb shk\u00eblqen me rrezatim metalik, duke udh\u00ebhequr \u00e7do hap me vendosm\u00ebri. Q\u00ebndisja e art\u00eb shtrihet mbi maj\u00eb n\u00eb form\u00ebn e nj\u00eb kompasi \u2014 nj\u00eb emblem\u00eb e drejtimit dhe e fatit \u2014 nd\u00ebrsa n\u00ebnshkrimi i vet\u00eb dizajnerit \u00ebsht\u00eb q\u00ebndisur me delikates\u00eb n\u00eb rrjet\u00eb, si nj\u00eb p\u00ebshp\u00ebritje identiteti dhe arti. \u00c7do fije \u00ebsht\u00eb nj\u00eb zotim ndaj mjesht\u00ebris\u00eb, \u00e7do linj\u00eb nj\u00eb ftes\u00eb p\u00ebr lundrim \u2014 jo vet\u00ebm n\u00eb hap\u00ebsir\u00eb, por edhe n\u00eb vetvete. M\u00eb shum\u00eb se nj\u00eb k\u00ebpuc\u00eb, ajo \u00ebsht\u00eb nj\u00eb deklarat\u00eb: me q\u00ebllim, poetike dhe e gatshme p\u00ebr t\u00eb udh\u00ebhequr.    <\/p>\n","protected":false},"featured_media":58815,"comment_status":"open","ping_status":"closed","template":"","meta":[],"product_brand":[],"product_cat":[309,327,305],"product_tag":[],"class_list":{"0":"post-58808","1":"product","2":"type-product","3":"status-publish","4":"has-post-thumbnail","6":"product_cat-aksesore","7":"product_cat-kepuce","8":"product_cat-koleksioni-i-veres","11":"first","12":"instock","13":"taxable","14":"shipping-taxable","15":"purchasable","16":"product-type-variable"},"_links":{"self":[{"href":"https:\/\/musabelliu.com\/sq\/wp-json\/wp\/v2\/product\/58808","targetHints":{"allow":["GET"]}}],"collection":[{"href":"https:\/\/musabelliu.com\/sq\/wp-json\/wp\/v2\/product"}],"about":[{"href":"https:\/\/musabelliu.com\/sq\/wp-json\/wp\/v2\/types\/product"}],"replies":[{"embeddable":true,"href":"https:\/\/musabelliu.com\/sq\/wp-json\/wp\/v2\/comments?post=58808"}],"wp:featuredmedia":[{"embeddable":true,"href":"https:\/\/musabelliu.com\/sq\/wp-json\/wp\/v2\/media\/58815"}],"wp:attachment":[{"href":"https:\/\/musabelliu.com\/sq\/wp-json\/wp\/v2\/media?parent=58808"}],"wp:term":[{"taxonomy":"product_brand","embeddable":true,"href":"https:\/\/musabelliu.com\/sq\/wp-json\/wp\/v2\/product_brand?post=58808"},{"taxonomy":"product_cat","embeddable":true,"href":"https:\/\/musabelliu.com\/sq\/wp-json\/wp\/v2\/product_cat?post=58808"},{"taxonomy":"product_tag","embeddable":true,"href":"https:\/\/musabelliu.com\/sq\/wp-json\/wp\/v2\/product_tag?post=58808"}],"curies":[{"name":"wp","href":"https:\/\/api.w.org\/{rel}","templated":true}]}}