{"id":58804,"date":"2025-05-30T12:32:45","date_gmt":"2025-05-30T12:32:45","guid":{"rendered":"https:\/\/musabelliu.com\/product\/kapele-alia\/"},"modified":"2026-03-02T16:44:53","modified_gmt":"2026-03-02T16:44:53","slug":"kapele-alia","status":"publish","type":"product","link":"https:\/\/musabelliu.com\/sq\/produkt\/kapele-alia\/","title":{"rendered":"Kapele Alia"},"content":{"rendered":"<p>Kjo kapele skulpturore rimendon eleganc\u00ebn e siluetave vintage p\u00ebrmes nj\u00eb stili modern e minimalist. E punuar me p\u00eblhur\u00eb t\u00eb teksturuar n\u00eb ngjyr\u00eb r\u00ebre, ajo karakterizohet nga pala precize an\u00ebsore, q\u00eb i japin struktur\u00eb t\u00eb but\u00eb dhe l\u00ebvizje kuror\u00ebs s\u00eb saj t\u00eb rafinuar. <\/p>\n<p>E zbukuruar me nj\u00eb logo metalike diskrete n\u00eb baz\u00ebn e palave, ajo q\u00ebndron me hir mbi vetull.<\/p>\n","protected":false},"excerpt":{"rendered":"<p>Kjo kapele skulpturore rimendon eleganc\u00ebn e siluetave vintage p\u00ebrmes nj\u00eb stili modern e minimalist. E punuar me p\u00eblhur\u00eb t\u00eb teksturuar n\u00eb ngjyr\u00eb r\u00ebre, ajo karakterizohet nga pala precize an\u00ebsore, q\u00eb i japin struktur\u00eb t\u00eb but\u00eb dhe l\u00ebvizje kuror\u00ebs s\u00eb saj t\u00eb rafinuar. <\/p>\n<p>E zbukuruar me nj\u00eb logo metalike diskrete n\u00eb baz\u00ebn e palave, ajo q\u00ebndron me hir mbi vetull.<\/p>\n","protected":false},"featured_media":58805,"comment_status":"open","ping_status":"closed","template":"","meta":[],"product_brand":[],"product_cat":[309,321,305],"product_tag":[],"class_list":{"0":"post-58804","1":"product","2":"type-product","3":"status-publish","4":"has-post-thumbnail","6":"product_cat-aksesore","7":"product_cat-kapele","8":"product_cat-koleksioni-i-veres","11":"first","12":"instock","13":"taxable","14":"shipping-taxable","15":"purchasable","16":"product-type-simple"},"_links":{"self":[{"href":"https:\/\/musabelliu.com\/sq\/wp-json\/wp\/v2\/product\/58804","targetHints":{"allow":["GET"]}}],"collection":[{"href":"https:\/\/musabelliu.com\/sq\/wp-json\/wp\/v2\/product"}],"about":[{"href":"https:\/\/musabelliu.com\/sq\/wp-json\/wp\/v2\/types\/product"}],"replies":[{"embeddable":true,"href":"https:\/\/musabelliu.com\/sq\/wp-json\/wp\/v2\/comments?post=58804"}],"wp:featuredmedia":[{"embeddable":true,"href":"https:\/\/musabelliu.com\/sq\/wp-json\/wp\/v2\/media\/58805"}],"wp:attachment":[{"href":"https:\/\/musabelliu.com\/sq\/wp-json\/wp\/v2\/media?parent=58804"}],"wp:term":[{"taxonomy":"product_brand","embeddable":true,"href":"https:\/\/musabelliu.com\/sq\/wp-json\/wp\/v2\/product_brand?post=58804"},{"taxonomy":"product_cat","embeddable":true,"href":"https:\/\/musabelliu.com\/sq\/wp-json\/wp\/v2\/product_cat?post=58804"},{"taxonomy":"product_tag","embeddable":true,"href":"https:\/\/musabelliu.com\/sq\/wp-json\/wp\/v2\/product_tag?post=58804"}],"curies":[{"name":"wp","href":"https:\/\/api.w.org\/{rel}","templated":true}]}}