{"id":58791,"date":"2025-05-30T11:01:09","date_gmt":"2025-05-30T11:01:09","guid":{"rendered":"https:\/\/musabelliu.com\/product\/kemishe-asil\/"},"modified":"2026-03-02T17:08:09","modified_gmt":"2026-03-02T17:08:09","slug":"kemishe-asil","status":"publish","type":"product","link":"https:\/\/musabelliu.com\/sq\/produkt\/kemishe-asil\/","title":{"rendered":"K\u00ebmish\u00eb Asil"},"content":{"rendered":"<p>Kjo \u00ebsht\u00eb nj\u00eb k\u00ebmish\u00eb e bardh\u00eb e prer\u00eb me sakt\u00ebsi, e punuar nga poplin pambuku cil\u00ebsor. Ajo vjen me nj\u00eb jak\u00eb t\u00eb mpreht\u00eb, bel me pinseta p\u00ebr nj\u00eb siluet\u00eb t\u00eb form\u00ebsuar dhe m\u00ebng\u00eb t\u00eb gjata. Ve\u00e7oria kryesore \u00ebsht\u00eb rreshti i kopsave t\u00eb personalizuara me vrim\u00eb n\u00eb ngjyr\u00eb ari, q\u00eb i japin nj\u00eb prekje t\u00eb rafinuar dhe moderne k\u00ebtij elementi klasik.  <\/p>\n","protected":false},"excerpt":{"rendered":"<p>Kjo \u00ebsht\u00eb nj\u00eb k\u00ebmish\u00eb e bardh\u00eb e prer\u00eb me sakt\u00ebsi, e punuar nga poplin pambuku cil\u00ebsor. Ajo vjen me nj\u00eb jak\u00eb t\u00eb mpreht\u00eb, bel me pinseta p\u00ebr nj\u00eb siluet\u00eb t\u00eb form\u00ebsuar dhe m\u00ebng\u00eb t\u00eb gjata. Ve\u00e7oria kryesore \u00ebsht\u00eb rreshti i kopsave t\u00eb personalizuara me vrim\u00eb n\u00eb ngjyr\u00eb ari, q\u00eb i japin nj\u00eb prekje t\u00eb rafinuar dhe moderne k\u00ebtij elementi klasik.  <\/p>\n","protected":false},"featured_media":58795,"comment_status":"open","ping_status":"closed","template":"","meta":[],"product_brand":[],"product_cat":[292,305],"product_tag":[],"class_list":{"0":"post-58791","1":"product","2":"type-product","3":"status-publish","4":"has-post-thumbnail","6":"product_cat-femra","7":"product_cat-koleksioni-i-veres","10":"first","11":"instock","12":"taxable","13":"shipping-taxable","14":"purchasable","15":"product-type-variable"},"_links":{"self":[{"href":"https:\/\/musabelliu.com\/sq\/wp-json\/wp\/v2\/product\/58791","targetHints":{"allow":["GET"]}}],"collection":[{"href":"https:\/\/musabelliu.com\/sq\/wp-json\/wp\/v2\/product"}],"about":[{"href":"https:\/\/musabelliu.com\/sq\/wp-json\/wp\/v2\/types\/product"}],"replies":[{"embeddable":true,"href":"https:\/\/musabelliu.com\/sq\/wp-json\/wp\/v2\/comments?post=58791"}],"wp:featuredmedia":[{"embeddable":true,"href":"https:\/\/musabelliu.com\/sq\/wp-json\/wp\/v2\/media\/58795"}],"wp:attachment":[{"href":"https:\/\/musabelliu.com\/sq\/wp-json\/wp\/v2\/media?parent=58791"}],"wp:term":[{"taxonomy":"product_brand","embeddable":true,"href":"https:\/\/musabelliu.com\/sq\/wp-json\/wp\/v2\/product_brand?post=58791"},{"taxonomy":"product_cat","embeddable":true,"href":"https:\/\/musabelliu.com\/sq\/wp-json\/wp\/v2\/product_cat?post=58791"},{"taxonomy":"product_tag","embeddable":true,"href":"https:\/\/musabelliu.com\/sq\/wp-json\/wp\/v2\/product_tag?post=58791"}],"curies":[{"name":"wp","href":"https:\/\/api.w.org\/{rel}","templated":true}]}}