{"id":58774,"date":"2025-05-30T06:29:56","date_gmt":"2025-05-30T06:29:56","guid":{"rendered":"https:\/\/musabelliu.com\/product\/fustani-mayassa\/"},"modified":"2026-03-02T17:00:59","modified_gmt":"2026-03-02T17:00:59","slug":"fustani-mayassa","status":"publish","type":"product","link":"https:\/\/musabelliu.com\/sq\/produkt\/fustani-mayassa\/","title":{"rendered":"Fustani Mayassa"},"content":{"rendered":"<p>Ky fustan elegant pa rripa \u00ebsht\u00eb punuar me nj\u00eb korset t\u00eb integruar, i cili ofron struktur\u00eb dhe mb\u00ebshtetje p\u00ebrmes bustit t\u00eb skalitur me dekolte n\u00eb form\u00eb zemre. I krijuar nga stof i but\u00eb \u201educhess\u201c n\u00eb ngjyr\u00eb blu me shk\u00eblqim delikat, ai pason linjat e trupit p\u00ebr nj\u00eb siluet\u00eb mahnit\u00ebse. Nj\u00eb zinxhir i fshehur n\u00eb pjes\u00ebn e pasme siguron nj\u00eb mbyllje t\u00eb l\u00ebmuar, nd\u00ebrsa e \u00e7ara e holl\u00eb n\u00eb fund leht\u00ebson l\u00ebvizjen. Korseti mbetet i paduksh\u00ebm n\u00ebn linjat e rrjedhshme t\u00eb cop\u00ebs, nd\u00ebrsa logoja e vog\u00ebl metalike n\u00ebn bust shton nj\u00eb detaj t\u00eb rafinuar.   <\/p>\n","protected":false},"excerpt":{"rendered":"<p>Ky fustan elegant pa rripa \u00ebsht\u00eb punuar me nj\u00eb korset t\u00eb integruar, i cili ofron struktur\u00eb dhe mb\u00ebshtetje p\u00ebrmes bustit t\u00eb skalitur me dekolte n\u00eb form\u00eb zemre. I krijuar nga stof i but\u00eb \u201educhess\u201c n\u00eb ngjyr\u00eb blu me shk\u00eblqim delikat, ai pason linjat e trupit p\u00ebr nj\u00eb siluet\u00eb mahnit\u00ebse. Nj\u00eb zinxhir i fshehur n\u00eb pjes\u00ebn e pasme siguron nj\u00eb mbyllje t\u00eb l\u00ebmuar, nd\u00ebrsa e \u00e7ara e holl\u00eb n\u00eb fund leht\u00ebson l\u00ebvizjen. Korseti mbetet i paduksh\u00ebm n\u00ebn linjat e rrjedhshme t\u00eb cop\u00ebs, nd\u00ebrsa logoja e vog\u00ebl metalike n\u00ebn bust shton nj\u00eb detaj t\u00eb rafinuar.   <\/p>\n","protected":false},"featured_media":58782,"comment_status":"open","ping_status":"closed","template":"","meta":[],"product_brand":[],"product_cat":[292,305],"product_tag":[],"class_list":{"0":"post-58774","1":"product","2":"type-product","3":"status-publish","4":"has-post-thumbnail","6":"product_cat-femra","7":"product_cat-koleksioni-i-veres","10":"first","11":"instock","12":"taxable","13":"shipping-taxable","14":"purchasable","15":"product-type-variable"},"_links":{"self":[{"href":"https:\/\/musabelliu.com\/sq\/wp-json\/wp\/v2\/product\/58774","targetHints":{"allow":["GET"]}}],"collection":[{"href":"https:\/\/musabelliu.com\/sq\/wp-json\/wp\/v2\/product"}],"about":[{"href":"https:\/\/musabelliu.com\/sq\/wp-json\/wp\/v2\/types\/product"}],"replies":[{"embeddable":true,"href":"https:\/\/musabelliu.com\/sq\/wp-json\/wp\/v2\/comments?post=58774"}],"wp:featuredmedia":[{"embeddable":true,"href":"https:\/\/musabelliu.com\/sq\/wp-json\/wp\/v2\/media\/58782"}],"wp:attachment":[{"href":"https:\/\/musabelliu.com\/sq\/wp-json\/wp\/v2\/media?parent=58774"}],"wp:term":[{"taxonomy":"product_brand","embeddable":true,"href":"https:\/\/musabelliu.com\/sq\/wp-json\/wp\/v2\/product_brand?post=58774"},{"taxonomy":"product_cat","embeddable":true,"href":"https:\/\/musabelliu.com\/sq\/wp-json\/wp\/v2\/product_cat?post=58774"},{"taxonomy":"product_tag","embeddable":true,"href":"https:\/\/musabelliu.com\/sq\/wp-json\/wp\/v2\/product_tag?post=58774"}],"curies":[{"name":"wp","href":"https:\/\/api.w.org\/{rel}","templated":true}]}}