{"id":58758,"date":"2025-05-30T06:29:53","date_gmt":"2025-05-30T06:29:53","guid":{"rendered":"https:\/\/musabelliu.com\/product\/jelek-corsair\/"},"modified":"2026-03-02T16:59:47","modified_gmt":"2026-03-02T16:59:47","slug":"jelek-corsair","status":"publish","type":"product","link":"https:\/\/musabelliu.com\/sq\/produkt\/jelek-corsair\/","title":{"rendered":"Jelek Corsair"},"content":{"rendered":"<p>Ky jelek i qepur pa m\u00ebng\u00eb \u00ebsht\u00eb realizuar nga stof pambuku i bardh\u00eb dhe \u00ebsht\u00eb plot\u00ebsisht i veshur me astar p\u00ebr nj\u00eb p\u00ebrshtatje t\u00eb past\u00ebr dhe t\u00eb strukturuar. Me nj\u00eb dekolte t\u00eb thell\u00eb t\u00eb rrethuar nga nj\u00eb shirit kontrastues blu e err\u00ebt, ai mb\u00ebrthehet p\u00ebrpara me nj\u00eb kap\u00ebse karakteristike t\u00eb zbukuruar me gur\u00eb. Hapja \u00ebsht\u00eb funksionale dhe ndodhet n\u00eb pjes\u00ebn e p\u00ebrparme. I dizajnuar me pinca skulpturore dhe nj\u00eb an\u00eb t\u00eb poshtme t\u00eb lakuar, ai krijon nj\u00eb siluet\u00eb t\u00eb rafinuar n\u00eb form\u00eb ore r\u00ebre.   <\/p>\n","protected":false},"excerpt":{"rendered":"<p>Ky jelek i qepur pa m\u00ebng\u00eb \u00ebsht\u00eb realizuar nga stof pambuku i bardh\u00eb dhe \u00ebsht\u00eb plot\u00ebsisht i veshur me astar p\u00ebr nj\u00eb p\u00ebrshtatje t\u00eb past\u00ebr dhe t\u00eb strukturuar. Me nj\u00eb dekolte t\u00eb thell\u00eb t\u00eb rrethuar nga nj\u00eb shirit kontrastues blu e err\u00ebt, ai mb\u00ebrthehet p\u00ebrpara me nj\u00eb kap\u00ebse karakteristike t\u00eb zbukuruar me gur\u00eb. Hapja \u00ebsht\u00eb funksionale dhe ndodhet n\u00eb pjes\u00ebn e p\u00ebrparme. I dizajnuar me pinca skulpturore dhe nj\u00eb an\u00eb t\u00eb poshtme t\u00eb lakuar, ai krijon nj\u00eb siluet\u00eb t\u00eb rafinuar n\u00eb form\u00eb ore r\u00ebre.   <\/p>\n","protected":false},"featured_media":58765,"comment_status":"open","ping_status":"closed","template":"","meta":[],"product_brand":[],"product_cat":[292,305],"product_tag":[],"class_list":{"0":"post-58758","1":"product","2":"type-product","3":"status-publish","4":"has-post-thumbnail","6":"product_cat-femra","7":"product_cat-koleksioni-i-veres","10":"first","11":"instock","12":"taxable","13":"shipping-taxable","14":"purchasable","15":"product-type-variable"},"_links":{"self":[{"href":"https:\/\/musabelliu.com\/sq\/wp-json\/wp\/v2\/product\/58758","targetHints":{"allow":["GET"]}}],"collection":[{"href":"https:\/\/musabelliu.com\/sq\/wp-json\/wp\/v2\/product"}],"about":[{"href":"https:\/\/musabelliu.com\/sq\/wp-json\/wp\/v2\/types\/product"}],"replies":[{"embeddable":true,"href":"https:\/\/musabelliu.com\/sq\/wp-json\/wp\/v2\/comments?post=58758"}],"wp:featuredmedia":[{"embeddable":true,"href":"https:\/\/musabelliu.com\/sq\/wp-json\/wp\/v2\/media\/58765"}],"wp:attachment":[{"href":"https:\/\/musabelliu.com\/sq\/wp-json\/wp\/v2\/media?parent=58758"}],"wp:term":[{"taxonomy":"product_brand","embeddable":true,"href":"https:\/\/musabelliu.com\/sq\/wp-json\/wp\/v2\/product_brand?post=58758"},{"taxonomy":"product_cat","embeddable":true,"href":"https:\/\/musabelliu.com\/sq\/wp-json\/wp\/v2\/product_cat?post=58758"},{"taxonomy":"product_tag","embeddable":true,"href":"https:\/\/musabelliu.com\/sq\/wp-json\/wp\/v2\/product_tag?post=58758"}],"curies":[{"name":"wp","href":"https:\/\/api.w.org\/{rel}","templated":true}]}}