{"id":58740,"date":"2025-05-30T06:29:53","date_gmt":"2025-05-30T06:29:53","guid":{"rendered":"https:\/\/musabelliu.com\/product\/kemishe-talia\/"},"modified":"2026-03-02T17:00:21","modified_gmt":"2026-03-02T17:00:21","slug":"kemishe-talia","status":"publish","type":"product","link":"https:\/\/musabelliu.com\/sq\/produkt\/kemishe-talia\/","title":{"rendered":"K\u00ebmish\u00eb Talia"},"content":{"rendered":"<p>E punuar nga nj\u00eb p\u00ebrzierje pambuku e but\u00eb dhe elastike, plot\u00ebsisht e veshur me astar p\u00ebr struktur\u00eb dhe komoditet, kjo k\u00ebmish\u00eb nd\u00ebrthur thjesht\u00ebsin\u00eb me eleganc\u00ebn. Konstruksioni i m\u00ebng\u00ebve pa qepje rrjedh natyrsh\u00ebm nga shpatullat, duke krijuar nj\u00eb siluet\u00eb t\u00eb lirshme. Dekolteja e thell\u00eb V lidhet me nj\u00eb brez t\u00eb gjer\u00eb me pala\u2014i fiksuar n\u00eb an\u00ebn e djatht\u00eb, nd\u00ebrsa ana e majt\u00eb mb\u00ebshtillet dhe mb\u00ebrthehet p\u00ebrpara me \u00e7engela diskret\u00eb. Fundi i zgjatur i brezit mbetet i lir\u00eb, duke i dh\u00ebn\u00eb l\u00ebvizje veshjes n\u00ebn bel. Nj\u00eb detaj delikat i logos n\u00eb ton ari n\u00eb kraharor ofron nj\u00eb mbyllje karakteristike. T\u00eb gjitha skajet jan\u00eb t\u00eb punuara me sakt\u00ebsi p\u00ebr nj\u00eb pamje t\u00eb rafinuar brenda dhe jasht\u00eb.     <\/p>\n","protected":false},"excerpt":{"rendered":"<p>E punuar nga nj\u00eb p\u00ebrzierje pambuku e but\u00eb dhe elastike, plot\u00ebsisht e veshur me astar p\u00ebr struktur\u00eb dhe komoditet, kjo k\u00ebmish\u00eb nd\u00ebrthur thjesht\u00ebsin\u00eb me eleganc\u00ebn. Konstruksioni i m\u00ebng\u00ebve pa qepje rrjedh natyrsh\u00ebm nga shpatullat, duke krijuar nj\u00eb siluet\u00eb t\u00eb lirshme. Dekolteja e thell\u00eb V lidhet me nj\u00eb brez t\u00eb gjer\u00eb me pala\u2014i fiksuar n\u00eb an\u00ebn e djatht\u00eb, nd\u00ebrsa ana e majt\u00eb mb\u00ebshtillet dhe mb\u00ebrthehet p\u00ebrpara me \u00e7engela diskret\u00eb. Fundi i zgjatur i brezit mbetet i lir\u00eb, duke i dh\u00ebn\u00eb l\u00ebvizje veshjes n\u00ebn bel. Nj\u00eb detaj delikat i logos n\u00eb ton ari n\u00eb kraharor ofron nj\u00eb mbyllje karakteristike. T\u00eb gjitha skajet jan\u00eb t\u00eb punuara me sakt\u00ebsi p\u00ebr nj\u00eb pamje t\u00eb rafinuar brenda dhe jasht\u00eb.     <\/p>\n","protected":false},"featured_media":58749,"comment_status":"open","ping_status":"closed","template":"","meta":[],"product_brand":[],"product_cat":[292,305],"product_tag":[],"class_list":{"0":"post-58740","1":"product","2":"type-product","3":"status-publish","4":"has-post-thumbnail","6":"product_cat-femra","7":"product_cat-koleksioni-i-veres","10":"first","11":"instock","12":"taxable","13":"shipping-taxable","14":"purchasable","15":"product-type-variable"},"_links":{"self":[{"href":"https:\/\/musabelliu.com\/sq\/wp-json\/wp\/v2\/product\/58740","targetHints":{"allow":["GET"]}}],"collection":[{"href":"https:\/\/musabelliu.com\/sq\/wp-json\/wp\/v2\/product"}],"about":[{"href":"https:\/\/musabelliu.com\/sq\/wp-json\/wp\/v2\/types\/product"}],"replies":[{"embeddable":true,"href":"https:\/\/musabelliu.com\/sq\/wp-json\/wp\/v2\/comments?post=58740"}],"wp:featuredmedia":[{"embeddable":true,"href":"https:\/\/musabelliu.com\/sq\/wp-json\/wp\/v2\/media\/58749"}],"wp:attachment":[{"href":"https:\/\/musabelliu.com\/sq\/wp-json\/wp\/v2\/media?parent=58740"}],"wp:term":[{"taxonomy":"product_brand","embeddable":true,"href":"https:\/\/musabelliu.com\/sq\/wp-json\/wp\/v2\/product_brand?post=58740"},{"taxonomy":"product_cat","embeddable":true,"href":"https:\/\/musabelliu.com\/sq\/wp-json\/wp\/v2\/product_cat?post=58740"},{"taxonomy":"product_tag","embeddable":true,"href":"https:\/\/musabelliu.com\/sq\/wp-json\/wp\/v2\/product_tag?post=58740"}],"curies":[{"name":"wp","href":"https:\/\/api.w.org\/{rel}","templated":true}]}}