{"id":58727,"date":"2025-05-30T11:01:08","date_gmt":"2025-05-30T11:01:08","guid":{"rendered":"https:\/\/musabelliu.com\/product\/pantallona-luma\/"},"modified":"2026-03-02T17:00:13","modified_gmt":"2026-03-02T17:00:13","slug":"pantallona-luma","status":"publish","type":"product","link":"https:\/\/musabelliu.com\/sq\/produkt\/pantallona-luma\/","title":{"rendered":"Pantallona LUMA"},"content":{"rendered":"<p>K\u00ebto pantallona klasike n\u00eb ngjyr\u00eb t\u00eb verdh\u00eb limoni kan\u00eb nj\u00eb brez me prerje t\u00eb shkurt\u00ebr q\u00eb q\u00ebndron mbi ije, duke ofruar nj\u00eb siluet\u00eb moderne. Copa ka nj\u00eb shk\u00eblqim t\u00eb but\u00eb dhe vjen me tegel t\u00eb theksuar p\u00ebrpara p\u00ebr nj\u00eb pamje elegante dhe t\u00eb zgjatur. Me prerje t\u00eb drejt\u00eb dhe nj\u00eb zgjerim t\u00eb leht\u00eb n\u00eb fund, ato p\u00ebrfshijn\u00eb xhepa an\u00ebsor\u00eb dhe nj\u00eb zinxhir t\u00eb fshehur prapa p\u00ebr nj\u00eb mbyllje t\u00eb past\u00ebr. Detaji i logos \u201eMUSABELLIU\u201c n\u00eb ngjyr\u00eb ari n\u00eb brez shton nj\u00eb prekje t\u00eb rafinuar dhe unike.   <\/p>\n","protected":false},"excerpt":{"rendered":"<p>K\u00ebto pantallona klasike n\u00eb ngjyr\u00eb t\u00eb verdh\u00eb limoni kan\u00eb nj\u00eb brez me prerje t\u00eb shkurt\u00ebr q\u00eb q\u00ebndron mbi ije, duke ofruar nj\u00eb siluet\u00eb moderne. Copa ka nj\u00eb shk\u00eblqim t\u00eb but\u00eb dhe vjen me tegel t\u00eb theksuar p\u00ebrpara p\u00ebr nj\u00eb pamje elegante dhe t\u00eb zgjatur. Me prerje t\u00eb drejt\u00eb dhe nj\u00eb zgjerim t\u00eb leht\u00eb n\u00eb fund, ato p\u00ebrfshijn\u00eb xhepa an\u00ebsor\u00eb dhe nj\u00eb zinxhir t\u00eb fshehur prapa p\u00ebr nj\u00eb mbyllje t\u00eb past\u00ebr. Detaji i logos \u201eMUSABELLIU\u201c n\u00eb ngjyr\u00eb ari n\u00eb brez shton nj\u00eb prekje t\u00eb rafinuar dhe unike.   <\/p>\n","protected":false},"featured_media":58733,"comment_status":"open","ping_status":"closed","template":"","meta":[],"product_brand":[],"product_cat":[292,305],"product_tag":[],"class_list":{"0":"post-58727","1":"product","2":"type-product","3":"status-publish","4":"has-post-thumbnail","6":"product_cat-femra","7":"product_cat-koleksioni-i-veres","10":"first","11":"outofstock","12":"taxable","13":"shipping-taxable","14":"purchasable","15":"product-type-variable"},"_links":{"self":[{"href":"https:\/\/musabelliu.com\/sq\/wp-json\/wp\/v2\/product\/58727","targetHints":{"allow":["GET"]}}],"collection":[{"href":"https:\/\/musabelliu.com\/sq\/wp-json\/wp\/v2\/product"}],"about":[{"href":"https:\/\/musabelliu.com\/sq\/wp-json\/wp\/v2\/types\/product"}],"replies":[{"embeddable":true,"href":"https:\/\/musabelliu.com\/sq\/wp-json\/wp\/v2\/comments?post=58727"}],"wp:featuredmedia":[{"embeddable":true,"href":"https:\/\/musabelliu.com\/sq\/wp-json\/wp\/v2\/media\/58733"}],"wp:attachment":[{"href":"https:\/\/musabelliu.com\/sq\/wp-json\/wp\/v2\/media?parent=58727"}],"wp:term":[{"taxonomy":"product_brand","embeddable":true,"href":"https:\/\/musabelliu.com\/sq\/wp-json\/wp\/v2\/product_brand?post=58727"},{"taxonomy":"product_cat","embeddable":true,"href":"https:\/\/musabelliu.com\/sq\/wp-json\/wp\/v2\/product_cat?post=58727"},{"taxonomy":"product_tag","embeddable":true,"href":"https:\/\/musabelliu.com\/sq\/wp-json\/wp\/v2\/product_tag?post=58727"}],"curies":[{"name":"wp","href":"https:\/\/api.w.org\/{rel}","templated":true}]}}