{"id":58713,"date":"2025-05-30T11:01:05","date_gmt":"2025-05-30T11:01:05","guid":{"rendered":"https:\/\/musabelliu.com\/product\/top-zina\/"},"modified":"2026-03-02T17:00:14","modified_gmt":"2026-03-02T17:00:14","slug":"top-zina","status":"publish","type":"product","link":"https:\/\/musabelliu.com\/sq\/produkt\/top-zina\/","title":{"rendered":"Top Zina"},"content":{"rendered":"<p>Nj\u00eb top elegant i zi me lidhje pas qafe, me dekolte me r\u00ebnie t\u00eb but\u00eb dhe prerje \u201eracerback\u201c. Punuar nga nj\u00eb p\u00eblhur\u00eb me shk\u00eblqim delikat, ai ofron struktur\u00eb dhe rrjedhshm\u00ebri. Nj\u00eb detaj i logos n\u00eb ngjyr\u00eb ari n\u00eb kraharor shton nj\u00eb akcent t\u00eb rafinuar. Me gjat\u00ebsi deri te ijet p\u00ebr nj\u00eb stilim t\u00eb leht\u00eb.   <\/p>\n","protected":false},"excerpt":{"rendered":"<p>Nj\u00eb top elegant i zi me lidhje pas qafe, me dekolte me r\u00ebnie t\u00eb but\u00eb dhe prerje \u201eracerback\u201c. Punuar nga nj\u00eb p\u00eblhur\u00eb me shk\u00eblqim delikat, ai ofron struktur\u00eb dhe rrjedhshm\u00ebri. Nj\u00eb detaj i logos n\u00eb ngjyr\u00eb ari n\u00eb kraharor shton nj\u00eb akcent t\u00eb rafinuar. Me gjat\u00ebsi deri te ijet p\u00ebr nj\u00eb stilim t\u00eb leht\u00eb.   <\/p>\n","protected":false},"featured_media":58719,"comment_status":"open","ping_status":"closed","template":"","meta":[],"product_brand":[],"product_cat":[292,305],"product_tag":[],"class_list":{"0":"post-58713","1":"product","2":"type-product","3":"status-publish","4":"has-post-thumbnail","6":"product_cat-femra","7":"product_cat-koleksioni-i-veres","10":"first","11":"instock","12":"taxable","13":"shipping-taxable","14":"purchasable","15":"product-type-variable"},"_links":{"self":[{"href":"https:\/\/musabelliu.com\/sq\/wp-json\/wp\/v2\/product\/58713","targetHints":{"allow":["GET"]}}],"collection":[{"href":"https:\/\/musabelliu.com\/sq\/wp-json\/wp\/v2\/product"}],"about":[{"href":"https:\/\/musabelliu.com\/sq\/wp-json\/wp\/v2\/types\/product"}],"replies":[{"embeddable":true,"href":"https:\/\/musabelliu.com\/sq\/wp-json\/wp\/v2\/comments?post=58713"}],"wp:featuredmedia":[{"embeddable":true,"href":"https:\/\/musabelliu.com\/sq\/wp-json\/wp\/v2\/media\/58719"}],"wp:attachment":[{"href":"https:\/\/musabelliu.com\/sq\/wp-json\/wp\/v2\/media?parent=58713"}],"wp:term":[{"taxonomy":"product_brand","embeddable":true,"href":"https:\/\/musabelliu.com\/sq\/wp-json\/wp\/v2\/product_brand?post=58713"},{"taxonomy":"product_cat","embeddable":true,"href":"https:\/\/musabelliu.com\/sq\/wp-json\/wp\/v2\/product_cat?post=58713"},{"taxonomy":"product_tag","embeddable":true,"href":"https:\/\/musabelliu.com\/sq\/wp-json\/wp\/v2\/product_tag?post=58713"}],"curies":[{"name":"wp","href":"https:\/\/api.w.org\/{rel}","templated":true}]}}