{"id":58705,"date":"2025-11-12T13:43:00","date_gmt":"2025-11-12T13:43:00","guid":{"rendered":"https:\/\/musabelliu.com\/product\/pallto-dopio-pete-prej-veluri-leshi\/"},"modified":"2026-03-02T16:44:51","modified_gmt":"2026-03-02T16:44:51","slug":"pallto-dopio-pete-prej-veluri-leshi","status":"publish","type":"product","link":"https:\/\/musabelliu.com\/sq\/produkt\/pallto-dopio-pete-prej-veluri-leshi\/","title":{"rendered":"Pallto dopio-pet\u00eb prej veluri leshi"},"content":{"rendered":"<p>E punuar n\u00eb nj\u00eb nuanc\u00eb t\u00eb rafinuar menteje t\u00eb hapur, kjo pallto e strukturuar dopio-pet\u00eb paraqet nj\u00eb jak\u00eb t\u00eb gjer\u00eb me rreze dhe linja t\u00eb pastra minimaliste. Pjesa e p\u00ebrparme \u00ebsht\u00eb e detajuar me kopshta t\u00eb veshura me t\u00eb nj\u00ebjt\u00ebn cop\u00eb dhe nj\u00eb mbyllje t\u00eb l\u00ebmuar t\u00eb fshehur posht\u00eb p\u00ebr nj\u00eb fund t\u00eb rafinuar. Silueta e drejt\u00eb, supat paksa t\u00eb r\u00ebna dhe prerja me gjat\u00ebsi mesatare krijojn\u00eb nj\u00eb form\u00eb t\u00eb lirshme por elegante. E prodhuar nga veluri i but\u00eb i leshit\u2014nj\u00eb cop\u00eb e dendur me p\u00ebrzierje leshi dhe tekstur\u00eb delikate prej kadifeje\u2014ajo ofron ngroht\u00ebsi dhe nj\u00eb ndjesi luksoze n\u00eb prekje. Plot\u00ebsisht e veshur me astar p\u00ebr rehati dhe leht\u00ebsi gjat\u00eb p\u00ebrdorimit.    <\/p>\n","protected":false},"excerpt":{"rendered":"<p>E punuar n\u00eb nj\u00eb nuanc\u00eb t\u00eb rafinuar menteje t\u00eb hapur, kjo pallto e strukturuar dopio-pet\u00eb paraqet nj\u00eb jak\u00eb t\u00eb gjer\u00eb me rreze dhe linja t\u00eb pastra minimaliste. Pjesa e p\u00ebrparme \u00ebsht\u00eb e detajuar me kopshta t\u00eb veshura me t\u00eb nj\u00ebjt\u00ebn cop\u00eb dhe nj\u00eb mbyllje t\u00eb l\u00ebmuar t\u00eb fshehur posht\u00eb p\u00ebr nj\u00eb fund t\u00eb rafinuar. Silueta e drejt\u00eb, supat paksa t\u00eb r\u00ebna dhe prerja me gjat\u00ebsi mesatare krijojn\u00eb nj\u00eb form\u00eb t\u00eb lirshme por elegante. E prodhuar nga veluri i but\u00eb i leshit\u2014nj\u00eb cop\u00eb e dendur me p\u00ebrzierje leshi dhe tekstur\u00eb delikate prej kadifeje\u2014ajo ofron ngroht\u00ebsi dhe nj\u00eb ndjesi luksoze n\u00eb prekje. Plot\u00ebsisht e veshur me astar p\u00ebr rehati dhe leht\u00ebsi gjat\u00eb p\u00ebrdorimit.    <\/p>\n","protected":false},"featured_media":58710,"comment_status":"open","ping_status":"closed","template":"","meta":[],"product_brand":[],"product_cat":[317,316,307],"product_tag":[],"class_list":{"0":"post-58705","1":"product","2":"type-product","3":"status-publish","4":"has-post-thumbnail","6":"product_cat-ready-to-wear-2","7":"product_cat-meshkuj","8":"product_cat-vjeshte-dimer-25-26","11":"first","12":"instock","13":"taxable","14":"shipping-taxable","15":"purchasable","16":"product-type-variable"},"_links":{"self":[{"href":"https:\/\/musabelliu.com\/sq\/wp-json\/wp\/v2\/product\/58705","targetHints":{"allow":["GET"]}}],"collection":[{"href":"https:\/\/musabelliu.com\/sq\/wp-json\/wp\/v2\/product"}],"about":[{"href":"https:\/\/musabelliu.com\/sq\/wp-json\/wp\/v2\/types\/product"}],"replies":[{"embeddable":true,"href":"https:\/\/musabelliu.com\/sq\/wp-json\/wp\/v2\/comments?post=58705"}],"wp:featuredmedia":[{"embeddable":true,"href":"https:\/\/musabelliu.com\/sq\/wp-json\/wp\/v2\/media\/58710"}],"wp:attachment":[{"href":"https:\/\/musabelliu.com\/sq\/wp-json\/wp\/v2\/media?parent=58705"}],"wp:term":[{"taxonomy":"product_brand","embeddable":true,"href":"https:\/\/musabelliu.com\/sq\/wp-json\/wp\/v2\/product_brand?post=58705"},{"taxonomy":"product_cat","embeddable":true,"href":"https:\/\/musabelliu.com\/sq\/wp-json\/wp\/v2\/product_cat?post=58705"},{"taxonomy":"product_tag","embeddable":true,"href":"https:\/\/musabelliu.com\/sq\/wp-json\/wp\/v2\/product_tag?post=58705"}],"curies":[{"name":"wp","href":"https:\/\/api.w.org\/{rel}","templated":true}]}}