{"id":58698,"date":"2025-11-10T22:03:32","date_gmt":"2025-11-10T22:03:32","guid":{"rendered":"https:\/\/musabelliu.com\/product\/komplet-velur-me-rripa-bezhe\/"},"modified":"2026-03-02T16:44:51","modified_gmt":"2026-03-02T16:44:51","slug":"komplet-velur-me-rripa-bezhe","status":"publish","type":"product","link":"https:\/\/musabelliu.com\/sq\/produkt\/komplet-velur-me-rripa-bezhe\/","title":{"rendered":"Komplet Velur me Rripa Bezhe"},"content":{"rendered":"<p>Ky komplet vjen n\u00eb nj\u00eb ngjyr\u00eb bezh\u00eb t\u00eb hapur e t\u00eb but\u00eb dhe \u00ebsht\u00eb punuar nga p\u00eblhur\u00eb velur elastike me rripa, me nj\u00eb tekstur\u00eb t\u00eb im\u00ebt si kadife e kordonuar dhe sip\u00ebrfaqe paksa pushi. Bluza ka nj\u00eb prerje t\u00eb lirshme me m\u00ebng\u00eb t\u00eb gjata, jak\u00eb gjysm\u00eb-golf dhe nj\u00eb logo t\u00eb q\u00ebndisur n\u00eb t\u00eb nj\u00ebjtin ton n\u00eb kraharor. Pantallonat p\u00ebrkat\u00ebse kan\u00eb bel me lidh\u00ebse dhe k\u00ebmb\u00eb t\u00eb drejta e t\u00eb lirshme. Pamja e p\u00ebrgjithshme \u00ebsht\u00eb minimale, e prekshme dhe e sofistikuar.   <\/p>\n","protected":false},"excerpt":{"rendered":"<p>Ky komplet vjen n\u00eb nj\u00eb ngjyr\u00eb bezh\u00eb t\u00eb hapur e t\u00eb but\u00eb dhe \u00ebsht\u00eb punuar nga p\u00eblhur\u00eb velur elastike me rripa, me nj\u00eb tekstur\u00eb t\u00eb im\u00ebt si kadife e kordonuar dhe sip\u00ebrfaqe paksa pushi. Bluza ka nj\u00eb prerje t\u00eb lirshme me m\u00ebng\u00eb t\u00eb gjata, jak\u00eb gjysm\u00eb-golf dhe nj\u00eb logo t\u00eb q\u00ebndisur n\u00eb t\u00eb nj\u00ebjtin ton n\u00eb kraharor. Pantallonat p\u00ebrkat\u00ebse kan\u00eb bel me lidh\u00ebse dhe k\u00ebmb\u00eb t\u00eb drejta e t\u00eb lirshme. Pamja e p\u00ebrgjithshme \u00ebsht\u00eb minimale, e prekshme dhe e sofistikuar.   <\/p>\n","protected":false},"featured_media":58699,"comment_status":"open","ping_status":"closed","template":"","meta":[],"product_brand":[],"product_cat":[317,316,307],"product_tag":[],"class_list":{"0":"post-58698","1":"product","2":"type-product","3":"status-publish","4":"has-post-thumbnail","6":"product_cat-ready-to-wear-2","7":"product_cat-meshkuj","8":"product_cat-vjeshte-dimer-25-26","11":"first","12":"instock","13":"taxable","14":"shipping-taxable","15":"purchasable","16":"product-type-variable"},"_links":{"self":[{"href":"https:\/\/musabelliu.com\/sq\/wp-json\/wp\/v2\/product\/58698","targetHints":{"allow":["GET"]}}],"collection":[{"href":"https:\/\/musabelliu.com\/sq\/wp-json\/wp\/v2\/product"}],"about":[{"href":"https:\/\/musabelliu.com\/sq\/wp-json\/wp\/v2\/types\/product"}],"replies":[{"embeddable":true,"href":"https:\/\/musabelliu.com\/sq\/wp-json\/wp\/v2\/comments?post=58698"}],"wp:featuredmedia":[{"embeddable":true,"href":"https:\/\/musabelliu.com\/sq\/wp-json\/wp\/v2\/media\/58699"}],"wp:attachment":[{"href":"https:\/\/musabelliu.com\/sq\/wp-json\/wp\/v2\/media?parent=58698"}],"wp:term":[{"taxonomy":"product_brand","embeddable":true,"href":"https:\/\/musabelliu.com\/sq\/wp-json\/wp\/v2\/product_brand?post=58698"},{"taxonomy":"product_cat","embeddable":true,"href":"https:\/\/musabelliu.com\/sq\/wp-json\/wp\/v2\/product_cat?post=58698"},{"taxonomy":"product_tag","embeddable":true,"href":"https:\/\/musabelliu.com\/sq\/wp-json\/wp\/v2\/product_tag?post=58698"}],"curies":[{"name":"wp","href":"https:\/\/api.w.org\/{rel}","templated":true}]}}