{"id":58684,"date":"2025-05-30T11:01:07","date_gmt":"2025-05-30T11:01:07","guid":{"rendered":"https:\/\/musabelliu.com\/product\/pantallona-zaria\/"},"modified":"2026-03-02T17:00:14","modified_gmt":"2026-03-02T17:00:14","slug":"pantallona-zaria","status":"publish","type":"product","link":"https:\/\/musabelliu.com\/sq\/produkt\/pantallona-zaria\/","title":{"rendered":"Pantallona Zaria"},"content":{"rendered":"<p>Pantallona me bel t\u00eb lart\u00eb dhe prerje t\u00eb ngushtuar, t\u00eb realizuara nga nj\u00eb p\u00ebrzierje liri e leht\u00eb dhe me shk\u00eblqim. Pala t\u00eb buta p\u00ebrpara u japin form\u00eb, nd\u00ebrsa rripi i gjer\u00eb thekson belin. T\u00eb kompletuara me nj\u00eb kops\u00eb ari dhe zinxhir p\u00ebrpara.  <\/p>\n","protected":false},"excerpt":{"rendered":"<p>Pantallona me bel t\u00eb lart\u00eb dhe prerje t\u00eb ngushtuar, t\u00eb realizuara nga nj\u00eb p\u00ebrzierje liri e leht\u00eb dhe me shk\u00eblqim. Pala t\u00eb buta p\u00ebrpara u japin form\u00eb, nd\u00ebrsa rripi i gjer\u00eb thekson belin. T\u00eb kompletuara me nj\u00eb kops\u00eb ari dhe zinxhir p\u00ebrpara.  <\/p>\n","protected":false},"featured_media":58690,"comment_status":"open","ping_status":"closed","template":"","meta":[],"product_brand":[],"product_cat":[292,305],"product_tag":[],"class_list":{"0":"post-58684","1":"product","2":"type-product","3":"status-publish","4":"has-post-thumbnail","6":"product_cat-femra","7":"product_cat-koleksioni-i-veres","10":"first","11":"outofstock","12":"taxable","13":"shipping-taxable","14":"purchasable","15":"product-type-variable"},"_links":{"self":[{"href":"https:\/\/musabelliu.com\/sq\/wp-json\/wp\/v2\/product\/58684","targetHints":{"allow":["GET"]}}],"collection":[{"href":"https:\/\/musabelliu.com\/sq\/wp-json\/wp\/v2\/product"}],"about":[{"href":"https:\/\/musabelliu.com\/sq\/wp-json\/wp\/v2\/types\/product"}],"replies":[{"embeddable":true,"href":"https:\/\/musabelliu.com\/sq\/wp-json\/wp\/v2\/comments?post=58684"}],"wp:featuredmedia":[{"embeddable":true,"href":"https:\/\/musabelliu.com\/sq\/wp-json\/wp\/v2\/media\/58690"}],"wp:attachment":[{"href":"https:\/\/musabelliu.com\/sq\/wp-json\/wp\/v2\/media?parent=58684"}],"wp:term":[{"taxonomy":"product_brand","embeddable":true,"href":"https:\/\/musabelliu.com\/sq\/wp-json\/wp\/v2\/product_brand?post=58684"},{"taxonomy":"product_cat","embeddable":true,"href":"https:\/\/musabelliu.com\/sq\/wp-json\/wp\/v2\/product_cat?post=58684"},{"taxonomy":"product_tag","embeddable":true,"href":"https:\/\/musabelliu.com\/sq\/wp-json\/wp\/v2\/product_tag?post=58684"}],"curies":[{"name":"wp","href":"https:\/\/api.w.org\/{rel}","templated":true}]}}