{"id":58666,"date":"2025-11-07T14:01:07","date_gmt":"2025-11-07T14:01:07","guid":{"rendered":"https:\/\/musabelliu.com\/product\/kardigan-me-shirit-roze\/"},"modified":"2026-03-02T17:00:58","modified_gmt":"2026-03-02T17:00:58","slug":"kardigan-me-shirit-roze","status":"publish","type":"product","link":"https:\/\/musabelliu.com\/sq\/produkt\/kardigan-me-shirit-roze\/","title":{"rendered":"Kardigan me shirit roz\u00eb"},"content":{"rendered":"<p>Punuar nga nj\u00eb trikotazh leshi i leht\u00eb dhe i ngroht\u00eb n\u00eb ngjyr\u00eb gri t\u00eb hapur, ky kardigan ka shirita fushsia prej kadifeje p\u00ebrgjat\u00eb shiritit t\u00eb kopsitjes, manshetave dhe bordurave t\u00eb xhepave p\u00ebr nj\u00eb kontrast mbres\u00ebl\u00ebn\u00ebs. Projektuar me nj\u00eb prerje t\u00eb lirshme, supa t\u00eb r\u00ebna dhe xhepa t\u00eb jasht\u00ebm p\u00ebrpara, ai plot\u00ebsohet me kopsa me logon e mark\u00ebs. <\/p>\n","protected":false},"excerpt":{"rendered":"<p>Punuar nga nj\u00eb trikotazh leshi i leht\u00eb dhe i ngroht\u00eb n\u00eb ngjyr\u00eb gri t\u00eb hapur, ky kardigan ka shirita fushsia prej kadifeje p\u00ebrgjat\u00eb shiritit t\u00eb kopsitjes, manshetave dhe bordurave t\u00eb xhepave p\u00ebr nj\u00eb kontrast mbres\u00ebl\u00ebn\u00ebs. Projektuar me nj\u00eb prerje t\u00eb lirshme, supa t\u00eb r\u00ebna dhe xhepa t\u00eb jasht\u00ebm p\u00ebrpara, ai plot\u00ebsohet me kopsa me logon e mark\u00ebs. <\/p>\n","protected":false},"featured_media":58672,"comment_status":"open","ping_status":"closed","template":"","meta":[],"product_brand":[],"product_cat":[292,306,307],"product_tag":[],"class_list":{"0":"post-58666","1":"product","2":"type-product","3":"status-publish","4":"has-post-thumbnail","6":"product_cat-femra","7":"product_cat-ready-to-wear","8":"product_cat-vjeshte-dimer-25-26","11":"first","12":"instock","13":"taxable","14":"shipping-taxable","15":"purchasable","16":"product-type-variable"},"_links":{"self":[{"href":"https:\/\/musabelliu.com\/sq\/wp-json\/wp\/v2\/product\/58666","targetHints":{"allow":["GET"]}}],"collection":[{"href":"https:\/\/musabelliu.com\/sq\/wp-json\/wp\/v2\/product"}],"about":[{"href":"https:\/\/musabelliu.com\/sq\/wp-json\/wp\/v2\/types\/product"}],"replies":[{"embeddable":true,"href":"https:\/\/musabelliu.com\/sq\/wp-json\/wp\/v2\/comments?post=58666"}],"wp:featuredmedia":[{"embeddable":true,"href":"https:\/\/musabelliu.com\/sq\/wp-json\/wp\/v2\/media\/58672"}],"wp:attachment":[{"href":"https:\/\/musabelliu.com\/sq\/wp-json\/wp\/v2\/media?parent=58666"}],"wp:term":[{"taxonomy":"product_brand","embeddable":true,"href":"https:\/\/musabelliu.com\/sq\/wp-json\/wp\/v2\/product_brand?post=58666"},{"taxonomy":"product_cat","embeddable":true,"href":"https:\/\/musabelliu.com\/sq\/wp-json\/wp\/v2\/product_cat?post=58666"},{"taxonomy":"product_tag","embeddable":true,"href":"https:\/\/musabelliu.com\/sq\/wp-json\/wp\/v2\/product_tag?post=58666"}],"curies":[{"name":"wp","href":"https:\/\/api.w.org\/{rel}","templated":true}]}}