{"id":58650,"date":"2025-05-30T16:44:51","date_gmt":"2025-05-30T16:44:51","guid":{"rendered":"https:\/\/musabelliu.com\/product\/fund-marid\/"},"modified":"2026-03-02T16:44:55","modified_gmt":"2026-03-02T16:44:55","slug":"fund-marid","status":"publish","type":"product","link":"https:\/\/musabelliu.com\/sq\/produkt\/fund-marid\/","title":{"rendered":"Fund Marid"},"content":{"rendered":"<p>Ky minifund \u00ebsht\u00eb realizuar nga nj\u00eb p\u00ebrzierje p\u00eblhure e strukturuar. Ai paraqet nj\u00eb siluet\u00eb t\u00eb past\u00ebr n\u00eb form\u00eb A-je me nj\u00eb panel ballor asimetrik unik p\u00ebr nj\u00eb stil t\u00eb ve\u00e7ant\u00eb. Nj\u00eb zinxhir an\u00ebsor diskret sh\u00ebrben p\u00ebr mbylljen, duke ruajtur pamjen e l\u00ebmuar t\u00eb fundit. I veshur plot\u00ebsisht me astar p\u00ebr komoditet, fundi \u00ebsht\u00eb i dekoruar me nj\u00eb logo t\u00eb vog\u00ebl metalike pran\u00eb rrebit.   <\/p>\n","protected":false},"excerpt":{"rendered":"<p>Ky minifund \u00ebsht\u00eb realizuar nga nj\u00eb p\u00ebrzierje p\u00eblhure e strukturuar. Ai paraqet nj\u00eb siluet\u00eb t\u00eb past\u00ebr n\u00eb form\u00eb A-je me nj\u00eb panel ballor asimetrik unik p\u00ebr nj\u00eb stil t\u00eb ve\u00e7ant\u00eb. Nj\u00eb zinxhir an\u00ebsor diskret sh\u00ebrben p\u00ebr mbylljen, duke ruajtur pamjen e l\u00ebmuar t\u00eb fundit. I veshur plot\u00ebsisht me astar p\u00ebr komoditet, fundi \u00ebsht\u00eb i dekoruar me nj\u00eb logo t\u00eb vog\u00ebl metalike pran\u00eb rrebit.   <\/p>\n","protected":false},"featured_media":58657,"comment_status":"open","ping_status":"closed","template":"","meta":[],"product_brand":[],"product_cat":[292,305],"product_tag":[],"class_list":{"0":"post-58650","1":"product","2":"type-product","3":"status-publish","4":"has-post-thumbnail","6":"product_cat-femra","7":"product_cat-koleksioni-i-veres","10":"first","11":"instock","12":"taxable","13":"shipping-taxable","14":"purchasable","15":"product-type-variable"},"_links":{"self":[{"href":"https:\/\/musabelliu.com\/sq\/wp-json\/wp\/v2\/product\/58650","targetHints":{"allow":["GET"]}}],"collection":[{"href":"https:\/\/musabelliu.com\/sq\/wp-json\/wp\/v2\/product"}],"about":[{"href":"https:\/\/musabelliu.com\/sq\/wp-json\/wp\/v2\/types\/product"}],"replies":[{"embeddable":true,"href":"https:\/\/musabelliu.com\/sq\/wp-json\/wp\/v2\/comments?post=58650"}],"wp:featuredmedia":[{"embeddable":true,"href":"https:\/\/musabelliu.com\/sq\/wp-json\/wp\/v2\/media\/58657"}],"wp:attachment":[{"href":"https:\/\/musabelliu.com\/sq\/wp-json\/wp\/v2\/media?parent=58650"}],"wp:term":[{"taxonomy":"product_brand","embeddable":true,"href":"https:\/\/musabelliu.com\/sq\/wp-json\/wp\/v2\/product_brand?post=58650"},{"taxonomy":"product_cat","embeddable":true,"href":"https:\/\/musabelliu.com\/sq\/wp-json\/wp\/v2\/product_cat?post=58650"},{"taxonomy":"product_tag","embeddable":true,"href":"https:\/\/musabelliu.com\/sq\/wp-json\/wp\/v2\/product_tag?post=58650"}],"curies":[{"name":"wp","href":"https:\/\/api.w.org\/{rel}","templated":true}]}}