{"id":58643,"date":"2025-11-07T14:12:15","date_gmt":"2025-11-07T14:12:15","guid":{"rendered":"https:\/\/musabelliu.com\/product\/fund-laps-prej-leshi\/"},"modified":"2026-03-02T16:44:49","modified_gmt":"2026-03-02T16:44:49","slug":"fund-laps-prej-leshi","status":"publish","type":"product","link":"https:\/\/musabelliu.com\/sq\/produkt\/fund-laps-prej-leshi\/","title":{"rendered":"Fund Laps prej Leshi"},"content":{"rendered":"<p>Nj\u00eb fund laps me bel t\u00eb lart\u00eb, i punuar nga trikotazh leshi i leht\u00eb dhe i ngroht\u00eb n\u00eb ngjyr\u00eb gri t\u00eb hapur, i detajuar me nj\u00eb shirit ballor fuksia prej kadifeje dhe kopsa me logon e mark\u00ebs. Vet\u00ebm kopsa e sip\u00ebrme \u00ebsht\u00eb funksionale, duke ruajtur nj\u00eb panel ballor elegant q\u00eb nuk hapet. <\/p>\n","protected":false},"excerpt":{"rendered":"<p>Nj\u00eb fund laps me bel t\u00eb lart\u00eb, i punuar nga trikotazh leshi i leht\u00eb dhe i ngroht\u00eb n\u00eb ngjyr\u00eb gri t\u00eb hapur, i detajuar me nj\u00eb shirit ballor fuksia prej kadifeje dhe kopsa me logon e mark\u00ebs. Vet\u00ebm kopsa e sip\u00ebrme \u00ebsht\u00eb funksionale, duke ruajtur nj\u00eb panel ballor elegant q\u00eb nuk hapet. <\/p>\n","protected":false},"featured_media":58646,"comment_status":"open","ping_status":"closed","template":"","meta":[],"product_brand":[],"product_cat":[292,306,307],"product_tag":[],"class_list":{"0":"post-58643","1":"product","2":"type-product","3":"status-publish","4":"has-post-thumbnail","6":"product_cat-femra","7":"product_cat-ready-to-wear","8":"product_cat-vjeshte-dimer-25-26","11":"first","12":"instock","13":"taxable","14":"shipping-taxable","15":"purchasable","16":"product-type-variable"},"_links":{"self":[{"href":"https:\/\/musabelliu.com\/sq\/wp-json\/wp\/v2\/product\/58643","targetHints":{"allow":["GET"]}}],"collection":[{"href":"https:\/\/musabelliu.com\/sq\/wp-json\/wp\/v2\/product"}],"about":[{"href":"https:\/\/musabelliu.com\/sq\/wp-json\/wp\/v2\/types\/product"}],"replies":[{"embeddable":true,"href":"https:\/\/musabelliu.com\/sq\/wp-json\/wp\/v2\/comments?post=58643"}],"wp:featuredmedia":[{"embeddable":true,"href":"https:\/\/musabelliu.com\/sq\/wp-json\/wp\/v2\/media\/58646"}],"wp:attachment":[{"href":"https:\/\/musabelliu.com\/sq\/wp-json\/wp\/v2\/media?parent=58643"}],"wp:term":[{"taxonomy":"product_brand","embeddable":true,"href":"https:\/\/musabelliu.com\/sq\/wp-json\/wp\/v2\/product_brand?post=58643"},{"taxonomy":"product_cat","embeddable":true,"href":"https:\/\/musabelliu.com\/sq\/wp-json\/wp\/v2\/product_cat?post=58643"},{"taxonomy":"product_tag","embeddable":true,"href":"https:\/\/musabelliu.com\/sq\/wp-json\/wp\/v2\/product_tag?post=58643"}],"curies":[{"name":"wp","href":"https:\/\/api.w.org\/{rel}","templated":true}]}}