{"id":58635,"date":"2025-11-07T14:09:55","date_gmt":"2025-11-07T14:09:55","guid":{"rendered":"https:\/\/musabelliu.com\/product\/fustan-maxi-me-jake-v\/"},"modified":"2026-03-02T16:44:49","modified_gmt":"2026-03-02T16:44:49","slug":"fustan-maxi-me-jake-v","status":"publish","type":"product","link":"https:\/\/musabelliu.com\/sq\/produkt\/fustan-maxi-me-jake-v\/","title":{"rendered":"Fustan Maxi me Jak\u00eb V"},"content":{"rendered":"<p>Nj\u00eb fustan maxi i rafinuar prej leshi t\u00eb holl\u00eb fresco, i krijuar me nj\u00eb jak\u00eb V me r\u00ebnie t\u00eb but\u00eb dhe i pasuruar me nj\u00eb karfic\u00eb metalike. I prer\u00eb n\u00eb nj\u00eb siluet\u00eb t\u00eb past\u00ebr kolon\u00eb me m\u00ebng\u00eb t\u00eb gjata, xhepa an\u00ebsor\u00eb diskret\u00eb dhe zinxhir t\u00eb paduksh\u00ebm n\u00eb shpin\u00eb p\u00ebr nj\u00eb p\u00ebrfundim t\u00eb l\u00ebmuar. I p\u00ebrjetsh\u00ebm, i strukturuar dhe natyrsh\u00ebm elegant.  <\/p>\n","protected":false},"excerpt":{"rendered":"<p>Nj\u00eb fustan maxi i rafinuar prej leshi t\u00eb holl\u00eb fresco, i krijuar me nj\u00eb jak\u00eb V me r\u00ebnie t\u00eb but\u00eb dhe i pasuruar me nj\u00eb karfic\u00eb metalike. I prer\u00eb n\u00eb nj\u00eb siluet\u00eb t\u00eb past\u00ebr kolon\u00eb me m\u00ebng\u00eb t\u00eb gjata, xhepa an\u00ebsor\u00eb diskret\u00eb dhe zinxhir t\u00eb paduksh\u00ebm n\u00eb shpin\u00eb p\u00ebr nj\u00eb p\u00ebrfundim t\u00eb l\u00ebmuar. I p\u00ebrjetsh\u00ebm, i strukturuar dhe natyrsh\u00ebm elegant.  <\/p>\n","protected":false},"featured_media":58640,"comment_status":"open","ping_status":"closed","template":"","meta":[],"product_brand":[],"product_cat":[292,306,307],"product_tag":[],"class_list":{"0":"post-58635","1":"product","2":"type-product","3":"status-publish","4":"has-post-thumbnail","6":"product_cat-femra","7":"product_cat-ready-to-wear","8":"product_cat-vjeshte-dimer-25-26","11":"first","12":"instock","13":"taxable","14":"shipping-taxable","15":"purchasable","16":"product-type-variable"},"_links":{"self":[{"href":"https:\/\/musabelliu.com\/sq\/wp-json\/wp\/v2\/product\/58635","targetHints":{"allow":["GET"]}}],"collection":[{"href":"https:\/\/musabelliu.com\/sq\/wp-json\/wp\/v2\/product"}],"about":[{"href":"https:\/\/musabelliu.com\/sq\/wp-json\/wp\/v2\/types\/product"}],"replies":[{"embeddable":true,"href":"https:\/\/musabelliu.com\/sq\/wp-json\/wp\/v2\/comments?post=58635"}],"wp:featuredmedia":[{"embeddable":true,"href":"https:\/\/musabelliu.com\/sq\/wp-json\/wp\/v2\/media\/58640"}],"wp:attachment":[{"href":"https:\/\/musabelliu.com\/sq\/wp-json\/wp\/v2\/media?parent=58635"}],"wp:term":[{"taxonomy":"product_brand","embeddable":true,"href":"https:\/\/musabelliu.com\/sq\/wp-json\/wp\/v2\/product_brand?post=58635"},{"taxonomy":"product_cat","embeddable":true,"href":"https:\/\/musabelliu.com\/sq\/wp-json\/wp\/v2\/product_cat?post=58635"},{"taxonomy":"product_tag","embeddable":true,"href":"https:\/\/musabelliu.com\/sq\/wp-json\/wp\/v2\/product_tag?post=58635"}],"curies":[{"name":"wp","href":"https:\/\/api.w.org\/{rel}","templated":true}]}}