{"id":58628,"date":"2025-11-18T17:07:21","date_gmt":"2025-11-18T17:07:21","guid":{"rendered":"https:\/\/musabelliu.com\/product\/kemishe-roze\/"},"modified":"2026-03-02T16:44:41","modified_gmt":"2026-03-02T16:44:41","slug":"kemishe-roze","status":"publish","type":"product","link":"https:\/\/musabelliu.com\/sq\/produkt\/kemishe-roze\/","title":{"rendered":"K\u00ebmish\u00eb roz\u00eb"},"content":{"rendered":"<p>K\u00ebmish\u00eb roz\u00eb pas trupit me m\u00ebng\u00eb t\u00eb gjata, e realizuar me cop\u00eb me tekstur\u00eb t\u00eb leht\u00eb. Karakterizohet nga jast\u00ebku i madh me maj\u00eb dhe kravata e holl\u00eb e bashk\u00ebngjitur. Detajuar me mbyllje me shtat\u00eb kopsa p\u00ebrpara, mansheta t\u00eb gjera t\u00eb strukturuara me motive t\u00eb qepura dhe an\u00eb t\u00eb poshtme t\u00eb harkuar. Pjesa e pasme ka nj\u00eb prerje karakteristike n\u00eb form\u00eb zemre dhe qepje ton-mbi-ton.  <\/p>\n","protected":false},"excerpt":{"rendered":"<p>K\u00ebmish\u00eb roz\u00eb pas trupit me m\u00ebng\u00eb t\u00eb gjata, e realizuar me cop\u00eb me tekstur\u00eb t\u00eb leht\u00eb. Karakterizohet nga jast\u00ebku i madh me maj\u00eb dhe kravata e holl\u00eb e bashk\u00ebngjitur. Detajuar me mbyllje me shtat\u00eb kopsa p\u00ebrpara, mansheta t\u00eb gjera t\u00eb strukturuara me motive t\u00eb qepura dhe an\u00eb t\u00eb poshtme t\u00eb harkuar. Pjesa e pasme ka nj\u00eb prerje karakteristike n\u00eb form\u00eb zemre dhe qepje ton-mbi-ton.  <\/p>\n","protected":false},"featured_media":58633,"comment_status":"open","ping_status":"closed","template":"","meta":[],"product_brand":[],"product_cat":[292,306,307],"product_tag":[],"class_list":{"0":"post-58628","1":"product","2":"type-product","3":"status-publish","4":"has-post-thumbnail","6":"product_cat-femra","7":"product_cat-ready-to-wear","8":"product_cat-vjeshte-dimer-25-26","11":"first","12":"instock","13":"taxable","14":"shipping-taxable","15":"purchasable","16":"product-type-variable"},"_links":{"self":[{"href":"https:\/\/musabelliu.com\/sq\/wp-json\/wp\/v2\/product\/58628","targetHints":{"allow":["GET"]}}],"collection":[{"href":"https:\/\/musabelliu.com\/sq\/wp-json\/wp\/v2\/product"}],"about":[{"href":"https:\/\/musabelliu.com\/sq\/wp-json\/wp\/v2\/types\/product"}],"replies":[{"embeddable":true,"href":"https:\/\/musabelliu.com\/sq\/wp-json\/wp\/v2\/comments?post=58628"}],"wp:featuredmedia":[{"embeddable":true,"href":"https:\/\/musabelliu.com\/sq\/wp-json\/wp\/v2\/media\/58633"}],"wp:attachment":[{"href":"https:\/\/musabelliu.com\/sq\/wp-json\/wp\/v2\/media?parent=58628"}],"wp:term":[{"taxonomy":"product_brand","embeddable":true,"href":"https:\/\/musabelliu.com\/sq\/wp-json\/wp\/v2\/product_brand?post=58628"},{"taxonomy":"product_cat","embeddable":true,"href":"https:\/\/musabelliu.com\/sq\/wp-json\/wp\/v2\/product_cat?post=58628"},{"taxonomy":"product_tag","embeddable":true,"href":"https:\/\/musabelliu.com\/sq\/wp-json\/wp\/v2\/product_tag?post=58628"}],"curies":[{"name":"wp","href":"https:\/\/api.w.org\/{rel}","templated":true}]}}