{"id":58617,"date":"2025-11-13T21:43:11","date_gmt":"2025-11-13T21:43:11","guid":{"rendered":"https:\/\/musabelliu.com\/product\/pantallona-te-zeza-me-lidhese\/"},"modified":"2026-03-02T16:44:50","modified_gmt":"2026-03-02T16:44:50","slug":"pantallona-te-zeza-me-lidhese","status":"publish","type":"product","link":"https:\/\/musabelliu.com\/sq\/produkt\/pantallona-te-zeza-me-lidhese\/","title":{"rendered":"Pantallona t\u00eb zeza me lidh\u00ebse"},"content":{"rendered":"<p>K\u00ebto pantallona t\u00eb zeza kan\u00eb nj\u00eb model me vija vertikale delikate, bel elastik me lidh\u00ebse t\u00eb rregullueshme dhe prerje t\u00eb drejt\u00eb e t\u00eb lirshme. Jan\u00eb punuar nga nj\u00eb material i but\u00eb dhe i leht\u00eb p\u00ebr rehati dhe liri l\u00ebvizjeje. Nj\u00eb logo e vog\u00ebl gjendet pran\u00eb brezit t\u00eb belit.  <\/p>\n","protected":false},"excerpt":{"rendered":"<p>K\u00ebto pantallona t\u00eb zeza kan\u00eb nj\u00eb model me vija vertikale delikate, bel elastik me lidh\u00ebse t\u00eb rregullueshme dhe prerje t\u00eb drejt\u00eb e t\u00eb lirshme. Jan\u00eb punuar nga nj\u00eb material i but\u00eb dhe i leht\u00eb p\u00ebr rehati dhe liri l\u00ebvizjeje. Nj\u00eb logo e vog\u00ebl gjendet pran\u00eb brezit t\u00eb belit.  <\/p>\n","protected":false},"featured_media":58618,"comment_status":"open","ping_status":"closed","template":"","meta":[],"product_brand":[],"product_cat":[317,316,307],"product_tag":[],"class_list":{"0":"post-58617","1":"product","2":"type-product","3":"status-publish","4":"has-post-thumbnail","6":"product_cat-ready-to-wear-2","7":"product_cat-meshkuj","8":"product_cat-vjeshte-dimer-25-26","11":"first","12":"instock","13":"taxable","14":"shipping-taxable","15":"purchasable","16":"product-type-variable"},"_links":{"self":[{"href":"https:\/\/musabelliu.com\/sq\/wp-json\/wp\/v2\/product\/58617","targetHints":{"allow":["GET"]}}],"collection":[{"href":"https:\/\/musabelliu.com\/sq\/wp-json\/wp\/v2\/product"}],"about":[{"href":"https:\/\/musabelliu.com\/sq\/wp-json\/wp\/v2\/types\/product"}],"replies":[{"embeddable":true,"href":"https:\/\/musabelliu.com\/sq\/wp-json\/wp\/v2\/comments?post=58617"}],"wp:featuredmedia":[{"embeddable":true,"href":"https:\/\/musabelliu.com\/sq\/wp-json\/wp\/v2\/media\/58618"}],"wp:attachment":[{"href":"https:\/\/musabelliu.com\/sq\/wp-json\/wp\/v2\/media?parent=58617"}],"wp:term":[{"taxonomy":"product_brand","embeddable":true,"href":"https:\/\/musabelliu.com\/sq\/wp-json\/wp\/v2\/product_brand?post=58617"},{"taxonomy":"product_cat","embeddable":true,"href":"https:\/\/musabelliu.com\/sq\/wp-json\/wp\/v2\/product_cat?post=58617"},{"taxonomy":"product_tag","embeddable":true,"href":"https:\/\/musabelliu.com\/sq\/wp-json\/wp\/v2\/product_tag?post=58617"}],"curies":[{"name":"wp","href":"https:\/\/api.w.org\/{rel}","templated":true}]}}