{"id":58610,"date":"2025-11-15T13:59:49","date_gmt":"2025-11-15T13:59:49","guid":{"rendered":"https:\/\/musabelliu.com\/product\/kemishe-gri-e-stiluar\/"},"modified":"2026-03-02T16:44:46","modified_gmt":"2026-03-02T16:44:46","slug":"kemishe-gri-e-stiluar","status":"publish","type":"product","link":"https:\/\/musabelliu.com\/sq\/produkt\/kemishe-gri-e-stiluar\/","title":{"rendered":"K\u00ebmish\u00eb gri e stiluar"},"content":{"rendered":"<p>Nj\u00eb k\u00ebmish\u00eb e rafinuar me m\u00ebng\u00eb t\u00eb gjata, e punuar nga nj\u00eb p\u00eblhur\u00eb e but\u00eb me tekstur\u00eb t\u00eb leht\u00eb. E dizajnuar me jak\u00eb t\u00eb strukturuar, kopsa t\u00eb fshehura dhe nj\u00eb siluet\u00eb elegante. E kompletuar me nj\u00eb xhep n\u00eb kraharor, i zbukuruar me nj\u00eb logo diskrete me kristale p\u00ebr nj\u00eb pamje t\u00eb sofistikuar.  <\/p>\n","protected":false},"excerpt":{"rendered":"<p>Nj\u00eb k\u00ebmish\u00eb e rafinuar me m\u00ebng\u00eb t\u00eb gjata, e punuar nga nj\u00eb p\u00eblhur\u00eb e but\u00eb me tekstur\u00eb t\u00eb leht\u00eb. E dizajnuar me jak\u00eb t\u00eb strukturuar, kopsa t\u00eb fshehura dhe nj\u00eb siluet\u00eb elegante. E kompletuar me nj\u00eb xhep n\u00eb kraharor, i zbukuruar me nj\u00eb logo diskrete me kristale p\u00ebr nj\u00eb pamje t\u00eb sofistikuar.  <\/p>\n","protected":false},"featured_media":58612,"comment_status":"open","ping_status":"closed","template":"","meta":[],"product_brand":[],"product_cat":[292,306,307],"product_tag":[],"class_list":{"0":"post-58610","1":"product","2":"type-product","3":"status-publish","4":"has-post-thumbnail","6":"product_cat-femra","7":"product_cat-ready-to-wear","8":"product_cat-vjeshte-dimer-25-26","11":"first","12":"instock","13":"taxable","14":"shipping-taxable","15":"purchasable","16":"product-type-variable"},"_links":{"self":[{"href":"https:\/\/musabelliu.com\/sq\/wp-json\/wp\/v2\/product\/58610","targetHints":{"allow":["GET"]}}],"collection":[{"href":"https:\/\/musabelliu.com\/sq\/wp-json\/wp\/v2\/product"}],"about":[{"href":"https:\/\/musabelliu.com\/sq\/wp-json\/wp\/v2\/types\/product"}],"replies":[{"embeddable":true,"href":"https:\/\/musabelliu.com\/sq\/wp-json\/wp\/v2\/comments?post=58610"}],"wp:featuredmedia":[{"embeddable":true,"href":"https:\/\/musabelliu.com\/sq\/wp-json\/wp\/v2\/media\/58612"}],"wp:attachment":[{"href":"https:\/\/musabelliu.com\/sq\/wp-json\/wp\/v2\/media?parent=58610"}],"wp:term":[{"taxonomy":"product_brand","embeddable":true,"href":"https:\/\/musabelliu.com\/sq\/wp-json\/wp\/v2\/product_brand?post=58610"},{"taxonomy":"product_cat","embeddable":true,"href":"https:\/\/musabelliu.com\/sq\/wp-json\/wp\/v2\/product_cat?post=58610"},{"taxonomy":"product_tag","embeddable":true,"href":"https:\/\/musabelliu.com\/sq\/wp-json\/wp\/v2\/product_tag?post=58610"}],"curies":[{"name":"wp","href":"https:\/\/api.w.org\/{rel}","templated":true}]}}