{"id":58604,"date":"2025-11-13T21:52:05","date_gmt":"2025-11-13T21:52:05","guid":{"rendered":"https:\/\/musabelliu.com\/product\/pallto-me-tegela-me-jake-shall-model-i-gjere\/"},"modified":"2026-03-02T16:44:45","modified_gmt":"2026-03-02T16:44:45","slug":"pallto-me-tegela-me-jake-shall-model-i-gjere","status":"publish","type":"product","link":"https:\/\/musabelliu.com\/sq\/produkt\/pallto-me-tegela-me-jake-shall-model-i-gjere\/","title":{"rendered":"Pallto me tegela me jak\u00eb shall, model i gjer\u00eb"},"content":{"rendered":"<p>Pallto e zez\u00eb me tegela, model i gjer\u00eb, me jak\u00eb shall karakteristike dhe veshje t\u00eb brendshme t\u00eb plot\u00eb p\u00ebr m\u00eb shum\u00eb ngroht\u00ebsi. Karakterizohet nga pjesa e jashtme me tegela n\u00eb form\u00eb rombi, struktur\u00eb e mbushur dhe mbyllje me dy kopsa p\u00ebrpara. P\u00ebrfshin dy xhepa an\u00ebsor\u00eb dhe nj\u00eb siluet\u00eb voluminoze q\u00eb garanton komoditet dhe izolim. Projektuar p\u00ebr mot t\u00eb ftoht\u00eb.   <\/p>\n","protected":false},"excerpt":{"rendered":"<p>Pallto e zez\u00eb me tegela, model i gjer\u00eb, me jak\u00eb shall karakteristike dhe veshje t\u00eb brendshme t\u00eb plot\u00eb p\u00ebr m\u00eb shum\u00eb ngroht\u00ebsi. Karakterizohet nga pjesa e jashtme me tegela n\u00eb form\u00eb rombi, struktur\u00eb e mbushur dhe mbyllje me dy kopsa p\u00ebrpara. P\u00ebrfshin dy xhepa an\u00ebsor\u00eb dhe nj\u00eb siluet\u00eb voluminoze q\u00eb garanton komoditet dhe izolim. Projektuar p\u00ebr mot t\u00eb ftoht\u00eb.   <\/p>\n","protected":false},"featured_media":58606,"comment_status":"open","ping_status":"closed","template":"","meta":[],"product_brand":[],"product_cat":[317,316,307],"product_tag":[],"class_list":{"0":"post-58604","1":"product","2":"type-product","3":"status-publish","4":"has-post-thumbnail","6":"product_cat-ready-to-wear-2","7":"product_cat-meshkuj","8":"product_cat-vjeshte-dimer-25-26","11":"first","12":"instock","13":"taxable","14":"shipping-taxable","15":"purchasable","16":"product-type-variable"},"_links":{"self":[{"href":"https:\/\/musabelliu.com\/sq\/wp-json\/wp\/v2\/product\/58604","targetHints":{"allow":["GET"]}}],"collection":[{"href":"https:\/\/musabelliu.com\/sq\/wp-json\/wp\/v2\/product"}],"about":[{"href":"https:\/\/musabelliu.com\/sq\/wp-json\/wp\/v2\/types\/product"}],"replies":[{"embeddable":true,"href":"https:\/\/musabelliu.com\/sq\/wp-json\/wp\/v2\/comments?post=58604"}],"wp:featuredmedia":[{"embeddable":true,"href":"https:\/\/musabelliu.com\/sq\/wp-json\/wp\/v2\/media\/58606"}],"wp:attachment":[{"href":"https:\/\/musabelliu.com\/sq\/wp-json\/wp\/v2\/media?parent=58604"}],"wp:term":[{"taxonomy":"product_brand","embeddable":true,"href":"https:\/\/musabelliu.com\/sq\/wp-json\/wp\/v2\/product_brand?post=58604"},{"taxonomy":"product_cat","embeddable":true,"href":"https:\/\/musabelliu.com\/sq\/wp-json\/wp\/v2\/product_cat?post=58604"},{"taxonomy":"product_tag","embeddable":true,"href":"https:\/\/musabelliu.com\/sq\/wp-json\/wp\/v2\/product_tag?post=58604"}],"curies":[{"name":"wp","href":"https:\/\/api.w.org\/{rel}","templated":true}]}}