{"id":58598,"date":"2025-11-13T21:50:30","date_gmt":"2025-11-13T21:50:30","guid":{"rendered":"https:\/\/musabelliu.com\/product\/golf-i-holle-i-thurur-fildishi\/"},"modified":"2026-03-02T16:44:46","modified_gmt":"2026-03-02T16:44:46","slug":"golf-i-holle-i-thurur-fildishi","status":"publish","type":"product","link":"https:\/\/musabelliu.com\/sq\/produkt\/golf-i-holle-i-thurur-fildishi\/","title":{"rendered":"Golf i holl\u00eb i thurur fildishi"},"content":{"rendered":"<p>Nj\u00eb golf i rafinuar me m\u00ebng\u00eb t\u00eb gjata, i punuar nga nj\u00eb thurje e holl\u00eb dhe gjysm\u00eb transparente, me r\u00ebnie t\u00eb lirshme dhe ndjesi t\u00eb but\u00eb n\u00eb prekje. I dizajnuar me nj\u00eb siluet\u00eb t\u00eb rehatshme, ai paraqet nj\u00eb jak\u00eb paksa t\u00eb lirshme t\u00eb zbukuruar me nj\u00eb detaj t\u00eb vog\u00ebl metalik anash. Konstruksioni minimalist dhe punimi i past\u00ebr theksojn\u00eb eleganc\u00ebn e tij t\u00eb p\u00ebrjetshme, duke e b\u00ebr\u00eb ideal p\u00ebr t&#8217;u veshur vet\u00ebm ose i kombinuar me veshje t\u00eb tjera.  <\/p>\n","protected":false},"excerpt":{"rendered":"<p>Nj\u00eb golf i rafinuar me m\u00ebng\u00eb t\u00eb gjata, i punuar nga nj\u00eb thurje e holl\u00eb dhe gjysm\u00eb transparente, me r\u00ebnie t\u00eb lirshme dhe ndjesi t\u00eb but\u00eb n\u00eb prekje. I dizajnuar me nj\u00eb siluet\u00eb t\u00eb rehatshme, ai paraqet nj\u00eb jak\u00eb paksa t\u00eb lirshme t\u00eb zbukuruar me nj\u00eb detaj t\u00eb vog\u00ebl metalik anash. Konstruksioni minimalist dhe punimi i past\u00ebr theksojn\u00eb eleganc\u00ebn e tij t\u00eb p\u00ebrjetshme, duke e b\u00ebr\u00eb ideal p\u00ebr t&#8217;u veshur vet\u00ebm ose i kombinuar me veshje t\u00eb tjera.  <\/p>\n","protected":false},"featured_media":58599,"comment_status":"open","ping_status":"closed","template":"","meta":[],"product_brand":[],"product_cat":[317,316,307],"product_tag":[],"class_list":{"0":"post-58598","1":"product","2":"type-product","3":"status-publish","4":"has-post-thumbnail","6":"product_cat-ready-to-wear-2","7":"product_cat-meshkuj","8":"product_cat-vjeshte-dimer-25-26","11":"first","12":"instock","13":"taxable","14":"shipping-taxable","15":"purchasable","16":"product-type-variable"},"_links":{"self":[{"href":"https:\/\/musabelliu.com\/sq\/wp-json\/wp\/v2\/product\/58598","targetHints":{"allow":["GET"]}}],"collection":[{"href":"https:\/\/musabelliu.com\/sq\/wp-json\/wp\/v2\/product"}],"about":[{"href":"https:\/\/musabelliu.com\/sq\/wp-json\/wp\/v2\/types\/product"}],"replies":[{"embeddable":true,"href":"https:\/\/musabelliu.com\/sq\/wp-json\/wp\/v2\/comments?post=58598"}],"wp:featuredmedia":[{"embeddable":true,"href":"https:\/\/musabelliu.com\/sq\/wp-json\/wp\/v2\/media\/58599"}],"wp:attachment":[{"href":"https:\/\/musabelliu.com\/sq\/wp-json\/wp\/v2\/media?parent=58598"}],"wp:term":[{"taxonomy":"product_brand","embeddable":true,"href":"https:\/\/musabelliu.com\/sq\/wp-json\/wp\/v2\/product_brand?post=58598"},{"taxonomy":"product_cat","embeddable":true,"href":"https:\/\/musabelliu.com\/sq\/wp-json\/wp\/v2\/product_cat?post=58598"},{"taxonomy":"product_tag","embeddable":true,"href":"https:\/\/musabelliu.com\/sq\/wp-json\/wp\/v2\/product_tag?post=58598"}],"curies":[{"name":"wp","href":"https:\/\/api.w.org\/{rel}","templated":true}]}}