{"id":58593,"date":"2025-11-13T21:44:59","date_gmt":"2025-11-13T21:44:59","guid":{"rendered":"https:\/\/musabelliu.com\/product\/bluze-e-zeze-me-jake-gjysme-golf\/"},"modified":"2026-03-02T16:44:49","modified_gmt":"2026-03-02T16:44:49","slug":"bluze-e-zeze-me-jake-gjysme-golf","status":"publish","type":"product","link":"https:\/\/musabelliu.com\/sq\/produkt\/bluze-e-zeze-me-jake-gjysme-golf\/","title":{"rendered":"Bluz\u00eb e zez\u00eb me jak\u00eb gjysm\u00eb-golf"},"content":{"rendered":"<p>Nj\u00eb bluz\u00eb elegante me m\u00ebng\u00eb t\u00eb gjata, e punuar nga nj\u00eb p\u00eblhur\u00eb e but\u00eb elastike me tekstur\u00eb delikate vijash n\u00eb t\u00eb nj\u00ebjtin ton. E dizajnuar me siluet\u00eb t\u00eb drejt\u00eb dhe jak\u00eb t\u00eb past\u00ebr gjysm\u00eb-golf, ajo paraqet nj\u00eb detaj t\u00eb vog\u00ebl logoje metalike n\u00eb jast\u00ebk. Dizajni minimalist dhe tekstura e rafinuar i japin nj\u00eb pamje moderne dhe t\u00eb sofistikuar, t\u00eb p\u00ebrshtatshme si p\u00ebr stilim sportiv, ashtu edhe p\u00ebr at\u00eb klasik.  <\/p>\n","protected":false},"excerpt":{"rendered":"<p>Nj\u00eb bluz\u00eb elegante me m\u00ebng\u00eb t\u00eb gjata, e punuar nga nj\u00eb p\u00eblhur\u00eb e but\u00eb elastike me tekstur\u00eb delikate vijash n\u00eb t\u00eb nj\u00ebjtin ton. E dizajnuar me siluet\u00eb t\u00eb drejt\u00eb dhe jak\u00eb t\u00eb past\u00ebr gjysm\u00eb-golf, ajo paraqet nj\u00eb detaj t\u00eb vog\u00ebl logoje metalike n\u00eb jast\u00ebk. Dizajni minimalist dhe tekstura e rafinuar i japin nj\u00eb pamje moderne dhe t\u00eb sofistikuar, t\u00eb p\u00ebrshtatshme si p\u00ebr stilim sportiv, ashtu edhe p\u00ebr at\u00eb klasik.  <\/p>\n","protected":false},"featured_media":58595,"comment_status":"open","ping_status":"closed","template":"","meta":[],"product_brand":[],"product_cat":[317,316,307],"product_tag":[],"class_list":{"0":"post-58593","1":"product","2":"type-product","3":"status-publish","4":"has-post-thumbnail","6":"product_cat-ready-to-wear-2","7":"product_cat-meshkuj","8":"product_cat-vjeshte-dimer-25-26","11":"first","12":"instock","13":"taxable","14":"shipping-taxable","15":"purchasable","16":"product-type-variable"},"_links":{"self":[{"href":"https:\/\/musabelliu.com\/sq\/wp-json\/wp\/v2\/product\/58593","targetHints":{"allow":["GET"]}}],"collection":[{"href":"https:\/\/musabelliu.com\/sq\/wp-json\/wp\/v2\/product"}],"about":[{"href":"https:\/\/musabelliu.com\/sq\/wp-json\/wp\/v2\/types\/product"}],"replies":[{"embeddable":true,"href":"https:\/\/musabelliu.com\/sq\/wp-json\/wp\/v2\/comments?post=58593"}],"wp:featuredmedia":[{"embeddable":true,"href":"https:\/\/musabelliu.com\/sq\/wp-json\/wp\/v2\/media\/58595"}],"wp:attachment":[{"href":"https:\/\/musabelliu.com\/sq\/wp-json\/wp\/v2\/media?parent=58593"}],"wp:term":[{"taxonomy":"product_brand","embeddable":true,"href":"https:\/\/musabelliu.com\/sq\/wp-json\/wp\/v2\/product_brand?post=58593"},{"taxonomy":"product_cat","embeddable":true,"href":"https:\/\/musabelliu.com\/sq\/wp-json\/wp\/v2\/product_cat?post=58593"},{"taxonomy":"product_tag","embeddable":true,"href":"https:\/\/musabelliu.com\/sq\/wp-json\/wp\/v2\/product_tag?post=58593"}],"curies":[{"name":"wp","href":"https:\/\/api.w.org\/{rel}","templated":true}]}}