{"id":58574,"date":"2025-11-15T13:54:14","date_gmt":"2025-11-15T13:54:14","guid":{"rendered":"https:\/\/musabelliu.com\/product\/pallto-maksi\/"},"modified":"2026-03-02T16:44:46","modified_gmt":"2026-03-02T16:44:46","slug":"pallto-maksi","status":"publish","type":"product","link":"https:\/\/musabelliu.com\/sq\/produkt\/pallto-maksi\/","title":{"rendered":"Pallto Maksi"},"content":{"rendered":"<p>Nj\u00eb pallto e gjat\u00eb maksi, e prer\u00eb sipas mas\u00ebs n\u00eb ton kumbulle t\u00eb sllimt\u00eb me vija vertikale delikate. Karakterizohet nga nj\u00eb jast\u00ebk i ekzagjeruar shali, bel i skalitur dhe shpatulla t\u00eb r\u00ebna q\u00eb krijojn\u00eb nj\u00eb siluet\u00eb t\u00eb fort\u00eb dhe t\u00eb strukturuar. Projektuar me kopsa t\u00eb zbukuruara n\u00eb ton ari n\u00eb pjes\u00ebn e p\u00ebrparme dhe kopsa dekorative p\u00ebrkat\u00ebse n\u00eb xhepat me kapak dhe n\u00eb rripat e m\u00ebng\u00ebve. Pjesa e pasme p\u00ebrfshin nj\u00eb struktur\u00eb tebi t\u00eb p\u00ebrshtatur dhe nj\u00eb emblem\u00eb metalike t\u00eb vog\u00ebl t\u00eb mark\u00ebs n\u00ebn jast\u00ebk. E prodhuar nga nj\u00eb p\u00eblhur\u00eb kostumi me tekstur\u00eb dhe plot\u00ebsisht e veshur me astar p\u00ebr nj\u00eb p\u00ebrfundim t\u00eb rafinuar.    <\/p>\n","protected":false},"excerpt":{"rendered":"<p>Nj\u00eb pallto e gjat\u00eb maksi, e prer\u00eb sipas mas\u00ebs n\u00eb ton kumbulle t\u00eb sllimt\u00eb me vija vertikale delikate. Karakterizohet nga nj\u00eb jast\u00ebk i ekzagjeruar shali, bel i skalitur dhe shpatulla t\u00eb r\u00ebna q\u00eb krijojn\u00eb nj\u00eb siluet\u00eb t\u00eb fort\u00eb dhe t\u00eb strukturuar. Projektuar me kopsa t\u00eb zbukuruara n\u00eb ton ari n\u00eb pjes\u00ebn e p\u00ebrparme dhe kopsa dekorative p\u00ebrkat\u00ebse n\u00eb xhepat me kapak dhe n\u00eb rripat e m\u00ebng\u00ebve. Pjesa e pasme p\u00ebrfshin nj\u00eb struktur\u00eb tebi t\u00eb p\u00ebrshtatur dhe nj\u00eb emblem\u00eb metalike t\u00eb vog\u00ebl t\u00eb mark\u00ebs n\u00ebn jast\u00ebk. E prodhuar nga nj\u00eb p\u00eblhur\u00eb kostumi me tekstur\u00eb dhe plot\u00ebsisht e veshur me astar p\u00ebr nj\u00eb p\u00ebrfundim t\u00eb rafinuar.    <\/p>\n","protected":false},"featured_media":58579,"comment_status":"open","ping_status":"closed","template":"","meta":[],"product_brand":[],"product_cat":[292,306,307],"product_tag":[],"class_list":{"0":"post-58574","1":"product","2":"type-product","3":"status-publish","4":"has-post-thumbnail","6":"product_cat-femra","7":"product_cat-ready-to-wear","8":"product_cat-vjeshte-dimer-25-26","11":"first","12":"onbackorder","13":"taxable","14":"shipping-taxable","15":"purchasable","16":"product-type-variable"},"_links":{"self":[{"href":"https:\/\/musabelliu.com\/sq\/wp-json\/wp\/v2\/product\/58574","targetHints":{"allow":["GET"]}}],"collection":[{"href":"https:\/\/musabelliu.com\/sq\/wp-json\/wp\/v2\/product"}],"about":[{"href":"https:\/\/musabelliu.com\/sq\/wp-json\/wp\/v2\/types\/product"}],"replies":[{"embeddable":true,"href":"https:\/\/musabelliu.com\/sq\/wp-json\/wp\/v2\/comments?post=58574"}],"wp:featuredmedia":[{"embeddable":true,"href":"https:\/\/musabelliu.com\/sq\/wp-json\/wp\/v2\/media\/58579"}],"wp:attachment":[{"href":"https:\/\/musabelliu.com\/sq\/wp-json\/wp\/v2\/media?parent=58574"}],"wp:term":[{"taxonomy":"product_brand","embeddable":true,"href":"https:\/\/musabelliu.com\/sq\/wp-json\/wp\/v2\/product_brand?post=58574"},{"taxonomy":"product_cat","embeddable":true,"href":"https:\/\/musabelliu.com\/sq\/wp-json\/wp\/v2\/product_cat?post=58574"},{"taxonomy":"product_tag","embeddable":true,"href":"https:\/\/musabelliu.com\/sq\/wp-json\/wp\/v2\/product_tag?post=58574"}],"curies":[{"name":"wp","href":"https:\/\/api.w.org\/{rel}","templated":true}]}}