{"id":58568,"date":"2025-11-15T13:46:42","date_gmt":"2025-11-15T13:46:42","guid":{"rendered":"https:\/\/musabelliu.com\/product\/kemishe-me-kopsa\/"},"modified":"2026-03-02T16:44:44","modified_gmt":"2026-03-02T16:44:44","slug":"kemishe-me-kopsa","status":"publish","type":"product","link":"https:\/\/musabelliu.com\/sq\/produkt\/kemishe-me-kopsa\/","title":{"rendered":"K\u00ebmish\u00eb me kopsa"},"content":{"rendered":"<p>K\u00ebmish\u00eb gri e hapur e prer\u00eb sipas mas\u00ebs, me m\u00ebng\u00eb t\u00eb gjata dhe mansheta me kopsa. E dizajnuar me siluet\u00eb t\u00eb konturuar, fund t\u00eb rrumbullakosur dhe mbyllje t\u00eb plot\u00eb me kopsa t\u00eb veshura me cop\u00eb. P\u00ebrfshin jak\u00eb klasike me maj\u00eb, logo t\u00eb q\u00ebndisur n\u00eb xhepin e kraharorit dhe qepje vertikale form\u00ebsuese n\u00eb shpin\u00eb. Prodhuar nga nj\u00eb cop\u00eb e l\u00ebmuar me pesh\u00eb mesatare q\u00eb ruan struktur\u00ebn.   <\/p>\n","protected":false},"excerpt":{"rendered":"<p>K\u00ebmish\u00eb gri e hapur e prer\u00eb sipas mas\u00ebs, me m\u00ebng\u00eb t\u00eb gjata dhe mansheta me kopsa. E dizajnuar me siluet\u00eb t\u00eb konturuar, fund t\u00eb rrumbullakosur dhe mbyllje t\u00eb plot\u00eb me kopsa t\u00eb veshura me cop\u00eb. P\u00ebrfshin jak\u00eb klasike me maj\u00eb, logo t\u00eb q\u00ebndisur n\u00eb xhepin e kraharorit dhe qepje vertikale form\u00ebsuese n\u00eb shpin\u00eb. Prodhuar nga nj\u00eb cop\u00eb e l\u00ebmuar me pesh\u00eb mesatare q\u00eb ruan struktur\u00ebn.   <\/p>\n","protected":false},"featured_media":58571,"comment_status":"open","ping_status":"closed","template":"","meta":[],"product_brand":[],"product_cat":[292,306,307],"product_tag":[],"class_list":{"0":"post-58568","1":"product","2":"type-product","3":"status-publish","4":"has-post-thumbnail","6":"product_cat-femra","7":"product_cat-ready-to-wear","8":"product_cat-vjeshte-dimer-25-26","11":"first","12":"instock","13":"taxable","14":"shipping-taxable","15":"purchasable","16":"product-type-variable"},"_links":{"self":[{"href":"https:\/\/musabelliu.com\/sq\/wp-json\/wp\/v2\/product\/58568","targetHints":{"allow":["GET"]}}],"collection":[{"href":"https:\/\/musabelliu.com\/sq\/wp-json\/wp\/v2\/product"}],"about":[{"href":"https:\/\/musabelliu.com\/sq\/wp-json\/wp\/v2\/types\/product"}],"replies":[{"embeddable":true,"href":"https:\/\/musabelliu.com\/sq\/wp-json\/wp\/v2\/comments?post=58568"}],"wp:featuredmedia":[{"embeddable":true,"href":"https:\/\/musabelliu.com\/sq\/wp-json\/wp\/v2\/media\/58571"}],"wp:attachment":[{"href":"https:\/\/musabelliu.com\/sq\/wp-json\/wp\/v2\/media?parent=58568"}],"wp:term":[{"taxonomy":"product_brand","embeddable":true,"href":"https:\/\/musabelliu.com\/sq\/wp-json\/wp\/v2\/product_brand?post=58568"},{"taxonomy":"product_cat","embeddable":true,"href":"https:\/\/musabelliu.com\/sq\/wp-json\/wp\/v2\/product_cat?post=58568"},{"taxonomy":"product_tag","embeddable":true,"href":"https:\/\/musabelliu.com\/sq\/wp-json\/wp\/v2\/product_tag?post=58568"}],"curies":[{"name":"wp","href":"https:\/\/api.w.org\/{rel}","templated":true}]}}