{"id":58563,"date":"2025-11-13T21:54:45","date_gmt":"2025-11-13T21:54:45","guid":{"rendered":"https:\/\/musabelliu.com\/product\/pantallona-klasike\/"},"modified":"2026-03-02T16:44:45","modified_gmt":"2026-03-02T16:44:45","slug":"pantallona-klasike","status":"publish","type":"product","link":"https:\/\/musabelliu.com\/sq\/produkt\/pantallona-klasike\/","title":{"rendered":"Pantallona klasike"},"content":{"rendered":"<p>Pantallona klasike me prerje t\u00eb drejt\u00eb, t\u00eb punuara nga nj\u00eb p\u00ebrzierje luksoze leshi me tekstur\u00eb t\u00eb l\u00ebmuar dhe shk\u00eblqim delikat. T\u00eb dizajnuara me brez t\u00eb strukturuar dhe mbyllje me nj\u00eb kops\u00eb, ato ofrojn\u00eb nj\u00eb siluet\u00eb elegante, ideale p\u00ebr raste formale ose veshje t\u00eb rafinuara t\u00eb p\u00ebrditshme. <\/p>\n","protected":false},"excerpt":{"rendered":"<p>Pantallona klasike me prerje t\u00eb drejt\u00eb, t\u00eb punuara nga nj\u00eb p\u00ebrzierje luksoze leshi me tekstur\u00eb t\u00eb l\u00ebmuar dhe shk\u00eblqim delikat. T\u00eb dizajnuara me brez t\u00eb strukturuar dhe mbyllje me nj\u00eb kops\u00eb, ato ofrojn\u00eb nj\u00eb siluet\u00eb elegante, ideale p\u00ebr raste formale ose veshje t\u00eb rafinuara t\u00eb p\u00ebrditshme. <\/p>\n","protected":false},"featured_media":58566,"comment_status":"open","ping_status":"closed","template":"","meta":[],"product_brand":[],"product_cat":[317,316,307],"product_tag":[],"class_list":{"0":"post-58563","1":"product","2":"type-product","3":"status-publish","4":"has-post-thumbnail","6":"product_cat-ready-to-wear-2","7":"product_cat-meshkuj","8":"product_cat-vjeshte-dimer-25-26","11":"first","12":"instock","13":"taxable","14":"shipping-taxable","15":"purchasable","16":"product-type-variable"},"_links":{"self":[{"href":"https:\/\/musabelliu.com\/sq\/wp-json\/wp\/v2\/product\/58563","targetHints":{"allow":["GET"]}}],"collection":[{"href":"https:\/\/musabelliu.com\/sq\/wp-json\/wp\/v2\/product"}],"about":[{"href":"https:\/\/musabelliu.com\/sq\/wp-json\/wp\/v2\/types\/product"}],"replies":[{"embeddable":true,"href":"https:\/\/musabelliu.com\/sq\/wp-json\/wp\/v2\/comments?post=58563"}],"wp:featuredmedia":[{"embeddable":true,"href":"https:\/\/musabelliu.com\/sq\/wp-json\/wp\/v2\/media\/58566"}],"wp:attachment":[{"href":"https:\/\/musabelliu.com\/sq\/wp-json\/wp\/v2\/media?parent=58563"}],"wp:term":[{"taxonomy":"product_brand","embeddable":true,"href":"https:\/\/musabelliu.com\/sq\/wp-json\/wp\/v2\/product_brand?post=58563"},{"taxonomy":"product_cat","embeddable":true,"href":"https:\/\/musabelliu.com\/sq\/wp-json\/wp\/v2\/product_cat?post=58563"},{"taxonomy":"product_tag","embeddable":true,"href":"https:\/\/musabelliu.com\/sq\/wp-json\/wp\/v2\/product_tag?post=58563"}],"curies":[{"name":"wp","href":"https:\/\/api.w.org\/{rel}","templated":true}]}}