{"id":58549,"date":"2025-11-15T14:51:09","date_gmt":"2025-11-15T14:51:09","guid":{"rendered":"https:\/\/musabelliu.com\/product\/mini-pallto-e-strukturuar-ulliri\/"},"modified":"2026-03-02T16:44:42","modified_gmt":"2026-03-02T16:44:42","slug":"mini-pallto-e-strukturuar-ulliri","status":"publish","type":"product","link":"https:\/\/musabelliu.com\/sq\/produkt\/mini-pallto-e-strukturuar-ulliri\/","title":{"rendered":"Mini-pallto e strukturuar ulliri"},"content":{"rendered":"<p>Nj\u00eb fustan-pallto skulptural n\u00eb ngjyr\u00eb ulliri, i punuar nga p\u00eblhur\u00eb me tekstur\u00eb t\u00eb brinj\u00ebzuar, me nj\u00eb panel ballor asimetrik dhe m\u00ebng\u00eb t\u00eb gjera e t\u00eb zgjatura. E detajuar me kopsa dekorative ngjyr\u00eb ari me stem\u00eb, t\u00eb vendosura p\u00ebrgjat\u00eb pjes\u00ebs s\u00eb p\u00ebrparme, m\u00ebng\u00ebve dhe panelit t\u00eb posht\u00ebm. E dizajnuar me linja t\u00eb pastra e t\u00eb pand\u00ebrprera dhe pa xhepa t\u00eb duksh\u00ebm, duke theksuar siluet\u00ebn e saj moderne dhe arkitekturore.  <\/p>\n","protected":false},"excerpt":{"rendered":"<p>Nj\u00eb fustan-pallto skulptural n\u00eb ngjyr\u00eb ulliri, i punuar nga p\u00eblhur\u00eb me tekstur\u00eb t\u00eb brinj\u00ebzuar, me nj\u00eb panel ballor asimetrik dhe m\u00ebng\u00eb t\u00eb gjera e t\u00eb zgjatura. E detajuar me kopsa dekorative ngjyr\u00eb ari me stem\u00eb, t\u00eb vendosura p\u00ebrgjat\u00eb pjes\u00ebs s\u00eb p\u00ebrparme, m\u00ebng\u00ebve dhe panelit t\u00eb posht\u00ebm. E dizajnuar me linja t\u00eb pastra e t\u00eb pand\u00ebrprera dhe pa xhepa t\u00eb duksh\u00ebm, duke theksuar siluet\u00ebn e saj moderne dhe arkitekturore.  <\/p>\n","protected":false},"featured_media":58554,"comment_status":"open","ping_status":"closed","template":"","meta":[],"product_brand":[],"product_cat":[292,306,307],"product_tag":[],"class_list":{"0":"post-58549","1":"product","2":"type-product","3":"status-publish","4":"has-post-thumbnail","6":"product_cat-femra","7":"product_cat-ready-to-wear","8":"product_cat-vjeshte-dimer-25-26","11":"first","12":"instock","13":"taxable","14":"shipping-taxable","15":"purchasable","16":"product-type-variable"},"_links":{"self":[{"href":"https:\/\/musabelliu.com\/sq\/wp-json\/wp\/v2\/product\/58549","targetHints":{"allow":["GET"]}}],"collection":[{"href":"https:\/\/musabelliu.com\/sq\/wp-json\/wp\/v2\/product"}],"about":[{"href":"https:\/\/musabelliu.com\/sq\/wp-json\/wp\/v2\/types\/product"}],"replies":[{"embeddable":true,"href":"https:\/\/musabelliu.com\/sq\/wp-json\/wp\/v2\/comments?post=58549"}],"wp:featuredmedia":[{"embeddable":true,"href":"https:\/\/musabelliu.com\/sq\/wp-json\/wp\/v2\/media\/58554"}],"wp:attachment":[{"href":"https:\/\/musabelliu.com\/sq\/wp-json\/wp\/v2\/media?parent=58549"}],"wp:term":[{"taxonomy":"product_brand","embeddable":true,"href":"https:\/\/musabelliu.com\/sq\/wp-json\/wp\/v2\/product_brand?post=58549"},{"taxonomy":"product_cat","embeddable":true,"href":"https:\/\/musabelliu.com\/sq\/wp-json\/wp\/v2\/product_cat?post=58549"},{"taxonomy":"product_tag","embeddable":true,"href":"https:\/\/musabelliu.com\/sq\/wp-json\/wp\/v2\/product_tag?post=58549"}],"curies":[{"name":"wp","href":"https:\/\/api.w.org\/{rel}","templated":true}]}}