{"id":58540,"date":"2025-11-15T14:55:56","date_gmt":"2025-11-15T14:55:56","guid":{"rendered":"https:\/\/musabelliu.com\/product\/pantallona-me-kembe-te-gjera\/"},"modified":"2026-03-02T16:44:41","modified_gmt":"2026-03-02T16:44:41","slug":"pantallona-me-kembe-te-gjera","status":"publish","type":"product","link":"https:\/\/musabelliu.com\/sq\/produkt\/pantallona-me-kembe-te-gjera\/","title":{"rendered":"Pantallona me k\u00ebmb\u00eb t\u00eb gjera"},"content":{"rendered":"<p>Nj\u00eb pal\u00eb pantallona me k\u00ebmb\u00eb t\u00eb gjera in ngjyr\u00eb t\u00eb err\u00ebt, t\u00eb theksuara me qepje t\u00eb dukshme n\u00eb ngjyr\u00eb t\u00eb \u00e7elur p\u00ebr nj\u00eb pamje moderne dhe me stil. Me xhepa t\u00eb m\u00ebdhenj p\u00ebrpara dhe nj\u00eb dizajn t\u00eb ve\u00e7ant\u00eb t\u00eb xhepave t\u00eb pasm\u00eb, k\u00ebto pantallona ofrojn\u00eb nj\u00eb prerje t\u00eb lirshme por t\u00eb rregullt. Fundet jan\u00eb t\u00eb p\u00ebrfunduara me rrethim t\u00eb palosur, duke krijuar nj\u00eb pamje t\u00eb kuruar. T\u00eb punuara nga nj\u00eb p\u00eblhur\u00eb e but\u00eb, k\u00ebto pantallona nd\u00ebrthurin komoditetin me nj\u00eb estetik\u00eb bashk\u00ebkohore, ideale p\u00ebr t&#8217;i shtuar nj\u00eb prekje unike veshjes suaj t\u00eb p\u00ebrditshme.   <\/p>\n","protected":false},"excerpt":{"rendered":"<p>Nj\u00eb pal\u00eb pantallona me k\u00ebmb\u00eb t\u00eb gjera in ngjyr\u00eb t\u00eb err\u00ebt, t\u00eb theksuara me qepje t\u00eb dukshme n\u00eb ngjyr\u00eb t\u00eb \u00e7elur p\u00ebr nj\u00eb pamje moderne dhe me stil. Me xhepa t\u00eb m\u00ebdhenj p\u00ebrpara dhe nj\u00eb dizajn t\u00eb ve\u00e7ant\u00eb t\u00eb xhepave t\u00eb pasm\u00eb, k\u00ebto pantallona ofrojn\u00eb nj\u00eb prerje t\u00eb lirshme por t\u00eb rregullt. Fundet jan\u00eb t\u00eb p\u00ebrfunduara me rrethim t\u00eb palosur, duke krijuar nj\u00eb pamje t\u00eb kuruar. T\u00eb punuara nga nj\u00eb p\u00eblhur\u00eb e but\u00eb, k\u00ebto pantallona nd\u00ebrthurin komoditetin me nj\u00eb estetik\u00eb bashk\u00ebkohore, ideale p\u00ebr t&#8217;i shtuar nj\u00eb prekje unike veshjes suaj t\u00eb p\u00ebrditshme.   <\/p>\n","protected":false},"featured_media":58541,"comment_status":"open","ping_status":"closed","template":"","meta":[],"product_brand":[],"product_cat":[292,306,307],"product_tag":[],"class_list":{"0":"post-58540","1":"product","2":"type-product","3":"status-publish","4":"has-post-thumbnail","6":"product_cat-femra","7":"product_cat-ready-to-wear","8":"product_cat-vjeshte-dimer-25-26","11":"first","12":"instock","13":"taxable","14":"shipping-taxable","15":"purchasable","16":"product-type-variable"},"_links":{"self":[{"href":"https:\/\/musabelliu.com\/sq\/wp-json\/wp\/v2\/product\/58540","targetHints":{"allow":["GET"]}}],"collection":[{"href":"https:\/\/musabelliu.com\/sq\/wp-json\/wp\/v2\/product"}],"about":[{"href":"https:\/\/musabelliu.com\/sq\/wp-json\/wp\/v2\/types\/product"}],"replies":[{"embeddable":true,"href":"https:\/\/musabelliu.com\/sq\/wp-json\/wp\/v2\/comments?post=58540"}],"wp:featuredmedia":[{"embeddable":true,"href":"https:\/\/musabelliu.com\/sq\/wp-json\/wp\/v2\/media\/58541"}],"wp:attachment":[{"href":"https:\/\/musabelliu.com\/sq\/wp-json\/wp\/v2\/media?parent=58540"}],"wp:term":[{"taxonomy":"product_brand","embeddable":true,"href":"https:\/\/musabelliu.com\/sq\/wp-json\/wp\/v2\/product_brand?post=58540"},{"taxonomy":"product_cat","embeddable":true,"href":"https:\/\/musabelliu.com\/sq\/wp-json\/wp\/v2\/product_cat?post=58540"},{"taxonomy":"product_tag","embeddable":true,"href":"https:\/\/musabelliu.com\/sq\/wp-json\/wp\/v2\/product_tag?post=58540"}],"curies":[{"name":"wp","href":"https:\/\/api.w.org\/{rel}","templated":true}]}}