{"id":58534,"date":"2025-11-15T14:04:02","date_gmt":"2025-11-15T14:04:02","guid":{"rendered":"https:\/\/musabelliu.com\/product\/pantallona-me-prerje-te-gjere\/"},"modified":"2026-03-02T16:44:45","modified_gmt":"2026-03-02T16:44:45","slug":"pantallona-me-prerje-te-gjere","status":"publish","type":"product","link":"https:\/\/musabelliu.com\/sq\/produkt\/pantallona-me-prerje-te-gjere\/","title":{"rendered":"Pantallona me prerje t\u00eb gjer\u00eb"},"content":{"rendered":"<p>Pantallona me bel t\u00eb lart\u00eb dhe prerje klasike, t\u00eb punuara nga nj\u00eb material i leht\u00eb me tekstur\u00eb delikate. Dizajnuar me pala p\u00ebrpara, xhepa an\u00ebsor\u00eb dhe nj\u00eb siluet\u00eb t\u00eb past\u00ebr me prerje t\u00eb gjer\u00eb, ato ofrojn\u00eb nj\u00eb r\u00ebnie elegante dhe struktur\u00eb t\u00eb rafinuar. T\u00eb kompletuara me nj\u00eb brez t\u00eb l\u00ebmuar dhe mbyllje me nj\u00eb kops\u00eb p\u00ebr nj\u00eb pamje t\u00eb kuruar dhe t\u00eb sofistikuar.  <\/p>\n","protected":false},"excerpt":{"rendered":"<p>Pantallona me bel t\u00eb lart\u00eb dhe prerje klasike, t\u00eb punuara nga nj\u00eb material i leht\u00eb me tekstur\u00eb delikate. Dizajnuar me pala p\u00ebrpara, xhepa an\u00ebsor\u00eb dhe nj\u00eb siluet\u00eb t\u00eb past\u00ebr me prerje t\u00eb gjer\u00eb, ato ofrojn\u00eb nj\u00eb r\u00ebnie elegante dhe struktur\u00eb t\u00eb rafinuar. T\u00eb kompletuara me nj\u00eb brez t\u00eb l\u00ebmuar dhe mbyllje me nj\u00eb kops\u00eb p\u00ebr nj\u00eb pamje t\u00eb kuruar dhe t\u00eb sofistikuar.  <\/p>\n","protected":false},"featured_media":58538,"comment_status":"open","ping_status":"closed","template":"","meta":[],"product_brand":[],"product_cat":[292,306,307],"product_tag":[],"class_list":{"0":"post-58534","1":"product","2":"type-product","3":"status-publish","4":"has-post-thumbnail","6":"product_cat-femra","7":"product_cat-ready-to-wear","8":"product_cat-vjeshte-dimer-25-26","11":"first","12":"instock","13":"taxable","14":"shipping-taxable","15":"purchasable","16":"product-type-variable"},"_links":{"self":[{"href":"https:\/\/musabelliu.com\/sq\/wp-json\/wp\/v2\/product\/58534","targetHints":{"allow":["GET"]}}],"collection":[{"href":"https:\/\/musabelliu.com\/sq\/wp-json\/wp\/v2\/product"}],"about":[{"href":"https:\/\/musabelliu.com\/sq\/wp-json\/wp\/v2\/types\/product"}],"replies":[{"embeddable":true,"href":"https:\/\/musabelliu.com\/sq\/wp-json\/wp\/v2\/comments?post=58534"}],"wp:featuredmedia":[{"embeddable":true,"href":"https:\/\/musabelliu.com\/sq\/wp-json\/wp\/v2\/media\/58538"}],"wp:attachment":[{"href":"https:\/\/musabelliu.com\/sq\/wp-json\/wp\/v2\/media?parent=58534"}],"wp:term":[{"taxonomy":"product_brand","embeddable":true,"href":"https:\/\/musabelliu.com\/sq\/wp-json\/wp\/v2\/product_brand?post=58534"},{"taxonomy":"product_cat","embeddable":true,"href":"https:\/\/musabelliu.com\/sq\/wp-json\/wp\/v2\/product_cat?post=58534"},{"taxonomy":"product_tag","embeddable":true,"href":"https:\/\/musabelliu.com\/sq\/wp-json\/wp\/v2\/product_tag?post=58534"}],"curies":[{"name":"wp","href":"https:\/\/api.w.org\/{rel}","templated":true}]}}