{"id":58527,"date":"2025-11-15T14:53:15","date_gmt":"2025-11-15T14:53:15","guid":{"rendered":"https:\/\/musabelliu.com\/product\/fustan-midi-prej-kadifeje-me-zbukurime\/"},"modified":"2026-03-02T16:44:41","modified_gmt":"2026-03-02T16:44:41","slug":"fustan-midi-prej-kadifeje-me-zbukurime","status":"publish","type":"product","link":"https:\/\/musabelliu.com\/sq\/produkt\/fustan-midi-prej-kadifeje-me-zbukurime\/","title":{"rendered":"Fustan Midi prej Kadifeje me Zbukurime"},"content":{"rendered":"<p>Ky fustan midi elegant dhe pas trupit \u00ebsht\u00eb punuar nga kadife e pasur n\u00eb ngjyr\u00eb ari t\u00eb qelibart\u00eb me nj\u00eb shk\u00eblqim t\u00eb but\u00eb. Ai ka nj\u00eb dekolte t\u00eb mpreht\u00eb n\u00eb form\u00eb V-je, m\u00ebng\u00eb t\u00eb gjata t\u00eb qepura me sakt\u00ebsi dhe prerje precize q\u00eb theksojn\u00eb siluet\u00ebn. Motive delikate t\u00eb q\u00ebndisura me stil kristali jan\u00eb shp\u00ebrndar\u00eb n\u00eb pjes\u00ebn e p\u00ebrparme p\u00ebr nj\u00eb prekje elegante. Nj\u00eb mbyllje e fshehur prapa plot\u00ebson pamjen e past\u00ebr dhe t\u00eb rafinuar. I p\u00ebrsosur p\u00ebr mbr\u00ebmje apo ngjarje t\u00eb sofistikuara.    <\/p>\n","protected":false},"excerpt":{"rendered":"<p>Ky fustan midi elegant dhe pas trupit \u00ebsht\u00eb punuar nga kadife e pasur n\u00eb ngjyr\u00eb ari t\u00eb qelibart\u00eb me nj\u00eb shk\u00eblqim t\u00eb but\u00eb. Ai ka nj\u00eb dekolte t\u00eb mpreht\u00eb n\u00eb form\u00eb V-je, m\u00ebng\u00eb t\u00eb gjata t\u00eb qepura me sakt\u00ebsi dhe prerje precize q\u00eb theksojn\u00eb siluet\u00ebn. Motive delikate t\u00eb q\u00ebndisura me stil kristali jan\u00eb shp\u00ebrndar\u00eb n\u00eb pjes\u00ebn e p\u00ebrparme p\u00ebr nj\u00eb prekje elegante. Nj\u00eb mbyllje e fshehur prapa plot\u00ebson pamjen e past\u00ebr dhe t\u00eb rafinuar. I p\u00ebrsosur p\u00ebr mbr\u00ebmje apo ngjarje t\u00eb sofistikuara.    <\/p>\n","protected":false},"featured_media":58529,"comment_status":"open","ping_status":"closed","template":"","meta":[],"product_brand":[],"product_cat":[292,306,307],"product_tag":[],"class_list":{"0":"post-58527","1":"product","2":"type-product","3":"status-publish","4":"has-post-thumbnail","6":"product_cat-femra","7":"product_cat-ready-to-wear","8":"product_cat-vjeshte-dimer-25-26","11":"first","12":"instock","13":"taxable","14":"shipping-taxable","15":"purchasable","16":"product-type-variable"},"_links":{"self":[{"href":"https:\/\/musabelliu.com\/sq\/wp-json\/wp\/v2\/product\/58527","targetHints":{"allow":["GET"]}}],"collection":[{"href":"https:\/\/musabelliu.com\/sq\/wp-json\/wp\/v2\/product"}],"about":[{"href":"https:\/\/musabelliu.com\/sq\/wp-json\/wp\/v2\/types\/product"}],"replies":[{"embeddable":true,"href":"https:\/\/musabelliu.com\/sq\/wp-json\/wp\/v2\/comments?post=58527"}],"wp:featuredmedia":[{"embeddable":true,"href":"https:\/\/musabelliu.com\/sq\/wp-json\/wp\/v2\/media\/58529"}],"wp:attachment":[{"href":"https:\/\/musabelliu.com\/sq\/wp-json\/wp\/v2\/media?parent=58527"}],"wp:term":[{"taxonomy":"product_brand","embeddable":true,"href":"https:\/\/musabelliu.com\/sq\/wp-json\/wp\/v2\/product_brand?post=58527"},{"taxonomy":"product_cat","embeddable":true,"href":"https:\/\/musabelliu.com\/sq\/wp-json\/wp\/v2\/product_cat?post=58527"},{"taxonomy":"product_tag","embeddable":true,"href":"https:\/\/musabelliu.com\/sq\/wp-json\/wp\/v2\/product_tag?post=58527"}],"curies":[{"name":"wp","href":"https:\/\/api.w.org\/{rel}","templated":true}]}}