{"id":58520,"date":"2025-11-15T14:49:12","date_gmt":"2025-11-15T14:49:12","guid":{"rendered":"https:\/\/musabelliu.com\/product\/pantallona-gri\/"},"modified":"2026-03-02T16:44:42","modified_gmt":"2026-03-02T16:44:42","slug":"pantallona-gri","status":"publish","type":"product","link":"https:\/\/musabelliu.com\/sq\/produkt\/pantallona-gri\/","title":{"rendered":"Pantallona gri"},"content":{"rendered":"<p>Pantallona elegante me prerje t\u00eb gjer\u00eb, t\u00eb realizuara nga nj\u00eb p\u00eblhur\u00eb e but\u00eb me tekstur\u00eb t\u00eb leht\u00eb. T\u00eb dizajnuara me nj\u00eb pjes\u00eb t\u00eb p\u00ebrparme t\u00eb thjesht\u00eb, bel t\u00eb lart\u00eb dhe mbyllje me kops\u00eb metalike t\u00eb shndritshme. Pjesa e pasme ka nj\u00eb xhep me kapak t\u00eb dekoruar me nj\u00eb logo diskrete me kristale, duke i shtuar nj\u00eb detaj t\u00eb rafinuar siluet\u00ebs klasike.  <\/p>\n","protected":false},"excerpt":{"rendered":"<p>Pantallona elegante me prerje t\u00eb gjer\u00eb, t\u00eb realizuara nga nj\u00eb p\u00eblhur\u00eb e but\u00eb me tekstur\u00eb t\u00eb leht\u00eb. T\u00eb dizajnuara me nj\u00eb pjes\u00eb t\u00eb p\u00ebrparme t\u00eb thjesht\u00eb, bel t\u00eb lart\u00eb dhe mbyllje me kops\u00eb metalike t\u00eb shndritshme. Pjesa e pasme ka nj\u00eb xhep me kapak t\u00eb dekoruar me nj\u00eb logo diskrete me kristale, duke i shtuar nj\u00eb detaj t\u00eb rafinuar siluet\u00ebs klasike.  <\/p>\n","protected":false},"featured_media":58522,"comment_status":"open","ping_status":"closed","template":"","meta":[],"product_brand":[],"product_cat":[292,306,307],"product_tag":[],"class_list":{"0":"post-58520","1":"product","2":"type-product","3":"status-publish","4":"has-post-thumbnail","6":"product_cat-femra","7":"product_cat-ready-to-wear","8":"product_cat-vjeshte-dimer-25-26","11":"first","12":"instock","13":"taxable","14":"shipping-taxable","15":"purchasable","16":"product-type-variable"},"_links":{"self":[{"href":"https:\/\/musabelliu.com\/sq\/wp-json\/wp\/v2\/product\/58520","targetHints":{"allow":["GET"]}}],"collection":[{"href":"https:\/\/musabelliu.com\/sq\/wp-json\/wp\/v2\/product"}],"about":[{"href":"https:\/\/musabelliu.com\/sq\/wp-json\/wp\/v2\/types\/product"}],"replies":[{"embeddable":true,"href":"https:\/\/musabelliu.com\/sq\/wp-json\/wp\/v2\/comments?post=58520"}],"wp:featuredmedia":[{"embeddable":true,"href":"https:\/\/musabelliu.com\/sq\/wp-json\/wp\/v2\/media\/58522"}],"wp:attachment":[{"href":"https:\/\/musabelliu.com\/sq\/wp-json\/wp\/v2\/media?parent=58520"}],"wp:term":[{"taxonomy":"product_brand","embeddable":true,"href":"https:\/\/musabelliu.com\/sq\/wp-json\/wp\/v2\/product_brand?post=58520"},{"taxonomy":"product_cat","embeddable":true,"href":"https:\/\/musabelliu.com\/sq\/wp-json\/wp\/v2\/product_cat?post=58520"},{"taxonomy":"product_tag","embeddable":true,"href":"https:\/\/musabelliu.com\/sq\/wp-json\/wp\/v2\/product_tag?post=58520"}],"curies":[{"name":"wp","href":"https:\/\/api.w.org\/{rel}","templated":true}]}}