{"id":58513,"date":"2025-11-15T16:32:14","date_gmt":"2025-11-15T16:32:14","guid":{"rendered":"https:\/\/musabelliu.com\/product\/pallto-me-kuintim\/"},"modified":"2026-03-02T16:44:42","modified_gmt":"2026-03-02T16:44:42","slug":"pallto-me-kuintim","status":"publish","type":"product","link":"https:\/\/musabelliu.com\/sq\/produkt\/pallto-me-kuintim\/","title":{"rendered":"Pallto me kuintim"},"content":{"rendered":"<p>Kjo pallto elegante maksi me kuintim n\u00eb ngjyr\u00eb t\u00eb zez\u00eb vjen me nj\u00eb jak\u00eb t\u00eb madhe n\u00eb stil shalli dhe nj\u00eb model me qepje rombi p\u00ebr nj\u00eb pamje t\u00eb rafinuar dhe me tekstur\u00eb. E dizajnuar me nj\u00eb siluet\u00eb mb\u00ebshtjell\u00ebse, ajo p\u00ebrfshin nj\u00eb rrip prej p\u00eblhure t\u00eb p\u00ebrshtatsh\u00ebm p\u00ebr t\u00eb theksuar belin dhe form\u00ebn tuaj. Palltoja ofron xhepa praktik\u00eb me kapak p\u00ebrpara dhe m\u00ebng\u00eb voluminoze p\u00ebr m\u00eb shum\u00eb komoditet dhe ngroht\u00ebsi. Dizajni i saj i gjat\u00eb ofron mbulim t\u00eb shk\u00eblqyer, duke e b\u00ebr\u00eb at\u00eb nj\u00eb zgjedhje me stil dhe komode p\u00ebr stin\u00ebt e ftohta. Ideale p\u00ebr t\u00eb lart\u00ebsuar veshjet tuaja t\u00eb p\u00ebrditshme me nj\u00eb prekje sofistikimi.    <\/p>\n","protected":false},"excerpt":{"rendered":"<p>Kjo pallto elegante maksi me kuintim n\u00eb ngjyr\u00eb t\u00eb zez\u00eb vjen me nj\u00eb jak\u00eb t\u00eb madhe n\u00eb stil shalli dhe nj\u00eb model me qepje rombi p\u00ebr nj\u00eb pamje t\u00eb rafinuar dhe me tekstur\u00eb. E dizajnuar me nj\u00eb siluet\u00eb mb\u00ebshtjell\u00ebse, ajo p\u00ebrfshin nj\u00eb rrip prej p\u00eblhure t\u00eb p\u00ebrshtatsh\u00ebm p\u00ebr t\u00eb theksuar belin dhe form\u00ebn tuaj. Palltoja ofron xhepa praktik\u00eb me kapak p\u00ebrpara dhe m\u00ebng\u00eb voluminoze p\u00ebr m\u00eb shum\u00eb komoditet dhe ngroht\u00ebsi. Dizajni i saj i gjat\u00eb ofron mbulim t\u00eb shk\u00eblqyer, duke e b\u00ebr\u00eb at\u00eb nj\u00eb zgjedhje me stil dhe komode p\u00ebr stin\u00ebt e ftohta. Ideale p\u00ebr t\u00eb lart\u00ebsuar veshjet tuaja t\u00eb p\u00ebrditshme me nj\u00eb prekje sofistikimi.    <\/p>\n","protected":false},"featured_media":58514,"comment_status":"open","ping_status":"closed","template":"","meta":[],"product_brand":[],"product_cat":[292,306,307],"product_tag":[],"class_list":{"0":"post-58513","1":"product","2":"type-product","3":"status-publish","4":"has-post-thumbnail","6":"product_cat-femra","7":"product_cat-ready-to-wear","8":"product_cat-vjeshte-dimer-25-26","11":"first","12":"outofstock","13":"taxable","14":"shipping-taxable","15":"purchasable","16":"product-type-variable"},"_links":{"self":[{"href":"https:\/\/musabelliu.com\/sq\/wp-json\/wp\/v2\/product\/58513","targetHints":{"allow":["GET"]}}],"collection":[{"href":"https:\/\/musabelliu.com\/sq\/wp-json\/wp\/v2\/product"}],"about":[{"href":"https:\/\/musabelliu.com\/sq\/wp-json\/wp\/v2\/types\/product"}],"replies":[{"embeddable":true,"href":"https:\/\/musabelliu.com\/sq\/wp-json\/wp\/v2\/comments?post=58513"}],"wp:featuredmedia":[{"embeddable":true,"href":"https:\/\/musabelliu.com\/sq\/wp-json\/wp\/v2\/media\/58514"}],"wp:attachment":[{"href":"https:\/\/musabelliu.com\/sq\/wp-json\/wp\/v2\/media?parent=58513"}],"wp:term":[{"taxonomy":"product_brand","embeddable":true,"href":"https:\/\/musabelliu.com\/sq\/wp-json\/wp\/v2\/product_brand?post=58513"},{"taxonomy":"product_cat","embeddable":true,"href":"https:\/\/musabelliu.com\/sq\/wp-json\/wp\/v2\/product_cat?post=58513"},{"taxonomy":"product_tag","embeddable":true,"href":"https:\/\/musabelliu.com\/sq\/wp-json\/wp\/v2\/product_tag?post=58513"}],"curies":[{"name":"wp","href":"https:\/\/api.w.org\/{rel}","templated":true}]}}