{"id":58508,"date":"2025-11-15T14:46:05","date_gmt":"2025-11-15T14:46:05","guid":{"rendered":"https:\/\/musabelliu.com\/product\/fund-i-zi-i-gjate-me-bel-te-larte\/"},"modified":"2026-03-02T16:44:44","modified_gmt":"2026-03-02T16:44:44","slug":"fund-i-zi-i-gjate-me-bel-te-larte","status":"publish","type":"product","link":"https:\/\/musabelliu.com\/sq\/produkt\/fund-i-zi-i-gjate-me-bel-te-larte\/","title":{"rendered":"Fund i zi i gjat\u00eb me bel t\u00eb lart\u00eb"},"content":{"rendered":"<p>Nj\u00eb fund i zi i gjat\u00eb dhe i rafinuar me siluet\u00eb me bel t\u00eb lart\u00eb, panele asimetrike n\u00eb bel, struktur\u00eb t\u00eb l\u00ebmuar dhe prerje q\u00eb p\u00ebrshtatet pas trupit. Dizajnuar me nj\u00eb t\u00eb \u00e7ar\u00eb prapa p\u00ebr l\u00ebvizje komode dhe i plot\u00ebsuar me nj\u00eb detaj t\u00eb vog\u00ebl logoje n\u00eb ngjyr\u00eb ari n\u00eb bel p\u00ebr nj\u00eb pamje moderne dhe elegante. <\/p>\n","protected":false},"excerpt":{"rendered":"<p>Nj\u00eb fund i zi i gjat\u00eb dhe i rafinuar me siluet\u00eb me bel t\u00eb lart\u00eb, panele asimetrike n\u00eb bel, struktur\u00eb t\u00eb l\u00ebmuar dhe prerje q\u00eb p\u00ebrshtatet pas trupit. Dizajnuar me nj\u00eb t\u00eb \u00e7ar\u00eb prapa p\u00ebr l\u00ebvizje komode dhe i plot\u00ebsuar me nj\u00eb detaj t\u00eb vog\u00ebl logoje n\u00eb ngjyr\u00eb ari n\u00eb bel p\u00ebr nj\u00eb pamje moderne dhe elegante. <\/p>\n","protected":false},"featured_media":58510,"comment_status":"open","ping_status":"closed","template":"","meta":[],"product_brand":[],"product_cat":[292,306,307],"product_tag":[],"class_list":{"0":"post-58508","1":"product","2":"type-product","3":"status-publish","4":"has-post-thumbnail","6":"product_cat-femra","7":"product_cat-ready-to-wear","8":"product_cat-vjeshte-dimer-25-26","11":"first","12":"instock","13":"taxable","14":"shipping-taxable","15":"purchasable","16":"product-type-variable"},"_links":{"self":[{"href":"https:\/\/musabelliu.com\/sq\/wp-json\/wp\/v2\/product\/58508","targetHints":{"allow":["GET"]}}],"collection":[{"href":"https:\/\/musabelliu.com\/sq\/wp-json\/wp\/v2\/product"}],"about":[{"href":"https:\/\/musabelliu.com\/sq\/wp-json\/wp\/v2\/types\/product"}],"replies":[{"embeddable":true,"href":"https:\/\/musabelliu.com\/sq\/wp-json\/wp\/v2\/comments?post=58508"}],"wp:featuredmedia":[{"embeddable":true,"href":"https:\/\/musabelliu.com\/sq\/wp-json\/wp\/v2\/media\/58510"}],"wp:attachment":[{"href":"https:\/\/musabelliu.com\/sq\/wp-json\/wp\/v2\/media?parent=58508"}],"wp:term":[{"taxonomy":"product_brand","embeddable":true,"href":"https:\/\/musabelliu.com\/sq\/wp-json\/wp\/v2\/product_brand?post=58508"},{"taxonomy":"product_cat","embeddable":true,"href":"https:\/\/musabelliu.com\/sq\/wp-json\/wp\/v2\/product_cat?post=58508"},{"taxonomy":"product_tag","embeddable":true,"href":"https:\/\/musabelliu.com\/sq\/wp-json\/wp\/v2\/product_tag?post=58508"}],"curies":[{"name":"wp","href":"https:\/\/api.w.org\/{rel}","templated":true}]}}