{"id":58504,"date":"2025-11-15T15:00:36","date_gmt":"2025-11-15T15:00:36","guid":{"rendered":"https:\/\/musabelliu.com\/product\/shall-me-detaj-xhufkash\/"},"modified":"2026-03-02T16:44:40","modified_gmt":"2026-03-02T16:44:40","slug":"shall-me-detaj-xhufkash","status":"publish","type":"product","link":"https:\/\/musabelliu.com\/sq\/produkt\/shall-me-detaj-xhufkash\/","title":{"rendered":"Shall me detaj xhufkash"},"content":{"rendered":"<p>Nj\u00eb shall elegant n\u00eb ngjyr\u00eb ulliri me thurje t\u00eb brinj\u00ebzuar, i dizajnuar p\u00ebr ngroht\u00ebsi dhe stil. Shalli ka nj\u00eb tekstur\u00eb t\u00eb ve\u00e7ant\u00eb dhe \u00ebsht\u00eb i punuar me detaje elegante xhufkash, t\u00eb plot\u00ebsuara me rruaza metalike n\u00eb ngjyr\u00eb ari n\u00eb skaje. I prodhuar nga nj\u00eb p\u00eblhur\u00eb e but\u00eb, ai ofron komoditet dhe sofistikim p\u00ebr motin e ftoht\u00eb. I p\u00ebrsosur p\u00ebr t&#8217;u kombinuar me \u00e7do veshje t\u00eb thjesht\u00eb ose gjysm\u00eb-formale.   <\/p>\n","protected":false},"excerpt":{"rendered":"<p>Nj\u00eb shall elegant n\u00eb ngjyr\u00eb ulliri me thurje t\u00eb brinj\u00ebzuar, i dizajnuar p\u00ebr ngroht\u00ebsi dhe stil. Shalli ka nj\u00eb tekstur\u00eb t\u00eb ve\u00e7ant\u00eb dhe \u00ebsht\u00eb i punuar me detaje elegante xhufkash, t\u00eb plot\u00ebsuara me rruaza metalike n\u00eb ngjyr\u00eb ari n\u00eb skaje. I prodhuar nga nj\u00eb p\u00eblhur\u00eb e but\u00eb, ai ofron komoditet dhe sofistikim p\u00ebr motin e ftoht\u00eb. I p\u00ebrsosur p\u00ebr t&#8217;u kombinuar me \u00e7do veshje t\u00eb thjesht\u00eb ose gjysm\u00eb-formale.   <\/p>\n","protected":false},"featured_media":58507,"comment_status":"open","ping_status":"closed","template":"","meta":[],"product_brand":[],"product_cat":[309,292,306,307],"product_tag":[],"class_list":{"0":"post-58504","1":"product","2":"type-product","3":"status-publish","4":"has-post-thumbnail","6":"product_cat-aksesore","7":"product_cat-femra","8":"product_cat-ready-to-wear","9":"product_cat-vjeshte-dimer-25-26","12":"first","13":"instock","14":"taxable","15":"shipping-taxable","16":"purchasable","17":"product-type-simple"},"_links":{"self":[{"href":"https:\/\/musabelliu.com\/sq\/wp-json\/wp\/v2\/product\/58504","targetHints":{"allow":["GET"]}}],"collection":[{"href":"https:\/\/musabelliu.com\/sq\/wp-json\/wp\/v2\/product"}],"about":[{"href":"https:\/\/musabelliu.com\/sq\/wp-json\/wp\/v2\/types\/product"}],"replies":[{"embeddable":true,"href":"https:\/\/musabelliu.com\/sq\/wp-json\/wp\/v2\/comments?post=58504"}],"wp:featuredmedia":[{"embeddable":true,"href":"https:\/\/musabelliu.com\/sq\/wp-json\/wp\/v2\/media\/58507"}],"wp:attachment":[{"href":"https:\/\/musabelliu.com\/sq\/wp-json\/wp\/v2\/media?parent=58504"}],"wp:term":[{"taxonomy":"product_brand","embeddable":true,"href":"https:\/\/musabelliu.com\/sq\/wp-json\/wp\/v2\/product_brand?post=58504"},{"taxonomy":"product_cat","embeddable":true,"href":"https:\/\/musabelliu.com\/sq\/wp-json\/wp\/v2\/product_cat?post=58504"},{"taxonomy":"product_tag","embeddable":true,"href":"https:\/\/musabelliu.com\/sq\/wp-json\/wp\/v2\/product_tag?post=58504"}],"curies":[{"name":"wp","href":"https:\/\/api.w.org\/{rel}","templated":true}]}}