{"id":58498,"date":"2025-11-17T17:22:25","date_gmt":"2025-11-17T17:22:25","guid":{"rendered":"https:\/\/musabelliu.com\/product\/fustan-ngjyre-ndryshku\/"},"modified":"2026-03-02T16:44:40","modified_gmt":"2026-03-02T16:44:40","slug":"fustan-ngjyre-ndryshku","status":"publish","type":"product","link":"https:\/\/musabelliu.com\/sq\/produkt\/fustan-ngjyre-ndryshku\/","title":{"rendered":"Fustan ngjyr\u00eb ndryshku"},"content":{"rendered":"<p>Nj\u00eb fustan midi elegant dhe pas trupit n\u00eb nj\u00eb nuanc\u00eb t\u00eb pasur ndryshku, i punuar me cop\u00eb me tekstur\u00eb q\u00eb i shton modernitet. Me m\u00ebng\u00eb t\u00eb gjata dhe jak\u00eb t\u00eb lart\u00eb, dizajni ofron nj\u00eb siluet\u00eb ballore t\u00eb sofistikuar. Pjesa e pasme karakterizohet nga prerje trek\u00ebndore guximtare, duke i dh\u00ebn\u00eb nj\u00eb stil unik dizajnit t\u00eb strukturuar. Zinxhiri diskret n\u00eb shpin\u00eb garanton p\u00ebrshtatje perfekte. Ky fustan nd\u00ebrthur eleganc\u00ebn me detaje guximtare, ideal p\u00ebr t\u00eb r\u00ebn\u00eb n\u00eb sy n\u00eb \u00e7do event.    <\/p>\n","protected":false},"excerpt":{"rendered":"<p>Nj\u00eb fustan midi elegant dhe pas trupit n\u00eb nj\u00eb nuanc\u00eb t\u00eb pasur ndryshku, i punuar me cop\u00eb me tekstur\u00eb q\u00eb i shton modernitet. Me m\u00ebng\u00eb t\u00eb gjata dhe jak\u00eb t\u00eb lart\u00eb, dizajni ofron nj\u00eb siluet\u00eb ballore t\u00eb sofistikuar. Pjesa e pasme karakterizohet nga prerje trek\u00ebndore guximtare, duke i dh\u00ebn\u00eb nj\u00eb stil unik dizajnit t\u00eb strukturuar. Zinxhiri diskret n\u00eb shpin\u00eb garanton p\u00ebrshtatje perfekte. Ky fustan nd\u00ebrthur eleganc\u00ebn me detaje guximtare, ideal p\u00ebr t\u00eb r\u00ebn\u00eb n\u00eb sy n\u00eb \u00e7do event.    <\/p>\n","protected":false},"featured_media":58502,"comment_status":"open","ping_status":"closed","template":"","meta":[],"product_brand":[],"product_cat":[292,306,307],"product_tag":[],"class_list":{"0":"post-58498","1":"product","2":"type-product","3":"status-publish","4":"has-post-thumbnail","6":"product_cat-femra","7":"product_cat-ready-to-wear","8":"product_cat-vjeshte-dimer-25-26","11":"first","12":"instock","13":"taxable","14":"shipping-taxable","15":"purchasable","16":"product-type-variable"},"_links":{"self":[{"href":"https:\/\/musabelliu.com\/sq\/wp-json\/wp\/v2\/product\/58498","targetHints":{"allow":["GET"]}}],"collection":[{"href":"https:\/\/musabelliu.com\/sq\/wp-json\/wp\/v2\/product"}],"about":[{"href":"https:\/\/musabelliu.com\/sq\/wp-json\/wp\/v2\/types\/product"}],"replies":[{"embeddable":true,"href":"https:\/\/musabelliu.com\/sq\/wp-json\/wp\/v2\/comments?post=58498"}],"wp:featuredmedia":[{"embeddable":true,"href":"https:\/\/musabelliu.com\/sq\/wp-json\/wp\/v2\/media\/58502"}],"wp:attachment":[{"href":"https:\/\/musabelliu.com\/sq\/wp-json\/wp\/v2\/media?parent=58498"}],"wp:term":[{"taxonomy":"product_brand","embeddable":true,"href":"https:\/\/musabelliu.com\/sq\/wp-json\/wp\/v2\/product_brand?post=58498"},{"taxonomy":"product_cat","embeddable":true,"href":"https:\/\/musabelliu.com\/sq\/wp-json\/wp\/v2\/product_cat?post=58498"},{"taxonomy":"product_tag","embeddable":true,"href":"https:\/\/musabelliu.com\/sq\/wp-json\/wp\/v2\/product_tag?post=58498"}],"curies":[{"name":"wp","href":"https:\/\/api.w.org\/{rel}","templated":true}]}}