{"id":58493,"date":"2025-11-17T17:24:44","date_gmt":"2025-11-17T17:24:44","guid":{"rendered":"https:\/\/musabelliu.com\/product\/pantallona-me-bel-te-strukturuar\/"},"modified":"2026-03-02T16:44:38","modified_gmt":"2026-03-02T16:44:38","slug":"pantallona-me-bel-te-strukturuar","status":"publish","type":"product","link":"https:\/\/musabelliu.com\/sq\/produkt\/pantallona-me-bel-te-strukturuar\/","title":{"rendered":"Pantallona me bel t\u00eb strukturuar"},"content":{"rendered":"<p>Pantallona klasike ngjyr\u00eb ulliri me brez t\u00eb gjer\u00eb e t\u00eb palosur dhe detaj t\u00eb vog\u00ebl logoje n\u00eb ngjyr\u00eb ari. Dizajnuar me pala p\u00ebrpara dhe siluet\u00eb me k\u00ebmb\u00eb t\u00eb drejta. <\/p>\n","protected":false},"excerpt":{"rendered":"<p>Pantallona klasike ngjyr\u00eb ulliri me brez t\u00eb gjer\u00eb e t\u00eb palosur dhe detaj t\u00eb vog\u00ebl logoje n\u00eb ngjyr\u00eb ari. Dizajnuar me pala p\u00ebrpara dhe siluet\u00eb me k\u00ebmb\u00eb t\u00eb drejta. <\/p>\n","protected":false},"featured_media":58496,"comment_status":"open","ping_status":"closed","template":"","meta":[],"product_brand":[],"product_cat":[317,316,307],"product_tag":[],"class_list":{"0":"post-58493","1":"product","2":"type-product","3":"status-publish","4":"has-post-thumbnail","6":"product_cat-ready-to-wear-2","7":"product_cat-meshkuj","8":"product_cat-vjeshte-dimer-25-26","11":"first","12":"instock","13":"taxable","14":"shipping-taxable","15":"purchasable","16":"product-type-variable"},"_links":{"self":[{"href":"https:\/\/musabelliu.com\/sq\/wp-json\/wp\/v2\/product\/58493","targetHints":{"allow":["GET"]}}],"collection":[{"href":"https:\/\/musabelliu.com\/sq\/wp-json\/wp\/v2\/product"}],"about":[{"href":"https:\/\/musabelliu.com\/sq\/wp-json\/wp\/v2\/types\/product"}],"replies":[{"embeddable":true,"href":"https:\/\/musabelliu.com\/sq\/wp-json\/wp\/v2\/comments?post=58493"}],"wp:featuredmedia":[{"embeddable":true,"href":"https:\/\/musabelliu.com\/sq\/wp-json\/wp\/v2\/media\/58496"}],"wp:attachment":[{"href":"https:\/\/musabelliu.com\/sq\/wp-json\/wp\/v2\/media?parent=58493"}],"wp:term":[{"taxonomy":"product_brand","embeddable":true,"href":"https:\/\/musabelliu.com\/sq\/wp-json\/wp\/v2\/product_brand?post=58493"},{"taxonomy":"product_cat","embeddable":true,"href":"https:\/\/musabelliu.com\/sq\/wp-json\/wp\/v2\/product_cat?post=58493"},{"taxonomy":"product_tag","embeddable":true,"href":"https:\/\/musabelliu.com\/sq\/wp-json\/wp\/v2\/product_tag?post=58493"}],"curies":[{"name":"wp","href":"https:\/\/api.w.org\/{rel}","templated":true}]}}