{"id":58487,"date":"2025-12-11T13:24:46","date_gmt":"2025-12-11T13:24:46","guid":{"rendered":"https:\/\/musabelliu.com\/product\/pantallona-me-bel-te-kryqezuar\/"},"modified":"2026-03-02T16:44:36","modified_gmt":"2026-03-02T16:44:36","slug":"pantallona-me-bel-te-kryqezuar","status":"publish","type":"product","link":"https:\/\/musabelliu.com\/sq\/produkt\/pantallona-me-bel-te-kryqezuar\/","title":{"rendered":"Pantallona me bel t\u00eb kryq\u00ebzuar"},"content":{"rendered":"<p>Pantallona t\u00eb zeza klasike me nj\u00eb brez t\u00eb ve\u00e7ant\u00eb asimetrik t\u00eb kryq\u00ebzuar, q\u00eb mb\u00ebrthehet me nj\u00eb kops\u00eb metalike t\u00eb l\u00ebmuar n\u00eb nj\u00ebr\u00ebn an\u00eb. Projektuar me nj\u00eb siluet\u00eb me k\u00ebmb\u00eb t\u00eb drejta, tegel t\u00eb past\u00ebr p\u00ebrpara dhe nj\u00eb xhep diskret n\u00eb an\u00ebn e djatht\u00eb. Punuar nga nj\u00eb cop\u00eb e l\u00ebmuar dhe e strukturuar p\u00ebr nj\u00eb pamje t\u00eb rafinuar, ato ofrojn\u00eb nj\u00eb detaj modern t\u00eb belit t\u00eb skalitur, duke ruajtur nj\u00eb stil elegant dhe minimalist.  <\/p>\n","protected":false},"excerpt":{"rendered":"<p>Pantallona t\u00eb zeza klasike me nj\u00eb brez t\u00eb ve\u00e7ant\u00eb asimetrik t\u00eb kryq\u00ebzuar, q\u00eb mb\u00ebrthehet me nj\u00eb kops\u00eb metalike t\u00eb l\u00ebmuar n\u00eb nj\u00ebr\u00ebn an\u00eb. Projektuar me nj\u00eb siluet\u00eb me k\u00ebmb\u00eb t\u00eb drejta, tegel t\u00eb past\u00ebr p\u00ebrpara dhe nj\u00eb xhep diskret n\u00eb an\u00ebn e djatht\u00eb. Punuar nga nj\u00eb cop\u00eb e l\u00ebmuar dhe e strukturuar p\u00ebr nj\u00eb pamje t\u00eb rafinuar, ato ofrojn\u00eb nj\u00eb detaj modern t\u00eb belit t\u00eb skalitur, duke ruajtur nj\u00eb stil elegant dhe minimalist.  <\/p>\n","protected":false},"featured_media":58491,"comment_status":"open","ping_status":"closed","template":"","meta":[],"product_brand":[],"product_cat":[292,306,307],"product_tag":[],"class_list":{"0":"post-58487","1":"product","2":"type-product","3":"status-publish","4":"has-post-thumbnail","6":"product_cat-femra","7":"product_cat-ready-to-wear","8":"product_cat-vjeshte-dimer-25-26","11":"first","12":"instock","13":"taxable","14":"shipping-taxable","15":"purchasable","16":"product-type-variable"},"_links":{"self":[{"href":"https:\/\/musabelliu.com\/sq\/wp-json\/wp\/v2\/product\/58487","targetHints":{"allow":["GET"]}}],"collection":[{"href":"https:\/\/musabelliu.com\/sq\/wp-json\/wp\/v2\/product"}],"about":[{"href":"https:\/\/musabelliu.com\/sq\/wp-json\/wp\/v2\/types\/product"}],"replies":[{"embeddable":true,"href":"https:\/\/musabelliu.com\/sq\/wp-json\/wp\/v2\/comments?post=58487"}],"wp:featuredmedia":[{"embeddable":true,"href":"https:\/\/musabelliu.com\/sq\/wp-json\/wp\/v2\/media\/58491"}],"wp:attachment":[{"href":"https:\/\/musabelliu.com\/sq\/wp-json\/wp\/v2\/media?parent=58487"}],"wp:term":[{"taxonomy":"product_brand","embeddable":true,"href":"https:\/\/musabelliu.com\/sq\/wp-json\/wp\/v2\/product_brand?post=58487"},{"taxonomy":"product_cat","embeddable":true,"href":"https:\/\/musabelliu.com\/sq\/wp-json\/wp\/v2\/product_cat?post=58487"},{"taxonomy":"product_tag","embeddable":true,"href":"https:\/\/musabelliu.com\/sq\/wp-json\/wp\/v2\/product_tag?post=58487"}],"curies":[{"name":"wp","href":"https:\/\/api.w.org\/{rel}","templated":true}]}}