{"id":58483,"date":"2025-11-17T17:36:30","date_gmt":"2025-11-17T17:36:30","guid":{"rendered":"https:\/\/musabelliu.com\/product\/pantallona-me-vija-te-holla-dhe-lidhese-ne-ngjyre-ulliri\/"},"modified":"2026-03-02T16:44:37","modified_gmt":"2026-03-02T16:44:37","slug":"pantallona-me-vija-te-holla-dhe-lidhese-ne-ngjyre-ulliri","status":"publish","type":"product","link":"https:\/\/musabelliu.com\/sq\/produkt\/pantallona-me-vija-te-holla-dhe-lidhese-ne-ngjyre-ulliri\/","title":{"rendered":"Pantallona me vija t\u00eb holla dhe lidh\u00ebse n\u00eb ngjyr\u00eb ulliri"},"content":{"rendered":"<p>Pantallona me prerje t\u00eb drejt\u00eb dhe t\u00eb lirshme, t\u00eb punuara nga nj\u00eb material i leht\u00eb me tekstur\u00eb me vija t\u00eb holla ton-mbi-ton. T\u00eb dizajnuara me nj\u00eb brez t\u00eb gjer\u00eb elastik dhe lidh\u00ebse t\u00eb rregullueshme p\u00ebr komoditet, ato kan\u00eb nj\u00eb detaj t\u00eb holl\u00eb metalik t\u00eb logos n\u00eb bel. Nuanca e ullirit dhe tekstura e rafinuar ofrojn\u00eb nj\u00eb pamje moderne dhe t\u00eb gjithanshme, t\u00eb p\u00ebrshtatshme si p\u00ebr stilin e p\u00ebrditsh\u00ebm, ashtu edhe p\u00ebr at\u00eb elegant.  <\/p>\n","protected":false},"excerpt":{"rendered":"<p>Pantallona me prerje t\u00eb drejt\u00eb dhe t\u00eb lirshme, t\u00eb punuara nga nj\u00eb material i leht\u00eb me tekstur\u00eb me vija t\u00eb holla ton-mbi-ton. T\u00eb dizajnuara me nj\u00eb brez t\u00eb gjer\u00eb elastik dhe lidh\u00ebse t\u00eb rregullueshme p\u00ebr komoditet, ato kan\u00eb nj\u00eb detaj t\u00eb holl\u00eb metalik t\u00eb logos n\u00eb bel. Nuanca e ullirit dhe tekstura e rafinuar ofrojn\u00eb nj\u00eb pamje moderne dhe t\u00eb gjithanshme, t\u00eb p\u00ebrshtatshme si p\u00ebr stilin e p\u00ebrditsh\u00ebm, ashtu edhe p\u00ebr at\u00eb elegant.  <\/p>\n","protected":false},"featured_media":58485,"comment_status":"open","ping_status":"closed","template":"","meta":[],"product_brand":[],"product_cat":[317,316,307],"product_tag":[],"class_list":{"0":"post-58483","1":"product","2":"type-product","3":"status-publish","4":"has-post-thumbnail","6":"product_cat-ready-to-wear-2","7":"product_cat-meshkuj","8":"product_cat-vjeshte-dimer-25-26","11":"first","12":"instock","13":"taxable","14":"shipping-taxable","15":"purchasable","16":"product-type-variable"},"_links":{"self":[{"href":"https:\/\/musabelliu.com\/sq\/wp-json\/wp\/v2\/product\/58483","targetHints":{"allow":["GET"]}}],"collection":[{"href":"https:\/\/musabelliu.com\/sq\/wp-json\/wp\/v2\/product"}],"about":[{"href":"https:\/\/musabelliu.com\/sq\/wp-json\/wp\/v2\/types\/product"}],"replies":[{"embeddable":true,"href":"https:\/\/musabelliu.com\/sq\/wp-json\/wp\/v2\/comments?post=58483"}],"wp:featuredmedia":[{"embeddable":true,"href":"https:\/\/musabelliu.com\/sq\/wp-json\/wp\/v2\/media\/58485"}],"wp:attachment":[{"href":"https:\/\/musabelliu.com\/sq\/wp-json\/wp\/v2\/media?parent=58483"}],"wp:term":[{"taxonomy":"product_brand","embeddable":true,"href":"https:\/\/musabelliu.com\/sq\/wp-json\/wp\/v2\/product_brand?post=58483"},{"taxonomy":"product_cat","embeddable":true,"href":"https:\/\/musabelliu.com\/sq\/wp-json\/wp\/v2\/product_cat?post=58483"},{"taxonomy":"product_tag","embeddable":true,"href":"https:\/\/musabelliu.com\/sq\/wp-json\/wp\/v2\/product_tag?post=58483"}],"curies":[{"name":"wp","href":"https:\/\/api.w.org\/{rel}","templated":true}]}}