{"id":58476,"date":"2025-11-18T17:05:57","date_gmt":"2025-11-18T17:05:57","guid":{"rendered":"https:\/\/musabelliu.com\/product\/bluze-me-lidhje-perpara\/"},"modified":"2026-03-02T16:44:41","modified_gmt":"2026-03-02T16:44:41","slug":"bluze-me-lidhje-perpara","status":"publish","type":"product","link":"https:\/\/musabelliu.com\/sq\/produkt\/bluze-me-lidhje-perpara\/","title":{"rendered":"Bluz\u00eb me lidhje p\u00ebrpara"},"content":{"rendered":"<p>Nj\u00eb bluz\u00eb e derdhur n\u00eb nuanc\u00eb ndryshku, e punuar nga p\u00eblhur\u00eb e leht\u00eb me pala t\u00eb im\u00ebta. Projektuar me dekolte t\u00eb hapur n\u00eb form\u00eb V-je dhe lidh\u00ebse t\u00eb gjata p\u00ebrpara, t\u00eb plot\u00ebsuara me pllaka t\u00eb vogla logoje n\u00eb ngjyr\u00eb ari n\u00eb secil\u00ebn an\u00eb. Karakterizohet nga m\u00ebng\u00eb t\u00eb gjata voluminoze q\u00eb mblidhen te ky\u00e7et p\u00ebr nj\u00eb siluet\u00eb t\u00eb but\u00eb e t\u00eb fryr\u00eb. P\u00ebrfundon me nj\u00eb rreze t\u00eb drejt\u00eb dhe r\u00ebnie t\u00eb past\u00ebr e t\u00eb lirshme.   <\/p>\n","protected":false},"excerpt":{"rendered":"<p>Nj\u00eb bluz\u00eb e derdhur n\u00eb nuanc\u00eb ndryshku, e punuar nga p\u00eblhur\u00eb e leht\u00eb me pala t\u00eb im\u00ebta. Projektuar me dekolte t\u00eb hapur n\u00eb form\u00eb V-je dhe lidh\u00ebse t\u00eb gjata p\u00ebrpara, t\u00eb plot\u00ebsuara me pllaka t\u00eb vogla logoje n\u00eb ngjyr\u00eb ari n\u00eb secil\u00ebn an\u00eb. Karakterizohet nga m\u00ebng\u00eb t\u00eb gjata voluminoze q\u00eb mblidhen te ky\u00e7et p\u00ebr nj\u00eb siluet\u00eb t\u00eb but\u00eb e t\u00eb fryr\u00eb. P\u00ebrfundon me nj\u00eb rreze t\u00eb drejt\u00eb dhe r\u00ebnie t\u00eb past\u00ebr e t\u00eb lirshme.   <\/p>\n","protected":false},"featured_media":58481,"comment_status":"open","ping_status":"closed","template":"","meta":[],"product_brand":[],"product_cat":[292,306,307],"product_tag":[],"class_list":{"0":"post-58476","1":"product","2":"type-product","3":"status-publish","4":"has-post-thumbnail","6":"product_cat-femra","7":"product_cat-ready-to-wear","8":"product_cat-vjeshte-dimer-25-26","11":"first","12":"instock","13":"taxable","14":"shipping-taxable","15":"purchasable","16":"product-type-variable"},"_links":{"self":[{"href":"https:\/\/musabelliu.com\/sq\/wp-json\/wp\/v2\/product\/58476","targetHints":{"allow":["GET"]}}],"collection":[{"href":"https:\/\/musabelliu.com\/sq\/wp-json\/wp\/v2\/product"}],"about":[{"href":"https:\/\/musabelliu.com\/sq\/wp-json\/wp\/v2\/types\/product"}],"replies":[{"embeddable":true,"href":"https:\/\/musabelliu.com\/sq\/wp-json\/wp\/v2\/comments?post=58476"}],"wp:featuredmedia":[{"embeddable":true,"href":"https:\/\/musabelliu.com\/sq\/wp-json\/wp\/v2\/media\/58481"}],"wp:attachment":[{"href":"https:\/\/musabelliu.com\/sq\/wp-json\/wp\/v2\/media?parent=58476"}],"wp:term":[{"taxonomy":"product_brand","embeddable":true,"href":"https:\/\/musabelliu.com\/sq\/wp-json\/wp\/v2\/product_brand?post=58476"},{"taxonomy":"product_cat","embeddable":true,"href":"https:\/\/musabelliu.com\/sq\/wp-json\/wp\/v2\/product_cat?post=58476"},{"taxonomy":"product_tag","embeddable":true,"href":"https:\/\/musabelliu.com\/sq\/wp-json\/wp\/v2\/product_tag?post=58476"}],"curies":[{"name":"wp","href":"https:\/\/api.w.org\/{rel}","templated":true}]}}