{"id":58470,"date":"2025-11-17T17:27:36","date_gmt":"2025-11-17T17:27:36","guid":{"rendered":"https:\/\/musabelliu.com\/product\/kardigan-i-shkurter\/"},"modified":"2026-03-02T17:08:09","modified_gmt":"2026-03-02T17:08:09","slug":"kardigan-i-shkurter","status":"publish","type":"product","link":"https:\/\/musabelliu.com\/sq\/produkt\/kardigan-i-shkurter\/","title":{"rendered":"Kardigan i shkurt\u00ebr"},"content":{"rendered":"<p>Nj\u00eb kardigan i shkurt\u00ebr prej trikoti t\u00eb but\u00eb me vija, me dekolte n\u00eb form\u00eb V-je dhe mbyllje me kopsa p\u00ebrpara. Me nj\u00eb prerje oversized dhe m\u00ebng\u00eb t\u00eb gjata, ky model nd\u00ebrthur nuancat neutrale bezh\u00eb dhe krem p\u00ebr nj\u00eb dizajn modern dhe t\u00eb gjithansh\u00ebm. <\/p>\n","protected":false},"excerpt":{"rendered":"<p>Nj\u00eb kardigan i shkurt\u00ebr prej trikoti t\u00eb but\u00eb me vija, me dekolte n\u00eb form\u00eb V-je dhe mbyllje me kopsa p\u00ebrpara. Me nj\u00eb prerje oversized dhe m\u00ebng\u00eb t\u00eb gjata, ky model nd\u00ebrthur nuancat neutrale bezh\u00eb dhe krem p\u00ebr nj\u00eb dizajn modern dhe t\u00eb gjithansh\u00ebm. <\/p>\n","protected":false},"featured_media":58474,"comment_status":"open","ping_status":"closed","template":"","meta":[],"product_brand":[],"product_cat":[317,316,307],"product_tag":[],"class_list":{"0":"post-58470","1":"product","2":"type-product","3":"status-publish","4":"has-post-thumbnail","6":"product_cat-ready-to-wear-2","7":"product_cat-meshkuj","8":"product_cat-vjeshte-dimer-25-26","11":"first","12":"instock","13":"taxable","14":"shipping-taxable","15":"purchasable","16":"product-type-variable"},"_links":{"self":[{"href":"https:\/\/musabelliu.com\/sq\/wp-json\/wp\/v2\/product\/58470","targetHints":{"allow":["GET"]}}],"collection":[{"href":"https:\/\/musabelliu.com\/sq\/wp-json\/wp\/v2\/product"}],"about":[{"href":"https:\/\/musabelliu.com\/sq\/wp-json\/wp\/v2\/types\/product"}],"replies":[{"embeddable":true,"href":"https:\/\/musabelliu.com\/sq\/wp-json\/wp\/v2\/comments?post=58470"}],"wp:featuredmedia":[{"embeddable":true,"href":"https:\/\/musabelliu.com\/sq\/wp-json\/wp\/v2\/media\/58474"}],"wp:attachment":[{"href":"https:\/\/musabelliu.com\/sq\/wp-json\/wp\/v2\/media?parent=58470"}],"wp:term":[{"taxonomy":"product_brand","embeddable":true,"href":"https:\/\/musabelliu.com\/sq\/wp-json\/wp\/v2\/product_brand?post=58470"},{"taxonomy":"product_cat","embeddable":true,"href":"https:\/\/musabelliu.com\/sq\/wp-json\/wp\/v2\/product_cat?post=58470"},{"taxonomy":"product_tag","embeddable":true,"href":"https:\/\/musabelliu.com\/sq\/wp-json\/wp\/v2\/product_tag?post=58470"}],"curies":[{"name":"wp","href":"https:\/\/api.w.org\/{rel}","templated":true}]}}