{"id":58464,"date":"2025-12-11T13:26:51","date_gmt":"2025-12-11T13:26:51","guid":{"rendered":"https:\/\/musabelliu.com\/product\/bluze-me-menge-te-gjata\/"},"modified":"2026-03-02T16:44:38","modified_gmt":"2026-03-02T16:44:38","slug":"bluze-me-menge-te-gjata","status":"publish","type":"product","link":"https:\/\/musabelliu.com\/sq\/produkt\/bluze-me-menge-te-gjata\/","title":{"rendered":"Bluz\u00eb me m\u00ebng\u00eb t\u00eb gjata"},"content":{"rendered":"<p>Nj\u00eb bluz\u00eb elegante me m\u00ebng\u00eb t\u00eb gjata, e punuar nga nj\u00eb p\u00eblhur\u00eb e leht\u00eb ngjyr\u00eb kremi me tekstur\u00eb delikate. Ajo karakterizohet nga nj\u00eb jak\u00eb e lart\u00eb gjysm\u00eb-golf, m\u00ebng\u00eb me volum t\u00eb but\u00eb me mansheta t\u00eb mbledhura dhe nj\u00eb prerje diagonale mbres\u00ebl\u00ebn\u00ebse n\u00eb pjes\u00ebn e p\u00ebrparme, e plot\u00ebsuar me nj\u00eb panel rrjete t\u00eb tejduksh\u00ebm. E dizajnuar me nj\u00eb siluet\u00eb t\u00eb past\u00ebr dhe t\u00eb strukturuar, ajo ofron nj\u00eb pamje moderne dhe minimaliste.  <\/p>\n","protected":false},"excerpt":{"rendered":"<p>Nj\u00eb bluz\u00eb elegante me m\u00ebng\u00eb t\u00eb gjata, e punuar nga nj\u00eb p\u00eblhur\u00eb e leht\u00eb ngjyr\u00eb kremi me tekstur\u00eb delikate. Ajo karakterizohet nga nj\u00eb jak\u00eb e lart\u00eb gjysm\u00eb-golf, m\u00ebng\u00eb me volum t\u00eb but\u00eb me mansheta t\u00eb mbledhura dhe nj\u00eb prerje diagonale mbres\u00ebl\u00ebn\u00ebse n\u00eb pjes\u00ebn e p\u00ebrparme, e plot\u00ebsuar me nj\u00eb panel rrjete t\u00eb tejduksh\u00ebm. E dizajnuar me nj\u00eb siluet\u00eb t\u00eb past\u00ebr dhe t\u00eb strukturuar, ajo ofron nj\u00eb pamje moderne dhe minimaliste.  <\/p>\n","protected":false},"featured_media":58468,"comment_status":"open","ping_status":"closed","template":"","meta":[],"product_brand":[],"product_cat":[292,306,307],"product_tag":[],"class_list":{"0":"post-58464","1":"product","2":"type-product","3":"status-publish","4":"has-post-thumbnail","6":"product_cat-femra","7":"product_cat-ready-to-wear","8":"product_cat-vjeshte-dimer-25-26","11":"first","12":"instock","13":"taxable","14":"shipping-taxable","15":"purchasable","16":"product-type-variable"},"_links":{"self":[{"href":"https:\/\/musabelliu.com\/sq\/wp-json\/wp\/v2\/product\/58464","targetHints":{"allow":["GET"]}}],"collection":[{"href":"https:\/\/musabelliu.com\/sq\/wp-json\/wp\/v2\/product"}],"about":[{"href":"https:\/\/musabelliu.com\/sq\/wp-json\/wp\/v2\/types\/product"}],"replies":[{"embeddable":true,"href":"https:\/\/musabelliu.com\/sq\/wp-json\/wp\/v2\/comments?post=58464"}],"wp:featuredmedia":[{"embeddable":true,"href":"https:\/\/musabelliu.com\/sq\/wp-json\/wp\/v2\/media\/58468"}],"wp:attachment":[{"href":"https:\/\/musabelliu.com\/sq\/wp-json\/wp\/v2\/media?parent=58464"}],"wp:term":[{"taxonomy":"product_brand","embeddable":true,"href":"https:\/\/musabelliu.com\/sq\/wp-json\/wp\/v2\/product_brand?post=58464"},{"taxonomy":"product_cat","embeddable":true,"href":"https:\/\/musabelliu.com\/sq\/wp-json\/wp\/v2\/product_cat?post=58464"},{"taxonomy":"product_tag","embeddable":true,"href":"https:\/\/musabelliu.com\/sq\/wp-json\/wp\/v2\/product_tag?post=58464"}],"curies":[{"name":"wp","href":"https:\/\/api.w.org\/{rel}","templated":true}]}}