{"id":58456,"date":"2025-12-11T13:22:06","date_gmt":"2025-12-11T13:22:06","guid":{"rendered":"https:\/\/musabelliu.com\/product\/bluze-me-jake-te-derdhur\/"},"modified":"2026-03-02T16:44:37","modified_gmt":"2026-03-02T16:44:37","slug":"bluze-me-jake-te-derdhur","status":"publish","type":"product","link":"https:\/\/musabelliu.com\/sq\/produkt\/bluze-me-jake-te-derdhur\/","title":{"rendered":"Bluz\u00eb me jak\u00eb t\u00eb derdhur"},"content":{"rendered":"<p>Nj\u00eb bluz\u00eb e ngusht\u00eb me m\u00ebng\u00eb t\u00eb gjata, e punuar nga nj\u00eb thurje e im\u00ebt dhe gjysm\u00eb transparente n\u00eb nuanc\u00eb fildishi t\u00eb but\u00eb. Ajo ka nj\u00eb jak\u00eb t\u00eb derdhur dhe nj\u00eb panel t\u00eb l\u00ebmuar e t\u00eb harkuar q\u00eb krijon nj\u00eb efekt mb\u00ebshtjell\u00ebs delikat n\u00eb kraharor. E kompletuar me nj\u00eb logo t\u00eb vog\u00ebl n\u00eb ngjyr\u00eb ari n\u00eb pjes\u00ebn e p\u00ebrparme, kjo veshje nd\u00ebrthur transparenc\u00ebn delikate me shtres\u00ebzimin e past\u00ebr e modern p\u00ebr nj\u00eb pamje elegante dhe t\u00eb rafinuar.  <\/p>\n","protected":false},"excerpt":{"rendered":"<p>Nj\u00eb bluz\u00eb e ngusht\u00eb me m\u00ebng\u00eb t\u00eb gjata, e punuar nga nj\u00eb thurje e im\u00ebt dhe gjysm\u00eb transparente n\u00eb nuanc\u00eb fildishi t\u00eb but\u00eb. Ajo ka nj\u00eb jak\u00eb t\u00eb derdhur dhe nj\u00eb panel t\u00eb l\u00ebmuar e t\u00eb harkuar q\u00eb krijon nj\u00eb efekt mb\u00ebshtjell\u00ebs delikat n\u00eb kraharor. E kompletuar me nj\u00eb logo t\u00eb vog\u00ebl n\u00eb ngjyr\u00eb ari n\u00eb pjes\u00ebn e p\u00ebrparme, kjo veshje nd\u00ebrthur transparenc\u00ebn delikate me shtres\u00ebzimin e past\u00ebr e modern p\u00ebr nj\u00eb pamje elegante dhe t\u00eb rafinuar.  <\/p>\n","protected":false},"featured_media":58458,"comment_status":"open","ping_status":"closed","template":"","meta":[],"product_brand":[],"product_cat":[292,306,307],"product_tag":[],"class_list":{"0":"post-58456","1":"product","2":"type-product","3":"status-publish","4":"has-post-thumbnail","6":"product_cat-femra","7":"product_cat-ready-to-wear","8":"product_cat-vjeshte-dimer-25-26","11":"first","12":"instock","13":"taxable","14":"shipping-taxable","15":"purchasable","16":"product-type-variable"},"_links":{"self":[{"href":"https:\/\/musabelliu.com\/sq\/wp-json\/wp\/v2\/product\/58456","targetHints":{"allow":["GET"]}}],"collection":[{"href":"https:\/\/musabelliu.com\/sq\/wp-json\/wp\/v2\/product"}],"about":[{"href":"https:\/\/musabelliu.com\/sq\/wp-json\/wp\/v2\/types\/product"}],"replies":[{"embeddable":true,"href":"https:\/\/musabelliu.com\/sq\/wp-json\/wp\/v2\/comments?post=58456"}],"wp:featuredmedia":[{"embeddable":true,"href":"https:\/\/musabelliu.com\/sq\/wp-json\/wp\/v2\/media\/58458"}],"wp:attachment":[{"href":"https:\/\/musabelliu.com\/sq\/wp-json\/wp\/v2\/media?parent=58456"}],"wp:term":[{"taxonomy":"product_brand","embeddable":true,"href":"https:\/\/musabelliu.com\/sq\/wp-json\/wp\/v2\/product_brand?post=58456"},{"taxonomy":"product_cat","embeddable":true,"href":"https:\/\/musabelliu.com\/sq\/wp-json\/wp\/v2\/product_cat?post=58456"},{"taxonomy":"product_tag","embeddable":true,"href":"https:\/\/musabelliu.com\/sq\/wp-json\/wp\/v2\/product_tag?post=58456"}],"curies":[{"name":"wp","href":"https:\/\/api.w.org\/{rel}","templated":true}]}}