{"id":58449,"date":"2025-12-11T13:18:15","date_gmt":"2025-12-11T13:18:15","guid":{"rendered":"https:\/\/musabelliu.com\/product\/blazer-i-zi\/"},"modified":"2026-03-02T16:44:37","modified_gmt":"2026-03-02T16:44:37","slug":"blazer-i-zi","status":"publish","type":"product","link":"https:\/\/musabelliu.com\/sq\/produkt\/blazer-i-zi\/","title":{"rendered":"Blazer i zi"},"content":{"rendered":"<p>Nj\u00eb blazer i rafinuar me nj\u00eb rresht kopsash, i punuar nga p\u00eblhur\u00eb e strukturuar. I dizajnuar me jaka t\u00eb mprehta dhe dy xhepa me kapak p\u00ebrpara. Pjesa e pasme ka nj\u00eb t\u00eb \u00e7ar\u00eb qendrore dhe nj\u00eb logo t\u00eb vendosur n\u00ebn vij\u00ebn e qaf\u00ebs, duke shtuar nj\u00eb detaj diskret identifikues. I kompletuar me nj\u00eb mbyllje t\u00eb past\u00ebr me dy kopsa p\u00ebr nj\u00eb siluet\u00eb moderne dhe t\u00eb kuruar.   <\/p>\n","protected":false},"excerpt":{"rendered":"<p>Nj\u00eb blazer i rafinuar me nj\u00eb rresht kopsash, i punuar nga p\u00eblhur\u00eb e strukturuar. I dizajnuar me jaka t\u00eb mprehta dhe dy xhepa me kapak p\u00ebrpara. Pjesa e pasme ka nj\u00eb t\u00eb \u00e7ar\u00eb qendrore dhe nj\u00eb logo t\u00eb vendosur n\u00ebn vij\u00ebn e qaf\u00ebs, duke shtuar nj\u00eb detaj diskret identifikues. I kompletuar me nj\u00eb mbyllje t\u00eb past\u00ebr me dy kopsa p\u00ebr nj\u00eb siluet\u00eb moderne dhe t\u00eb kuruar.   <\/p>\n","protected":false},"featured_media":58454,"comment_status":"open","ping_status":"closed","template":"","meta":[],"product_brand":[],"product_cat":[292,306,307],"product_tag":[],"class_list":{"0":"post-58449","1":"product","2":"type-product","3":"status-publish","4":"has-post-thumbnail","6":"product_cat-femra","7":"product_cat-ready-to-wear","8":"product_cat-vjeshte-dimer-25-26","11":"first","12":"instock","13":"taxable","14":"shipping-taxable","15":"purchasable","16":"product-type-variable"},"_links":{"self":[{"href":"https:\/\/musabelliu.com\/sq\/wp-json\/wp\/v2\/product\/58449","targetHints":{"allow":["GET"]}}],"collection":[{"href":"https:\/\/musabelliu.com\/sq\/wp-json\/wp\/v2\/product"}],"about":[{"href":"https:\/\/musabelliu.com\/sq\/wp-json\/wp\/v2\/types\/product"}],"replies":[{"embeddable":true,"href":"https:\/\/musabelliu.com\/sq\/wp-json\/wp\/v2\/comments?post=58449"}],"wp:featuredmedia":[{"embeddable":true,"href":"https:\/\/musabelliu.com\/sq\/wp-json\/wp\/v2\/media\/58454"}],"wp:attachment":[{"href":"https:\/\/musabelliu.com\/sq\/wp-json\/wp\/v2\/media?parent=58449"}],"wp:term":[{"taxonomy":"product_brand","embeddable":true,"href":"https:\/\/musabelliu.com\/sq\/wp-json\/wp\/v2\/product_brand?post=58449"},{"taxonomy":"product_cat","embeddable":true,"href":"https:\/\/musabelliu.com\/sq\/wp-json\/wp\/v2\/product_cat?post=58449"},{"taxonomy":"product_tag","embeddable":true,"href":"https:\/\/musabelliu.com\/sq\/wp-json\/wp\/v2\/product_tag?post=58449"}],"curies":[{"name":"wp","href":"https:\/\/api.w.org\/{rel}","templated":true}]}}