{"id":58441,"date":"2025-12-11T13:30:25","date_gmt":"2025-12-11T13:30:25","guid":{"rendered":"https:\/\/musabelliu.com\/product\/pallto-leshi-me-prerje-te-gjere\/"},"modified":"2026-03-02T16:44:37","modified_gmt":"2026-03-02T16:44:37","slug":"pallto-leshi-me-prerje-te-gjere","status":"publish","type":"product","link":"https:\/\/musabelliu.com\/sq\/produkt\/pallto-leshi-me-prerje-te-gjere\/","title":{"rendered":"Pallto leshi me prerje t\u00eb gjer\u00eb"},"content":{"rendered":"<p>Pallto voluminoze me gjat\u00ebsi mesatare, e punuar nga lesh i dendur dhe i but\u00eb n\u00eb ton gri t\u00eb err\u00ebt karboni. E projektuar me nj\u00eb siluet\u00eb t\u00eb lirshme me prerje t\u00eb gjer\u00eb, me m\u00ebng\u00eb raglan, xhepa ballor\u00eb t\u00eb pjerr\u00ebt dhe rripa t\u00eb rregulluesh\u00ebm n\u00eb m\u00ebng\u00eb. Palltoja mbyllet me nj\u00eb shirit t\u00eb fshehur butonash, i theksuar nga nj\u00eb buton i vet\u00ebm i sip\u00ebrm n\u00eb ngjyr\u00eb maxhenta t\u00eb ndezur, i shoq\u00ebruar nga butona t\u00eb ngjash\u00ebm maxhenta n\u00eb rripat e m\u00ebng\u00ebve dhe p\u00ebrgjat\u00eb t\u00eb \u00e7ar\u00ebs s\u00eb pasme. Jaka e strukturuar dhe pala e gjat\u00eb e kthyer mbrapsht n\u00eb shpin\u00eb theksojn\u00eb l\u00ebvizjen dhe form\u00ebn, duke i dh\u00ebn\u00eb veshjes nj\u00eb profil skulpturor dhe modern.   <\/p>\n","protected":false},"excerpt":{"rendered":"<p>Pallto voluminoze me gjat\u00ebsi mesatare, e punuar nga lesh i dendur dhe i but\u00eb n\u00eb ton gri t\u00eb err\u00ebt karboni. E projektuar me nj\u00eb siluet\u00eb t\u00eb lirshme me prerje t\u00eb gjer\u00eb, me m\u00ebng\u00eb raglan, xhepa ballor\u00eb t\u00eb pjerr\u00ebt dhe rripa t\u00eb rregulluesh\u00ebm n\u00eb m\u00ebng\u00eb. Palltoja mbyllet me nj\u00eb shirit t\u00eb fshehur butonash, i theksuar nga nj\u00eb buton i vet\u00ebm i sip\u00ebrm n\u00eb ngjyr\u00eb maxhenta t\u00eb ndezur, i shoq\u00ebruar nga butona t\u00eb ngjash\u00ebm maxhenta n\u00eb rripat e m\u00ebng\u00ebve dhe p\u00ebrgjat\u00eb t\u00eb \u00e7ar\u00ebs s\u00eb pasme. Jaka e strukturuar dhe pala e gjat\u00eb e kthyer mbrapsht n\u00eb shpin\u00eb theksojn\u00eb l\u00ebvizjen dhe form\u00ebn, duke i dh\u00ebn\u00eb veshjes nj\u00eb profil skulpturor dhe modern.   <\/p>\n","protected":false},"featured_media":58447,"comment_status":"open","ping_status":"closed","template":"","meta":[],"product_brand":[],"product_cat":[292,306,307],"product_tag":[],"class_list":{"0":"post-58441","1":"product","2":"type-product","3":"status-publish","4":"has-post-thumbnail","6":"product_cat-femra","7":"product_cat-ready-to-wear","8":"product_cat-vjeshte-dimer-25-26","11":"first","12":"instock","13":"taxable","14":"shipping-taxable","15":"purchasable","16":"product-type-variable"},"_links":{"self":[{"href":"https:\/\/musabelliu.com\/sq\/wp-json\/wp\/v2\/product\/58441","targetHints":{"allow":["GET"]}}],"collection":[{"href":"https:\/\/musabelliu.com\/sq\/wp-json\/wp\/v2\/product"}],"about":[{"href":"https:\/\/musabelliu.com\/sq\/wp-json\/wp\/v2\/types\/product"}],"replies":[{"embeddable":true,"href":"https:\/\/musabelliu.com\/sq\/wp-json\/wp\/v2\/comments?post=58441"}],"wp:featuredmedia":[{"embeddable":true,"href":"https:\/\/musabelliu.com\/sq\/wp-json\/wp\/v2\/media\/58447"}],"wp:attachment":[{"href":"https:\/\/musabelliu.com\/sq\/wp-json\/wp\/v2\/media?parent=58441"}],"wp:term":[{"taxonomy":"product_brand","embeddable":true,"href":"https:\/\/musabelliu.com\/sq\/wp-json\/wp\/v2\/product_brand?post=58441"},{"taxonomy":"product_cat","embeddable":true,"href":"https:\/\/musabelliu.com\/sq\/wp-json\/wp\/v2\/product_cat?post=58441"},{"taxonomy":"product_tag","embeddable":true,"href":"https:\/\/musabelliu.com\/sq\/wp-json\/wp\/v2\/product_tag?post=58441"}],"curies":[{"name":"wp","href":"https:\/\/api.w.org\/{rel}","templated":true}]}}