{"id":58426,"date":"2025-05-29T15:20:38","date_gmt":"2025-05-29T15:20:38","guid":{"rendered":"https:\/\/musabelliu.com\/product\/fundi-sahar\/"},"modified":"2026-03-02T17:10:41","modified_gmt":"2026-03-02T17:10:41","slug":"fundi-sahar","status":"publish","type":"product","link":"https:\/\/musabelliu.com\/sq\/produkt\/fundi-sahar\/","title":{"rendered":"Fundi Sahar"},"content":{"rendered":"<p>Ky \u00ebsht\u00eb nj\u00eb fund dantelle me prerje t\u00eb drejt\u00eb, i veshur plot\u00ebsisht dhe me mbyllje me zinxhir prapa. Ka prerje t\u00eb ngusht\u00eb dhe siluet\u00eb me gjat\u00ebsi deri n\u00eb dysheme. P\u00eblhura e dantell\u00ebs ka motiv floral. Fundi ka bel mesatar deri t\u00eb lart\u00eb; n\u00eb an\u00ebn e majt\u00eb t\u00eb rripit t\u00eb belit ndodhet nj\u00eb logo e vog\u00ebl metalike.   <\/p>\n","protected":false},"excerpt":{"rendered":"<p>Ky \u00ebsht\u00eb nj\u00eb fund dantelle me prerje t\u00eb drejt\u00eb, i veshur plot\u00ebsisht dhe me mbyllje me zinxhir prapa. Ka prerje t\u00eb ngusht\u00eb dhe siluet\u00eb me gjat\u00ebsi deri n\u00eb dysheme. P\u00eblhura e dantell\u00ebs ka motiv floral. Fundi ka bel mesatar deri t\u00eb lart\u00eb; n\u00eb an\u00ebn e majt\u00eb t\u00eb rripit t\u00eb belit ndodhet nj\u00eb logo e vog\u00ebl metalike.   <\/p>\n","protected":false},"featured_media":58432,"comment_status":"open","ping_status":"closed","template":"","meta":[],"product_brand":[],"product_cat":[292,305],"product_tag":[],"class_list":{"0":"post-58426","1":"product","2":"type-product","3":"status-publish","4":"has-post-thumbnail","6":"product_cat-femra","7":"product_cat-koleksioni-i-veres","10":"first","11":"instock","12":"taxable","13":"shipping-taxable","14":"purchasable","15":"product-type-variable"},"_links":{"self":[{"href":"https:\/\/musabelliu.com\/sq\/wp-json\/wp\/v2\/product\/58426","targetHints":{"allow":["GET"]}}],"collection":[{"href":"https:\/\/musabelliu.com\/sq\/wp-json\/wp\/v2\/product"}],"about":[{"href":"https:\/\/musabelliu.com\/sq\/wp-json\/wp\/v2\/types\/product"}],"replies":[{"embeddable":true,"href":"https:\/\/musabelliu.com\/sq\/wp-json\/wp\/v2\/comments?post=58426"}],"wp:featuredmedia":[{"embeddable":true,"href":"https:\/\/musabelliu.com\/sq\/wp-json\/wp\/v2\/media\/58432"}],"wp:attachment":[{"href":"https:\/\/musabelliu.com\/sq\/wp-json\/wp\/v2\/media?parent=58426"}],"wp:term":[{"taxonomy":"product_brand","embeddable":true,"href":"https:\/\/musabelliu.com\/sq\/wp-json\/wp\/v2\/product_brand?post=58426"},{"taxonomy":"product_cat","embeddable":true,"href":"https:\/\/musabelliu.com\/sq\/wp-json\/wp\/v2\/product_cat?post=58426"},{"taxonomy":"product_tag","embeddable":true,"href":"https:\/\/musabelliu.com\/sq\/wp-json\/wp\/v2\/product_tag?post=58426"}],"curies":[{"name":"wp","href":"https:\/\/api.w.org\/{rel}","templated":true}]}}